{"id":1672,"date":"2025-11-24T13:59:41","date_gmt":"2025-11-24T12:59:41","guid":{"rendered":"https:\/\/staging.de-rigo.we-dev.it\/valores-y-vision\/"},"modified":"2026-01-27T13:11:49","modified_gmt":"2026-01-27T12:11:49","slug":"valores-y-vision","status":"publish","type":"page","link":"https:\/\/staging.de-rigo.we-dev.it\/es\/valores-y-vision\/","title":{"rendered":"Valores y visi\u00f3n"},"content":{"rendered":"<section class=\"sticky-banners\">\n  <div class=\"sticky-banners__bg\">\n    <div class=\"sticky-banners__bg-media\">\n      \n\n  <img\n    class=\"base-image\"\n    :class=\"{ '-visible': isVisible, '-enter-animation': true }\"\n    x-data=\"baseImage\"\n    x-intersect.once=\"onEnter()\"\n    srcset=\"https:\/\/staging.de-rigo.we-dev.it\/app\/uploads\/2026\/01\/00-valori-hero-bg-desktop-480x0-c-default.webp 480w, https:\/\/staging.de-rigo.we-dev.it\/app\/uploads\/2026\/01\/00-valori-hero-bg-desktop-768x0-c-default.webp 768w, https:\/\/staging.de-rigo.we-dev.it\/app\/uploads\/2026\/01\/00-valori-hero-bg-desktop-1024x0-c-default.webp 1024w, https:\/\/staging.de-rigo.we-dev.it\/app\/uploads\/2026\/01\/00-valori-hero-bg-desktop-1440x0-c-default.webp 1440w, https:\/\/staging.de-rigo.we-dev.it\/app\/uploads\/2026\/01\/00-valori-hero-bg-desktop-1920x0-c-default.webp 1920w\"\n    src=\"https:\/\/staging.de-rigo.we-dev.it\/app\/uploads\/2026\/01\/00-valori-hero-bg-desktop-480x0-c-default.jpg\"\n    alt=\"00-valori-hero-bg-desktop\"\n    width=\"2160\"\n    height=\"1542\"\n    loading=\"lazy\"\n    decoding=\"async\"\n    fetchpriority=\"auto\"\n  \/>\n\n    <\/div>\n    <div class=\"sticky-banners__title\">\n      <h1 data-inview data-split>Los valores que nos distinguen<\/h1>\n    <\/div>\n  <\/div>\n  <div class=\"sticky-banners__content\">\n    <div class=\"sticky-banners__banners\">\n                                                <a\n          class=\"sticky-banners__banner\"\n          href=\"\/es\/trabaja-con-nosotros\/\"          >\n          <div class=\"sticky-banners__banner-inner\">\n            <div class=\"sticky-banners__banner-top\">\n              <div class=\"sticky-banners__banner-counter\">\n                <p data-inview>001<\/p>\n              <\/div>\n              <div class=\"sticky-banners__banner-launch\">\n                <div class=\"sticky-banners__banner-image\">\n                  \n\n  <img\n    class=\"base-image\"\n    :class=\"{ '-visible': isVisible, '-enter-animation': true }\"\n    x-data=\"baseImage\"\n    x-intersect.once=\"onEnter()\"\n    srcset=\"https:\/\/staging.de-rigo.we-dev.it\/app\/uploads\/2026\/01\/01-valori-persone-card-desktop-480x0-c-default.webp 480w, https:\/\/staging.de-rigo.we-dev.it\/app\/uploads\/2026\/01\/01-valori-persone-card-desktop-768x0-c-default.webp 768w, https:\/\/staging.de-rigo.we-dev.it\/app\/uploads\/2026\/01\/01-valori-persone-card-desktop-1024x0-c-default.webp 1024w, https:\/\/staging.de-rigo.we-dev.it\/app\/uploads\/2026\/01\/01-valori-persone-card-desktop-1440x0-c-default.webp 1440w, https:\/\/staging.de-rigo.we-dev.it\/app\/uploads\/2026\/01\/01-valori-persone-card-desktop-1920x0-c-default.webp 1920w\"\n    src=\"https:\/\/staging.de-rigo.we-dev.it\/app\/uploads\/2026\/01\/01-valori-persone-card-desktop-480x0-c-default.jpg\"\n    alt=\"01-valori-persone-card-desktop\"\n    width=\"387\"\n    height=\"543\"\n    loading=\"lazy\"\n    decoding=\"async\"\n    fetchpriority=\"auto\"\n  \/>\n\n                <\/div>\n                                  \n\n  <button\n    class=\"base-button -tertiary -dark\"\n    x-data\n         @click=\"$dispatch('button-click')\"     >\n        <span class=\"base-button__label\">Trabaja con nosotros<\/span>\n      <\/button>\n                              <\/div>\n            <\/div>\n            <div class=\"sticky-banners__banner-bottom\">\n              <h5 data-inview data-split>Personas<\/h5>\n              <p data-inview>Estamos unidos y somos un equipo. Detr\u00e1s de cada n\u00famero, de cada proyecto, de cada resultado, hay personas: historias, pasiones y rostros que dan vida a la\u202fempresa. <\/p>\n            <\/div>\n          <\/div>\n        <\/a>\n                                                <a\n          class=\"sticky-banners__banner\"\n          href=\"\/es\/contactos\/\"          >\n          <div class=\"sticky-banners__banner-inner\">\n            <div class=\"sticky-banners__banner-top\">\n              <div class=\"sticky-banners__banner-counter\">\n                <p data-inview>002<\/p>\n              <\/div>\n              <div class=\"sticky-banners__banner-launch\">\n                <div class=\"sticky-banners__banner-image\">\n                  \n\n  <img\n    class=\"base-image\"\n    :class=\"{ '-visible': isVisible, '-enter-animation': true }\"\n    x-data=\"baseImage\"\n    x-intersect.once=\"onEnter()\"\n    srcset=\"https:\/\/staging.de-rigo.we-dev.it\/app\/uploads\/2026\/01\/02-valori-trasparenza-card-desktop-480x0-c-default.webp 480w, https:\/\/staging.de-rigo.we-dev.it\/app\/uploads\/2026\/01\/02-valori-trasparenza-card-desktop-768x0-c-default.webp 768w, https:\/\/staging.de-rigo.we-dev.it\/app\/uploads\/2026\/01\/02-valori-trasparenza-card-desktop-1024x0-c-default.webp 1024w, https:\/\/staging.de-rigo.we-dev.it\/app\/uploads\/2026\/01\/02-valori-trasparenza-card-desktop-1440x0-c-default.webp 1440w, https:\/\/staging.de-rigo.we-dev.it\/app\/uploads\/2026\/01\/02-valori-trasparenza-card-desktop-1920x0-c-default.webp 1920w\"\n    src=\"https:\/\/staging.de-rigo.we-dev.it\/app\/uploads\/2026\/01\/02-valori-trasparenza-card-desktop-480x0-c-default.jpg\"\n    alt=\"02-valori-trasparenza-card-desktop\"\n    width=\"387\"\n    height=\"543\"\n    loading=\"lazy\"\n    decoding=\"async\"\n    fetchpriority=\"auto\"\n  \/>\n\n                <\/div>\n                                  \n\n  <button\n    class=\"base-button -tertiary -dark\"\n    x-data\n         @click=\"$dispatch('button-click')\"     >\n        <span class=\"base-button__label\">Habla con nosotros<\/span>\n      <\/button>\n                              <\/div>\n            <\/div>\n            <div class=\"sticky-banners__banner-bottom\">\n              <h5 data-inview data-split>Transparencia<\/h5>\n              <p data-inview>Dialogar con sinceridad y correcci\u00f3n no es solo un principio: es la clave que abre las puertas a la confianza, la colaboraci\u00f3n y a un negocio s\u00f3lido y duradero.<\/p>\n            <\/div>\n          <\/div>\n        <\/a>\n                                                <a\n          class=\"sticky-banners__banner\"\n          href=\"\/es\/inversores-y-socios\/\"          >\n          <div class=\"sticky-banners__banner-inner\">\n            <div class=\"sticky-banners__banner-top\">\n              <div class=\"sticky-banners__banner-counter\">\n                <p data-inview>003<\/p>\n              <\/div>\n              <div class=\"sticky-banners__banner-launch\">\n                <div class=\"sticky-banners__banner-image\">\n                  \n\n  <img\n    class=\"base-image\"\n    :class=\"{ '-visible': isVisible, '-enter-animation': true }\"\n    x-data=\"baseImage\"\n    x-intersect.once=\"onEnter()\"\n    srcset=\"https:\/\/staging.de-rigo.we-dev.it\/app\/uploads\/2026\/01\/03-valori-affidabilita-card-desktop-480x0-c-default.webp 480w, https:\/\/staging.de-rigo.we-dev.it\/app\/uploads\/2026\/01\/03-valori-affidabilita-card-desktop-768x0-c-default.webp 768w, https:\/\/staging.de-rigo.we-dev.it\/app\/uploads\/2026\/01\/03-valori-affidabilita-card-desktop-1024x0-c-default.webp 1024w, https:\/\/staging.de-rigo.we-dev.it\/app\/uploads\/2026\/01\/03-valori-affidabilita-card-desktop-1440x0-c-default.webp 1440w, https:\/\/staging.de-rigo.we-dev.it\/app\/uploads\/2026\/01\/03-valori-affidabilita-card-desktop-1920x0-c-default.webp 1920w\"\n    src=\"https:\/\/staging.de-rigo.we-dev.it\/app\/uploads\/2026\/01\/03-valori-affidabilita-card-desktop-480x0-c-default.jpg\"\n    alt=\"03-valori-affidabilita\u0300-card-desktop\"\n    width=\"387\"\n    height=\"543\"\n    loading=\"lazy\"\n    decoding=\"async\"\n    fetchpriority=\"auto\"\n  \/>\n\n                <\/div>\n                                  \n\n  <button\n    class=\"base-button -tertiary -dark\"\n    x-data\n         @click=\"$dispatch('button-click')\"     >\n        <span class=\"base-button__label\">Descubre los servicios empresariales<\/span>\n      <\/button>\n                              <\/div>\n            <\/div>\n            <div class=\"sticky-banners__banner-bottom\">\n              <h5 data-inview data-split>Fiabilidad<\/h5>\n              <p data-inview>Somos un socio de confianza, un punto de referencia en el sector. Aportamos un toque humano a cada relaci\u00f3n, para que cada colaborador y socio se sienta parte de una gran familia que crece unida. <\/p>\n            <\/div>\n          <\/div>\n        <\/a>\n                                                <a\n          class=\"sticky-banners__banner\"\n          href=\"\/es\/excelencia-y-produccion\/\"          >\n          <div class=\"sticky-banners__banner-inner\">\n            <div class=\"sticky-banners__banner-top\">\n              <div class=\"sticky-banners__banner-counter\">\n                <p data-inview>004<\/p>\n              <\/div>\n              <div class=\"sticky-banners__banner-launch\">\n                <div class=\"sticky-banners__banner-image\">\n                  \n\n  <img\n    class=\"base-image\"\n    :class=\"{ '-visible': isVisible, '-enter-animation': true }\"\n    x-data=\"baseImage\"\n    x-intersect.once=\"onEnter()\"\n    srcset=\"https:\/\/staging.de-rigo.we-dev.it\/app\/uploads\/2026\/01\/04-valori-condivisione-card-desktop-480x0-c-default.webp 480w, https:\/\/staging.de-rigo.we-dev.it\/app\/uploads\/2026\/01\/04-valori-condivisione-card-desktop-768x0-c-default.webp 768w, https:\/\/staging.de-rigo.we-dev.it\/app\/uploads\/2026\/01\/04-valori-condivisione-card-desktop-1024x0-c-default.webp 1024w, https:\/\/staging.de-rigo.we-dev.it\/app\/uploads\/2026\/01\/04-valori-condivisione-card-desktop-1440x0-c-default.webp 1440w, https:\/\/staging.de-rigo.we-dev.it\/app\/uploads\/2026\/01\/04-valori-condivisione-card-desktop-1920x0-c-default.webp 1920w\"\n    src=\"https:\/\/staging.de-rigo.we-dev.it\/app\/uploads\/2026\/01\/04-valori-condivisione-card-desktop-480x0-c-default.jpg\"\n    alt=\"04-valori-condivisione-card-desktop\"\n    width=\"387\"\n    height=\"543\"\n    loading=\"lazy\"\n    decoding=\"async\"\n    fetchpriority=\"auto\"\n  \/>\n\n                <\/div>\n                                  \n\n  <button\n    class=\"base-button -tertiary -dark\"\n    x-data\n         @click=\"$dispatch('button-click')\"     >\n        <span class=\"base-button__label\">Descubre la producci\u00f3n<\/span>\n      <\/button>\n                              <\/div>\n            <\/div>\n            <div class=\"sticky-banners__banner-bottom\">\n              <h5 data-inview data-split>Puesta en com\u00fan<\/h5>\n              <p data-inview>Compartir significa unir perspectivas, crear sinergias y estimular ideas. En el mundo de las gafas, compartir transforma la competencia en excelencia y el trabajo en verdadera inspiraci\u00f3n. <\/p>\n            <\/div>\n          <\/div>\n        <\/a>\n                                                <a\n          class=\"sticky-banners__banner\"\n          href=\"\/es\/contactos\/\"          >\n          <div class=\"sticky-banners__banner-inner\">\n            <div class=\"sticky-banners__banner-top\">\n              <div class=\"sticky-banners__banner-counter\">\n                <p data-inview>005<\/p>\n              <\/div>\n              <div class=\"sticky-banners__banner-launch\">\n                <div class=\"sticky-banners__banner-image\">\n                  \n\n  <img\n    class=\"base-image\"\n    :class=\"{ '-visible': isVisible, '-enter-animation': true }\"\n    x-data=\"baseImage\"\n    x-intersect.once=\"onEnter()\"\n    srcset=\"https:\/\/staging.de-rigo.we-dev.it\/app\/uploads\/2026\/01\/05-valori-fiducia-card-desktop-480x0-c-default.webp 480w, https:\/\/staging.de-rigo.we-dev.it\/app\/uploads\/2026\/01\/05-valori-fiducia-card-desktop-768x0-c-default.webp 768w, https:\/\/staging.de-rigo.we-dev.it\/app\/uploads\/2026\/01\/05-valori-fiducia-card-desktop-1024x0-c-default.webp 1024w, https:\/\/staging.de-rigo.we-dev.it\/app\/uploads\/2026\/01\/05-valori-fiducia-card-desktop-1440x0-c-default.webp 1440w, https:\/\/staging.de-rigo.we-dev.it\/app\/uploads\/2026\/01\/05-valori-fiducia-card-desktop-1920x0-c-default.webp 1920w\"\n    src=\"https:\/\/staging.de-rigo.we-dev.it\/app\/uploads\/2026\/01\/05-valori-fiducia-card-desktop-480x0-c-default.jpg\"\n    alt=\"05-valori-fiducia-card-desktop\"\n    width=\"387\"\n    height=\"543\"\n    loading=\"lazy\"\n    decoding=\"async\"\n    fetchpriority=\"auto\"\n  \/>\n\n                <\/div>\n                                  \n\n  <button\n    class=\"base-button -tertiary -dark\"\n    x-data\n         @click=\"$dispatch('button-click')\"     >\n        <span class=\"base-button__label\">Contacta con nosotros<\/span>\n      <\/button>\n                              <\/div>\n            <\/div>\n            <div class=\"sticky-banners__banner-bottom\">\n              <h5 data-inview data-split>Confianza<\/h5>\n              <p data-inview>La confianza no es solo un sentimiento: es una ventaja competitiva. La confianza nos permite tomar decisiones m\u00e1s r\u00e1pidas, innovar con valent\u00eda y crecer juntos para alcanzar nuevas metas. <\/p>\n            <\/div>\n          <\/div>\n        <\/a>\n                                                <a\n          class=\"sticky-banners__banner\"\n          href=\"\/es\/sostenibilidad-para-de-rigo\/\"          >\n          <div class=\"sticky-banners__banner-inner\">\n            <div class=\"sticky-banners__banner-top\">\n              <div class=\"sticky-banners__banner-counter\">\n                <p data-inview>006<\/p>\n              <\/div>\n              <div class=\"sticky-banners__banner-launch\">\n                <div class=\"sticky-banners__banner-image\">\n                  \n\n  <img\n    class=\"base-image\"\n    :class=\"{ '-visible': isVisible, '-enter-animation': true }\"\n    x-data=\"baseImage\"\n    x-intersect.once=\"onEnter()\"\n    srcset=\"https:\/\/staging.de-rigo.we-dev.it\/app\/uploads\/2026\/01\/06-valori-sostenibilia-card-desktop-480x0-c-default.webp 480w, https:\/\/staging.de-rigo.we-dev.it\/app\/uploads\/2026\/01\/06-valori-sostenibilia-card-desktop-768x0-c-default.webp 768w, https:\/\/staging.de-rigo.we-dev.it\/app\/uploads\/2026\/01\/06-valori-sostenibilia-card-desktop-1024x0-c-default.webp 1024w, https:\/\/staging.de-rigo.we-dev.it\/app\/uploads\/2026\/01\/06-valori-sostenibilia-card-desktop-1440x0-c-default.webp 1440w, https:\/\/staging.de-rigo.we-dev.it\/app\/uploads\/2026\/01\/06-valori-sostenibilia-card-desktop-1920x0-c-default.webp 1920w\"\n    src=\"https:\/\/staging.de-rigo.we-dev.it\/app\/uploads\/2026\/01\/06-valori-sostenibilia-card-desktop-480x0-c-default.jpg\"\n    alt=\"06-valori-sostenibilia\u0300-card-desktop\"\n    width=\"387\"\n    height=\"543\"\n    loading=\"lazy\"\n    decoding=\"async\"\n    fetchpriority=\"auto\"\n  \/>\n\n                <\/div>\n                                  \n\n  <button\n    class=\"base-button -tertiary -dark\"\n    x-data\n         @click=\"$dispatch('button-click')\"     >\n        <span class=\"base-button__label\">Lee sobre nuestro compromiso<\/span>\n      <\/button>\n                              <\/div>\n            <\/div>\n            <div class=\"sticky-banners__banner-bottom\">\n              <h5 data-inview data-split>Sostenibilidad<\/h5>\n              <p data-inview>Cada d\u00eda innovamos productos y procesos con responsabilidad, conscientes de que incluso los peque\u00f1os pasos pueden convertirse en grandes resultados y dejar una huella positiva en el mundo que nos rodea.<\/p>\n            <\/div>\n          <\/div>\n        <\/a>\n          <\/div>\n  <\/div>\n<\/section>\n","protected":false},"excerpt":{"rendered":"","protected":false},"author":1,"featured_media":0,"parent":0,"menu_order":2,"comment_status":"closed","ping_status":"closed","template":"","meta":{"_acf_changed":false,"footnotes":""},"class_list":["post-1672","page","type-page","status-publish","hentry"],"acf":[],"yoast_head":"<!-- This site is optimized with the Yoast SEO plugin v27.0 - https:\/\/yoast.com\/product\/yoast-seo-wordpress\/ -->\n<title>Nuestros Valores y Visi\u00f3n | De Rigo<\/title>\n<meta name=\"description\" content=\"Las personas, la transparencia, la fiabilidad, el intercambio, la confianza y la sostenibilidad son los valores que nos definen.\" \/>\n<meta name=\"robots\" content=\"noindex, follow, max-snippet:-1, max-image-preview:large, max-video-preview:-1\" \/>\n<!-- \/ Yoast SEO plugin. -->","yoast_head_json":{"title":"Nuestros Valores y Visi\u00f3n | De Rigo","description":"Las personas, la transparencia, la fiabilidad, el intercambio, la confianza y la sostenibilidad son los valores que nos definen.","robots":{"index":"noindex","follow":"follow","max-snippet":"max-snippet:-1","max-image-preview":"max-image-preview:large","max-video-preview":"max-video-preview:-1"},"schema":{"@context":"https:\/\/schema.org","@graph":[{"@type":"WebPage","@id":"https:\/\/staging.de-rigo.we-dev.it\/es\/valores-y-vision\/","url":"https:\/\/staging.de-rigo.we-dev.it\/es\/valores-y-vision\/","name":"Nuestros Valores y Visi\u00f3n | De Rigo","isPartOf":{"@id":"https:\/\/staging.de-rigo.we-dev.it\/es\/#website"},"datePublished":"2025-11-24T12:59:41+00:00","dateModified":"2026-01-27T12:11:49+00:00","description":"Las personas, la transparencia, la fiabilidad, el intercambio, la confianza y la sostenibilidad son los valores que nos definen.","breadcrumb":{"@id":"https:\/\/staging.de-rigo.we-dev.it\/es\/valores-y-vision\/#breadcrumb"},"inLanguage":"es-ES","potentialAction":[{"@type":"ReadAction","target":["https:\/\/staging.de-rigo.we-dev.it\/es\/valores-y-vision\/"]}]},{"@type":"BreadcrumbList","@id":"https:\/\/staging.de-rigo.we-dev.it\/es\/valores-y-vision\/#breadcrumb","itemListElement":[{"@type":"ListItem","position":1,"name":"Home","item":"https:\/\/staging.de-rigo.we-dev.it\/es\/"},{"@type":"ListItem","position":2,"name":"Valores y visi\u00f3n"}]},{"@type":"WebSite","@id":"https:\/\/staging.de-rigo.we-dev.it\/es\/#website","url":"https:\/\/staging.de-rigo.we-dev.it\/es\/","name":"De Rigo","description":"","publisher":{"@id":"https:\/\/staging.de-rigo.we-dev.it\/es\/#organization"},"potentialAction":[{"@type":"SearchAction","target":{"@type":"EntryPoint","urlTemplate":"https:\/\/staging.de-rigo.we-dev.it\/es\/?s={search_term_string}"},"query-input":{"@type":"PropertyValueSpecification","valueRequired":true,"valueName":"search_term_string"}}],"inLanguage":"es-ES"},{"@type":"Organization","@id":"https:\/\/staging.de-rigo.we-dev.it\/es\/#organization","name":"De Rigo","url":"https:\/\/staging.de-rigo.we-dev.it\/es\/","logo":{"@type":"ImageObject","inLanguage":"es-ES","@id":"https:\/\/staging.de-rigo.we-dev.it\/es\/#\/schema\/logo\/image\/","url":"https:\/\/staging.de-rigo.we-dev.it\/app\/uploads\/2026\/01\/Timeline-38.jpg","contentUrl":"https:\/\/staging.de-rigo.we-dev.it\/app\/uploads\/2026\/01\/Timeline-38.jpg","width":"618","height":"788","caption":"De Rigo"},"image":{"@id":"https:\/\/staging.de-rigo.we-dev.it\/es\/#\/schema\/logo\/image\/"}}]}},"_links":{"self":[{"href":"https:\/\/staging.de-rigo.we-dev.it\/es\/wp-json\/wp\/v2\/pages\/1672","targetHints":{"allow":["GET"]}}],"collection":[{"href":"https:\/\/staging.de-rigo.we-dev.it\/es\/wp-json\/wp\/v2\/pages"}],"about":[{"href":"https:\/\/staging.de-rigo.we-dev.it\/es\/wp-json\/wp\/v2\/types\/page"}],"author":[{"embeddable":true,"href":"https:\/\/staging.de-rigo.we-dev.it\/es\/wp-json\/wp\/v2\/users\/1"}],"replies":[{"embeddable":true,"href":"https:\/\/staging.de-rigo.we-dev.it\/es\/wp-json\/wp\/v2\/comments?post=1672"}],"version-history":[{"count":2,"href":"https:\/\/staging.de-rigo.we-dev.it\/es\/wp-json\/wp\/v2\/pages\/1672\/revisions"}],"predecessor-version":[{"id":2163,"href":"https:\/\/staging.de-rigo.we-dev.it\/es\/wp-json\/wp\/v2\/pages\/1672\/revisions\/2163"}],"wp:attachment":[{"href":"https:\/\/staging.de-rigo.we-dev.it\/es\/wp-json\/wp\/v2\/media?parent=1672"}],"curies":[{"name":"wp","href":"https:\/\/api.w.org\/{rel}","templated":true}]}}