{"id":1890,"date":"2025-11-24T13:59:48","date_gmt":"2025-11-24T12:59:48","guid":{"rendered":"https:\/\/staging.de-rigo.we-dev.it\/excelencia-y-produccion\/"},"modified":"2026-01-28T10:59:05","modified_gmt":"2026-01-28T09:59:05","slug":"excelencia-y-produccion","status":"publish","type":"page","link":"https:\/\/staging.de-rigo.we-dev.it\/es\/excelencia-y-produccion\/","title":{"rendered":"Excelencia y producci\u00f3n"},"content":{"rendered":"\n<section class=\"title\">\n  <h1 data-inview data-split>Excelencia y producci\u00f3n<\/h1>\n<\/section>\n\n\n\n<section class=\"block-media\">\n    \n\n\n  <picture\n    class=\"responsive-image\"\n    :class=\"{ '-visible' : isVisible, '-enter-animation': 1 }\"\n    x-data=\"responsiveImage\"\n    x-intersect.once=\"onEnter()\">\n          <source\n        media=\"(max-width: 768px)\"\n        srcset=\"https:\/\/staging.de-rigo.we-dev.it\/app\/uploads\/2026\/01\/produzione-hero-image-mobile.webp\"\n        type=\"image\/webp\">\n      <source\n        media=\"(max-width: 768px)\"\n        srcset=\"https:\/\/staging.de-rigo.we-dev.it\/app\/uploads\/2026\/01\/produzione-hero-image-mobile.jpg\">\n    \n    <source srcset=\"\" type=\"image\/webp\">\n\n    <img loading=\"lazy\"\n      loading=\"\"\n      decoding=\"async\"\n      src=\"https:\/\/staging.de-rigo.we-dev.it\/app\/uploads\/2026\/01\/produzione-hero-image-desktop.jpg\"\n      alt=\"produzione-hero-image-desktop\"\n      width=\"2160\"\n      height=\"1542\"\n    >\n  <\/picture>\n<\/section>\n\n\n  <section class=\"content\">\n    <h6 data-inview>De las manos de los maestros artesanos a las tuyas.<\/h6>\n    <h4 data-inview>Nuestras creaciones hablan por s\u00ed solas: formas, materiales y colores cobran vida a trav\u00e9s de un equilibrio \u00fanico entre artesan\u00eda y tecnolog\u00eda. Cada detalle nace de las manos de nuestros maestros y de procesos productivos de vanguardia que cuidan la calidad y la visi\u00f3n de la empresa.<\/h4>\n  <\/section>\n\n\n<section class=\"sticky-cards\">\n  <div class=\"sticky-cards__intro\">\n    <h3 class=\"sticky-cards__title\" data-inview data-split>Qui\u00e9n da forma a las ideas<\/h3>\n  <\/div>\n  <div class=\"sticky-cards__cards\">\n          <div class=\"sticky-cards__card\">\n        \n\n\n  <picture\n    class=\"responsive-image\"\n    :class=\"{ '-visible' : isVisible, '-enter-animation': 1 }\"\n    x-data=\"responsiveImage\"\n    x-intersect.once=\"onEnter()\">\n          <source\n        media=\"(max-width: 768px)\"\n        srcset=\"https:\/\/staging.de-rigo.we-dev.it\/app\/uploads\/2026\/01\/01-produzione-ciochedaformaallecose-card-ideazione-mobile.webp\"\n        type=\"image\/webp\">\n      <source\n        media=\"(max-width: 768px)\"\n        srcset=\"https:\/\/staging.de-rigo.we-dev.it\/app\/uploads\/2026\/01\/01-produzione-ciochedaformaallecose-card-ideazione-mobile.jpg\">\n    \n    <source srcset=\"\" type=\"image\/webp\">\n\n    <img loading=\"lazy\"\n      loading=\"\"\n      decoding=\"async\"\n      src=\"https:\/\/staging.de-rigo.we-dev.it\/app\/uploads\/2026\/01\/01-produzione-ciochedaformaallecose-card-ideazione-desktop.jpg\"\n      alt=\"01-produzione-ciochedaformaallecose-card-ideazione-desktop\"\n      width=\"1350\"\n      height=\"819\"\n    >\n  <\/picture>\n        <div class=\"sticky-cards__content\">\n          <p class=\"sticky-cards__card-title\" data-inview>Concepci\u00f3n<\/p>\n          <p class=\"sticky-cards__card-paragraph\" data-inview>Cada par de gafas nace de una intuici\u00f3n. Aqu\u00ed es donde la est\u00e9tica, el confort y la innovaci\u00f3n comienzan a converger en una visi\u00f3n \u00fanica. <\/p>\n        <\/div>\n      <\/div>\n          <div class=\"sticky-cards__card\">\n        \n\n\n  <picture\n    class=\"responsive-image\"\n    :class=\"{ '-visible' : isVisible, '-enter-animation': 1 }\"\n    x-data=\"responsiveImage\"\n    x-intersect.once=\"onEnter()\">\n          <source\n        media=\"(max-width: 768px)\"\n        srcset=\"https:\/\/staging.de-rigo.we-dev.it\/app\/uploads\/2026\/01\/02-produzione-ciochedaformaallecose-card-design-mobile-2.webp\"\n        type=\"image\/webp\">\n      <source\n        media=\"(max-width: 768px)\"\n        srcset=\"https:\/\/staging.de-rigo.we-dev.it\/app\/uploads\/2026\/01\/02-produzione-ciochedaformaallecose-card-design-mobile-2.jpg\">\n    \n    <source srcset=\"\" type=\"image\/webp\">\n\n    <img loading=\"lazy\"\n      loading=\"\"\n      decoding=\"async\"\n      src=\"https:\/\/staging.de-rigo.we-dev.it\/app\/uploads\/2026\/01\/02-produzione-ciochedaformaallecose-card-design-desktop.jpg\"\n      alt=\"02-produzione-ciochedaformaallecose-card-design-desktop\"\n      width=\"1350\"\n      height=\"819\"\n    >\n  <\/picture>\n        <div class=\"sticky-cards__content\">\n          <p class=\"sticky-cards__card-title\" data-inview>Dise\u00f1o<\/p>\n          <p class=\"sticky-cards__card-paragraph\" data-inview>El dise\u00f1o es el puente entre la emoci\u00f3n y la funci\u00f3n.<br>L\u00edneas, vol\u00famenes y materiales se unen para crear un lenguaje reconocible y aut\u00e9ntico. <\/p>\n        <\/div>\n      <\/div>\n          <div class=\"sticky-cards__card\">\n        \n\n\n  <picture\n    class=\"responsive-image\"\n    :class=\"{ '-visible' : isVisible, '-enter-animation': 1 }\"\n    x-data=\"responsiveImage\"\n    x-intersect.once=\"onEnter()\">\n          <source\n        media=\"(max-width: 768px)\"\n        srcset=\"https:\/\/staging.de-rigo.we-dev.it\/app\/uploads\/2026\/01\/03-produzione-ciochedaformaallecose-card-prototipia-mobile-2.webp\"\n        type=\"image\/webp\">\n      <source\n        media=\"(max-width: 768px)\"\n        srcset=\"https:\/\/staging.de-rigo.we-dev.it\/app\/uploads\/2026\/01\/03-produzione-ciochedaformaallecose-card-prototipia-mobile-2.jpg\">\n    \n    <source srcset=\"\" type=\"image\/webp\">\n\n    <img loading=\"lazy\"\n      loading=\"\"\n      decoding=\"async\"\n      src=\"https:\/\/staging.de-rigo.we-dev.it\/app\/uploads\/2026\/01\/03-produzione-ciochedaformaallecose-card-prototipia-desktop.jpg\"\n      alt=\"03-produzione-ciochedaformaallecose-card-prototipia-desktop\"\n      width=\"1350\"\n      height=\"819\"\n    >\n  <\/picture>\n        <div class=\"sticky-cards__content\">\n          <p class=\"sticky-cards__card-title\" data-inview>Prototipado<\/p>\n          <p class=\"sticky-cards__card-paragraph\" data-inview>El prototipado es el momento en que una idea se hace realidad.\r\nLa precisi\u00f3n, la destreza manual y la experiencia transforman un dise\u00f1o en un primer objeto tangible.<\/p>\n        <\/div>\n      <\/div>\n          <div class=\"sticky-cards__card\">\n        \n\n\n  <picture\n    class=\"responsive-image\"\n    :class=\"{ '-visible' : isVisible, '-enter-animation': 1 }\"\n    x-data=\"responsiveImage\"\n    x-intersect.once=\"onEnter()\">\n          <source\n        media=\"(max-width: 768px)\"\n        srcset=\"https:\/\/staging.de-rigo.we-dev.it\/app\/uploads\/2026\/01\/04-produzione-ciochedaformaallecose-card-produzione-mobile-2.webp\"\n        type=\"image\/webp\">\n      <source\n        media=\"(max-width: 768px)\"\n        srcset=\"https:\/\/staging.de-rigo.we-dev.it\/app\/uploads\/2026\/01\/04-produzione-ciochedaformaallecose-card-produzione-mobile-2.jpg\">\n    \n    <source srcset=\"\" type=\"image\/webp\">\n\n    <img loading=\"lazy\"\n      loading=\"\"\n      decoding=\"async\"\n      src=\"https:\/\/staging.de-rigo.we-dev.it\/app\/uploads\/2026\/01\/04-produzione-ciochedaformaallecose-card-produzione-desktop.jpg\"\n      alt=\"04-produzione-ciochedaformaallecose-card-produzione-desktop\"\n      width=\"1350\"\n      height=\"819\"\n    >\n  <\/picture>\n        <div class=\"sticky-cards__content\">\n          <p class=\"sticky-cards__card-title\" data-inview>Producci\u00f3n<\/p>\n          <p class=\"sticky-cards__card-paragraph\" data-inview>La t\u00e9cnica y la pasi\u00f3n se unen en cada etapa de la producci\u00f3n.\r\nLa tecnolog\u00eda facilita, pero es el elemento humano el que realmente marca la diferencia.<\/p>\n        <\/div>\n      <\/div>\n          <div class=\"sticky-cards__card\">\n        \n\n\n  <picture\n    class=\"responsive-image\"\n    :class=\"{ '-visible' : isVisible, '-enter-animation': 1 }\"\n    x-data=\"responsiveImage\"\n    x-intersect.once=\"onEnter()\">\n          <source\n        media=\"(max-width: 768px)\"\n        srcset=\"https:\/\/staging.de-rigo.we-dev.it\/app\/uploads\/2026\/01\/05-produzione-ciochedaformaallecose-card-qualita-mobile-2.webp\"\n        type=\"image\/webp\">\n      <source\n        media=\"(max-width: 768px)\"\n        srcset=\"https:\/\/staging.de-rigo.we-dev.it\/app\/uploads\/2026\/01\/05-produzione-ciochedaformaallecose-card-qualita-mobile-2.jpg\">\n    \n    <source srcset=\"\" type=\"image\/webp\">\n\n    <img loading=\"lazy\"\n      loading=\"\"\n      decoding=\"async\"\n      src=\"https:\/\/staging.de-rigo.we-dev.it\/app\/uploads\/2026\/01\/05-produzione-ciochedaformaallecose-card-qualita-desktop-4.jpg\"\n      alt=\"05-produzione-ciochedaformaallecose-card-qualita\u0300-desktop\"\n      width=\"1350\"\n      height=\"819\"\n    >\n  <\/picture>\n        <div class=\"sticky-cards__content\">\n          <p class=\"sticky-cards__card-title\" data-inview>Calidad<\/p>\n          <p class=\"sticky-cards__card-paragraph\" data-inview>La calidad es un compromiso diario: controles minuciosos, est\u00e1ndares internacionales y atenci\u00f3n absoluta a la seguridad visual.\r\nEs nuestra forma de cuidar a los clientes.<\/p>\n        <\/div>\n      <\/div>\n          <div class=\"sticky-cards__card\">\n        \n\n\n  <picture\n    class=\"responsive-image\"\n    :class=\"{ '-visible' : isVisible, '-enter-animation': 1 }\"\n    x-data=\"responsiveImage\"\n    x-intersect.once=\"onEnter()\">\n          <source\n        media=\"(max-width: 768px)\"\n        srcset=\"https:\/\/staging.de-rigo.we-dev.it\/app\/uploads\/2026\/01\/06-produzione-ciochedaformaallecose-card-logistica-mobile-2.webp\"\n        type=\"image\/webp\">\n      <source\n        media=\"(max-width: 768px)\"\n        srcset=\"https:\/\/staging.de-rigo.we-dev.it\/app\/uploads\/2026\/01\/06-produzione-ciochedaformaallecose-card-logistica-mobile-2.jpg\">\n    \n    <source srcset=\"\" type=\"image\/webp\">\n\n    <img loading=\"lazy\"\n      loading=\"\"\n      decoding=\"async\"\n      src=\"https:\/\/staging.de-rigo.we-dev.it\/app\/uploads\/2026\/01\/06-produzione-ciochedaformaallecose-card-logistica-desktop.jpg\"\n      alt=\"06-produzione-ciochedaformaallecose-card-logistica-desktop\"\n      width=\"1350\"\n      height=\"819\"\n    >\n  <\/picture>\n        <div class=\"sticky-cards__content\">\n          <p class=\"sticky-cards__card-title\" data-inview>Log\u00edstica<\/p>\n          <p class=\"sticky-cards__card-paragraph\" data-inview>La log\u00edstica es movimiento, coordinaci\u00f3n, precisi\u00f3n.\r\nCada fase, desde el abastecimiento hasta la entrega, sigue un flujo planificado para garantizar eficiencia y satisfacci\u00f3n.<\/p>\n        <\/div>\n      <\/div>\n      <\/div>\n<\/section>\n\n\n\n<section class=\"text-media -reverse\">\n  <div class=\"text-media__text\">\n          <h4 data-inview>De la idea al mundo: el arte de crear gafas<\/h4>\n              <p data-inview>Cada par de gafas relata un viaje: ideas, manos, habilidades y pasos que se entrelazan.\r\nDesde la primera pieza modelada a mano hasta la producci\u00f3n industrializada, cada fase recibe atenci\u00f3n y cuidado.\r\nLa calidad nos distingue, nuestra red global fortalece la distribuci\u00f3n, y la confianza de los clientes es nuestro mayor orgullo.<\/p>\n      <\/div>\n  <div class=\"text-media__media\">\n    \n\n\n  <picture\n    class=\"responsive-image\"\n    :class=\"{ '-visible' : isVisible, '-enter-animation': 1 }\"\n    x-data=\"responsiveImage\"\n    x-intersect.once=\"onEnter()\">\n          <source\n        media=\"(max-width: 768px)\"\n        srcset=\"https:\/\/staging.de-rigo.we-dev.it\/app\/uploads\/2026\/01\/produzione-sezioneidea-mobile-3.webp\"\n        type=\"image\/webp\">\n      <source\n        media=\"(max-width: 768px)\"\n        srcset=\"https:\/\/staging.de-rigo.we-dev.it\/app\/uploads\/2026\/01\/produzione-sezioneidea-mobile-3.jpg\">\n    \n    <source srcset=\"\" type=\"image\/webp\">\n\n    <img loading=\"lazy\"\n      loading=\"\"\n      decoding=\"async\"\n      src=\"https:\/\/staging.de-rigo.we-dev.it\/app\/uploads\/2026\/01\/produzione-sezioneidea-desktop.jpg\"\n      alt=\"produzione-sezioneidea-desktop\"\n      width=\"833\"\n      height=\"1035\"\n    >\n  <\/picture>\n  <\/div>\n<\/section>\n\n","protected":false},"excerpt":{"rendered":"","protected":false},"author":1,"featured_media":0,"parent":0,"menu_order":4,"comment_status":"closed","ping_status":"closed","template":"","meta":{"_acf_changed":false,"footnotes":""},"class_list":["post-1890","page","type-page","status-publish","hentry"],"acf":[],"yoast_head":"<!-- This site is optimized with the Yoast SEO plugin v27.0 - https:\/\/yoast.com\/product\/yoast-seo-wordpress\/ -->\n<title>Excelencia en Producci\u00f3n de Eyewear | De Rigo<\/title>\n<meta name=\"description\" content=\"Nuestras creaciones hablan por s\u00ed mismas: formas, materiales y colores cobran vida gracias a un equilibrio \u00fanico entre artesan\u00eda y tecnolog\u00eda\" \/>\n<meta name=\"robots\" content=\"noindex, follow, max-snippet:-1, max-image-preview:large, max-video-preview:-1\" \/>\n<!-- \/ Yoast SEO plugin. -->","yoast_head_json":{"title":"Excelencia en Producci\u00f3n de Eyewear | De Rigo","description":"Nuestras creaciones hablan por s\u00ed mismas: formas, materiales y colores cobran vida gracias a un equilibrio \u00fanico entre artesan\u00eda y tecnolog\u00eda","robots":{"index":"noindex","follow":"follow","max-snippet":"max-snippet:-1","max-image-preview":"max-image-preview:large","max-video-preview":"max-video-preview:-1"},"schema":{"@context":"https:\/\/schema.org","@graph":[{"@type":"WebPage","@id":"https:\/\/staging.de-rigo.we-dev.it\/es\/excelencia-y-produccion\/","url":"https:\/\/staging.de-rigo.we-dev.it\/es\/excelencia-y-produccion\/","name":"Excelencia en Producci\u00f3n de Eyewear | De Rigo","isPartOf":{"@id":"https:\/\/staging.de-rigo.we-dev.it\/es\/#website"},"datePublished":"2025-11-24T12:59:48+00:00","dateModified":"2026-01-28T09:59:05+00:00","description":"Nuestras creaciones hablan por s\u00ed mismas: formas, materiales y colores cobran vida gracias a un equilibrio \u00fanico entre artesan\u00eda y tecnolog\u00eda","breadcrumb":{"@id":"https:\/\/staging.de-rigo.we-dev.it\/es\/excelencia-y-produccion\/#breadcrumb"},"inLanguage":"es-ES","potentialAction":[{"@type":"ReadAction","target":["https:\/\/staging.de-rigo.we-dev.it\/es\/excelencia-y-produccion\/"]}]},{"@type":"BreadcrumbList","@id":"https:\/\/staging.de-rigo.we-dev.it\/es\/excelencia-y-produccion\/#breadcrumb","itemListElement":[{"@type":"ListItem","position":1,"name":"Home","item":"https:\/\/staging.de-rigo.we-dev.it\/es\/"},{"@type":"ListItem","position":2,"name":"Excelencia y producci\u00f3n"}]},{"@type":"WebSite","@id":"https:\/\/staging.de-rigo.we-dev.it\/es\/#website","url":"https:\/\/staging.de-rigo.we-dev.it\/es\/","name":"De Rigo","description":"","publisher":{"@id":"https:\/\/staging.de-rigo.we-dev.it\/es\/#organization"},"potentialAction":[{"@type":"SearchAction","target":{"@type":"EntryPoint","urlTemplate":"https:\/\/staging.de-rigo.we-dev.it\/es\/?s={search_term_string}"},"query-input":{"@type":"PropertyValueSpecification","valueRequired":true,"valueName":"search_term_string"}}],"inLanguage":"es-ES"},{"@type":"Organization","@id":"https:\/\/staging.de-rigo.we-dev.it\/es\/#organization","name":"De Rigo","url":"https:\/\/staging.de-rigo.we-dev.it\/es\/","logo":{"@type":"ImageObject","inLanguage":"es-ES","@id":"https:\/\/staging.de-rigo.we-dev.it\/es\/#\/schema\/logo\/image\/","url":"https:\/\/staging.de-rigo.we-dev.it\/app\/uploads\/2026\/01\/Timeline-38.jpg","contentUrl":"https:\/\/staging.de-rigo.we-dev.it\/app\/uploads\/2026\/01\/Timeline-38.jpg","width":"618","height":"788","caption":"De Rigo"},"image":{"@id":"https:\/\/staging.de-rigo.we-dev.it\/es\/#\/schema\/logo\/image\/"}}]}},"_links":{"self":[{"href":"https:\/\/staging.de-rigo.we-dev.it\/es\/wp-json\/wp\/v2\/pages\/1890","targetHints":{"allow":["GET"]}}],"collection":[{"href":"https:\/\/staging.de-rigo.we-dev.it\/es\/wp-json\/wp\/v2\/pages"}],"about":[{"href":"https:\/\/staging.de-rigo.we-dev.it\/es\/wp-json\/wp\/v2\/types\/page"}],"author":[{"embeddable":true,"href":"https:\/\/staging.de-rigo.we-dev.it\/es\/wp-json\/wp\/v2\/users\/1"}],"replies":[{"embeddable":true,"href":"https:\/\/staging.de-rigo.we-dev.it\/es\/wp-json\/wp\/v2\/comments?post=1890"}],"version-history":[{"count":6,"href":"https:\/\/staging.de-rigo.we-dev.it\/es\/wp-json\/wp\/v2\/pages\/1890\/revisions"}],"predecessor-version":[{"id":3054,"href":"https:\/\/staging.de-rigo.we-dev.it\/es\/wp-json\/wp\/v2\/pages\/1890\/revisions\/3054"}],"wp:attachment":[{"href":"https:\/\/staging.de-rigo.we-dev.it\/es\/wp-json\/wp\/v2\/media?parent=1890"}],"curies":[{"name":"wp","href":"https:\/\/api.w.org\/{rel}","templated":true}]}}