{"id":1942,"date":"2025-11-24T13:59:59","date_gmt":"2025-11-24T12:59:59","guid":{"rendered":"https:\/\/staging.de-rigo.we-dev.it\/sostenibilidad-para-de-rigo\/"},"modified":"2026-01-27T13:13:07","modified_gmt":"2026-01-27T12:13:07","slug":"sostenibilidad-para-de-rigo","status":"publish","type":"page","link":"https:\/\/staging.de-rigo.we-dev.it\/es\/sostenibilidad-para-de-rigo\/","title":{"rendered":"Sostenibilidad para De Rigo"},"content":{"rendered":"\n<section class=\"title\">\n  <h1 data-inview data-split>Sostenibilidad para De Rigo<\/h1>\n<\/section>\n\n\n\n<section class=\"block-media\">\n    \n\n\n  <picture\n    class=\"responsive-image\"\n    :class=\"{ '-visible' : isVisible, '-enter-animation': 1 }\"\n    x-data=\"responsiveImage\"\n    x-intersect.once=\"onEnter()\">\n          <source\n        media=\"(max-width: 768px)\"\n        srcset=\"https:\/\/staging.de-rigo.we-dev.it\/app\/uploads\/2026\/01\/sostenibilita-hero-image-mobile.webp\"\n        type=\"image\/webp\">\n      <source\n        media=\"(max-width: 768px)\"\n        srcset=\"https:\/\/staging.de-rigo.we-dev.it\/app\/uploads\/2026\/01\/sostenibilita-hero-image-mobile.jpg\">\n    \n    <source srcset=\"\" type=\"image\/webp\">\n\n    <img loading=\"lazy\"\n      loading=\"\"\n      decoding=\"async\"\n      src=\"https:\/\/staging.de-rigo.we-dev.it\/app\/uploads\/2026\/01\/sostenibilita-hero-image-desktop.jpg\"\n      alt=\"sostenibilita\u0300-hero-image-desktop\"\n      width=\"2160\"\n      height=\"1542\"\n    >\n  <\/picture>\n<\/section>\n\n\n  <section class=\"content\">\n    <h6 data-inview><\/h6>\n    <h4 data-inview>Para De Rigo, sostenibilidad significa respeto: por las personas, por la cadena de suministro y por el futuro. Innovamos productos y procesos de forma responsable y mejoramos gradualmente el impacto de nuestro trabajo en el mundo que nos rodea. \r\nLos valores que nos gu\u00edan son los que reflejan nuestra responsabilidad hacia el futuro: equidad, transparencia e innovaci\u00f3n.<\/h4>\n  <\/section>\n\n\n<section class=\"sticky-cards\">\n  <div class=\"sticky-cards__intro\">\n    <h3 class=\"sticky-cards__title\" data-inview data-split>El impacto en las personas<\/h3>\n  <\/div>\n  <div class=\"sticky-cards__cards\">\n          <div class=\"sticky-cards__card\">\n        \n\n\n  <picture\n    class=\"responsive-image\"\n    :class=\"{ '-visible' : isVisible, '-enter-animation': 1 }\"\n    x-data=\"responsiveImage\"\n    x-intersect.once=\"onEnter()\">\n          <source\n        media=\"(max-width: 768px)\"\n        srcset=\"https:\/\/staging.de-rigo.we-dev.it\/app\/uploads\/2026\/01\/01-sostenibilita-limpattosullepersone-card-relazioni-mobile-3.webp\"\n        type=\"image\/webp\">\n      <source\n        media=\"(max-width: 768px)\"\n        srcset=\"https:\/\/staging.de-rigo.we-dev.it\/app\/uploads\/2026\/01\/01-sostenibilita-limpattosullepersone-card-relazioni-mobile-3.jpg\">\n    \n    <source srcset=\"\" type=\"image\/webp\">\n\n    <img loading=\"lazy\"\n      loading=\"\"\n      decoding=\"async\"\n      src=\"https:\/\/staging.de-rigo.we-dev.it\/app\/uploads\/2026\/01\/01-sostenibilita-limpattosullepersone-card-relazioni-desktop.jpg\"\n      alt=\"01-sostenibilita\u0300-limpattosullepersone-card-relazioni-desktop\"\n      width=\"1350\"\n      height=\"819\"\n    >\n  <\/picture>\n        <div class=\"sticky-cards__content\">\n          <p class=\"sticky-cards__card-title\" data-inview>Pol\u00edticas de inclusi\u00f3n<\/p>\n          <p class=\"sticky-cards__card-paragraph\" data-inview>De Rigo promueve activamente la diversidad y la inclusi\u00f3n, con especial atenci\u00f3n a las pol\u00edticas contra la discriminaci\u00f3n por motivos de g\u00e9nero y de etnia, implementando programas educativos sobre diversidad cultural, comunicaci\u00f3n inclusiva y respeto mutuo. El 65 % de la plantilla est\u00e1 formado por mujeres, una muestra concreta de nuestro compromiso con un impacto social positivo. <\/p>\n        <\/div>\n      <\/div>\n          <div class=\"sticky-cards__card\">\n        \n\n\n  <picture\n    class=\"responsive-image\"\n    :class=\"{ '-visible' : isVisible, '-enter-animation': 1 }\"\n    x-data=\"responsiveImage\"\n    x-intersect.once=\"onEnter()\">\n          <source\n        media=\"(max-width: 768px)\"\n        srcset=\"https:\/\/staging.de-rigo.we-dev.it\/app\/uploads\/2026\/01\/02-sostenibilita-limpattosullepersone-card-certificazioni-mobile-3.webp\"\n        type=\"image\/webp\">\n      <source\n        media=\"(max-width: 768px)\"\n        srcset=\"https:\/\/staging.de-rigo.we-dev.it\/app\/uploads\/2026\/01\/02-sostenibilita-limpattosullepersone-card-certificazioni-mobile-3.jpg\">\n    \n    <source srcset=\"\" type=\"image\/webp\">\n\n    <img loading=\"lazy\"\n      loading=\"\"\n      decoding=\"async\"\n      src=\"https:\/\/staging.de-rigo.we-dev.it\/app\/uploads\/2026\/01\/02-sostenibilita-limpattosullepersone-card-certificazioni-desktop.jpg\"\n      alt=\"02-sostenibilita\u0300-limpattosullepersone-card-certificazioni-desktop\"\n      width=\"1350\"\n      height=\"819\"\n    >\n  <\/picture>\n        <div class=\"sticky-cards__content\">\n          <p class=\"sticky-cards__card-title\" data-inview>Certificaci\u00f3n de igualdad de g\u00e9nero<\/p>\n          <p class=\"sticky-cards__card-paragraph\" data-inview>La Certificaci\u00f3n de Igualdad de G\u00e9nero (UNI\/PdR 125:2022) formaliza una cultura empresarial orientada al talento y a la diversidad. La empresa se compromete a garantizar un entorno de trabajo inclusivo, respetuoso con la diversidad de g\u00e9nero, etnia y otras caracter\u00edsticas individuales. La Pol\u00edtica de Igualdad de G\u00e9nero establece objetivos claros en materia de equidad salarial, gesti\u00f3n de las carreras profesionales y parentalidad, e incluye medidas espec\u00edficas para la conciliaci\u00f3n de la vida personal y la laboral.  <\/p>\n        <\/div>\n      <\/div>\n          <div class=\"sticky-cards__card\">\n        \n\n\n  <picture\n    class=\"responsive-image\"\n    :class=\"{ '-visible' : isVisible, '-enter-animation': 1 }\"\n    x-data=\"responsiveImage\"\n    x-intersect.once=\"onEnter()\">\n          <source\n        media=\"(max-width: 768px)\"\n        srcset=\"https:\/\/staging.de-rigo.we-dev.it\/app\/uploads\/2026\/01\/03-sostenibilita-limpattosullepersone-card-conciliazione-mobile-3.webp\"\n        type=\"image\/webp\">\n      <source\n        media=\"(max-width: 768px)\"\n        srcset=\"https:\/\/staging.de-rigo.we-dev.it\/app\/uploads\/2026\/01\/03-sostenibilita-limpattosullepersone-card-conciliazione-mobile-3.jpg\">\n    \n    <source srcset=\"\" type=\"image\/webp\">\n\n    <img loading=\"lazy\"\n      loading=\"\"\n      decoding=\"async\"\n      src=\"https:\/\/staging.de-rigo.we-dev.it\/app\/uploads\/2026\/01\/03-sostenibilita-limpattosullepersone-card-conciliazione-desktop.jpg\"\n      alt=\"03-sostenibilita\u0300-limpattosullepersone-card-conciliazione-desktop\"\n      width=\"1350\"\n      height=\"819\"\n    >\n  <\/picture>\n        <div class=\"sticky-cards__content\">\n          <p class=\"sticky-cards__card-title\" data-inview>Equilibrio entre trabajo y vida personal<\/p>\n          <p class=\"sticky-cards__card-paragraph\" data-inview>La empresa promueve la conciliaci\u00f3n de la vida personal y la laboral mediante iniciativas destinadas a la parentalidad y al bienestar de las personas, respaldadas por un sistema de bienestar flexible e integrado que incluye seguro m\u00e9dico complementario, cr\u00e9dito de bienestar, servicios digitales y convenios. En este contexto, la Fundaci\u00f3n De Rigo apoya el crecimiento de las nuevas generaciones y concede becas a los hijos de los empleados, valorando el m\u00e9rito y el itinerario formativo. <\/p>\n        <\/div>\n      <\/div>\n      <\/div>\n<\/section>\n\n\n<section class=\"info-columns\">\n  <div class=\"info-columns__title\">\n    <h4 data-inview data-split>Cadena de suministro y producci\u00f3n: una l\u00ednea de responsabilidad compartida<\/h4>\n  <\/div>\n  <div class=\"info-columns__content\">\n    <div class=\"info-columns__paragraphs\">\n      <div>\n        <p data-inview>La cadena de suministro integra a clientes, socios y proveedores en un proceso de responsabilidad compartida, basado en la confianza, la transparencia y la fiabilidad.<br>Adoptamos est\u00e1ndares rigurosos para reducir riesgos y residuos, y promovemos pr\u00e1cticas sostenibles: una cadena de suministro responsable es la base para obtener mejores productos y un impacto positivo sobre el medio ambiente y la sociedad. \r\nPor este motivo, se ha enviado el C\u00f3digo \u00c9tico a todos los proveedores para garantizar la alineaci\u00f3n con los principios de calidad, \u00e9tica y sostenibilidad a lo largo de toda la cadena de valor.<\/p>\n      <\/div>\n      <div>\n        <p data-inview>De Rigo ha obtenido la certificaci\u00f3n ISCC Plus, que permite supervisar y demostrar la sostenibilidad de los productos, desde la materia prima hasta el producto final. Esta certificaci\u00f3n cubre materias primas agr\u00edcolas y forestales, residuos de cultivos agr\u00edcolas, desechos, materiales reciclados y productos de base org\u00e1nica. Adem\u00e1s, est\u00e1 alineada con los objetivos de sostenibilidad de la Agenda 2030. De Rigo Vision ha decidido formalizar su compromiso mediante la implementaci\u00f3n de un Sistema de Gesti\u00f3n Ambiental, conforme a la norma UNI ISO 14001:2015.  <\/p>\n                  \n\n  <a\n    class=\"base-button -tertiary -dark\"\n    href=\"\/app\/uploads\/2026\/01\/EMS-POLICY_rev.0.pdf\"\n    target=\"_self\"\n    >\n        <span class=\"base-button__label\">Pol\u00edtica SGA<\/span>\n      <\/a>\n              <\/div>\n    <\/div>\n    <div class=\"info-columns__image\">\n      \n\n  <img\n    class=\"base-image\"\n    :class=\"{ '-visible': isVisible, '-enter-animation': true }\"\n    x-data=\"baseImage\"\n    x-intersect.once=\"onEnter()\"\n    srcset=\"https:\/\/staging.de-rigo.we-dev.it\/app\/uploads\/2026\/01\/ISCC.svg 480w, https:\/\/staging.de-rigo.we-dev.it\/app\/uploads\/2026\/01\/ISCC.svg 768w, https:\/\/staging.de-rigo.we-dev.it\/app\/uploads\/2026\/01\/ISCC.svg 1024w, https:\/\/staging.de-rigo.we-dev.it\/app\/uploads\/2026\/01\/ISCC.svg 1440w, https:\/\/staging.de-rigo.we-dev.it\/app\/uploads\/2026\/01\/ISCC.svg 1920w\"\n    src=\"https:\/\/staging.de-rigo.we-dev.it\/app\/uploads\/2026\/01\/ISCC.svg\"\n    alt=\"ISCC\"\n    width=\"393\"\n    height=\"205\"\n    loading=\"lazy\"\n    decoding=\"async\"\n    fetchpriority=\"auto\"\n  \/>\n\n    <\/div>\n  <\/div>\n<\/section>\n\n\n\n<section class=\"text-media -reverse\">\n  <div class=\"text-media__text\">\n          <h4 data-inview>Materiales innovadores y soluciones conscientes<\/h4>\n              <p data-inview>Con materiales innovadores y soluciones responsables, repensamos productos y procesos productivos para reducir residuos y emisiones, transformando cada elecci\u00f3n en un paso concreto hacia el cambio. Analizamos cada fase del ciclo productivo para optimizar consumos, desperdicios y tiempos, adoptando tecnolog\u00edas que nos permitan ser m\u00e1s eficientes.\r\nLa reducci\u00f3n de los desperdicios no es solo un objetivo, sino una pr\u00e1ctica diaria que gu\u00eda las decisiones de nuestros departamentos t\u00e9cnicos. <\/p>\n      <\/div>\n  <div class=\"text-media__media\">\n    \n\n\n  <picture\n    class=\"responsive-image\"\n    :class=\"{ '-visible' : isVisible, '-enter-animation': 1 }\"\n    x-data=\"responsiveImage\"\n    x-intersect.once=\"onEnter()\">\n          <source\n        media=\"(max-width: 768px)\"\n        srcset=\"https:\/\/staging.de-rigo.we-dev.it\/app\/uploads\/2026\/01\/sostenibilita-sezionemateriali-mobile-3.webp\"\n        type=\"image\/webp\">\n      <source\n        media=\"(max-width: 768px)\"\n        srcset=\"https:\/\/staging.de-rigo.we-dev.it\/app\/uploads\/2026\/01\/sostenibilita-sezionemateriali-mobile-3.jpg\">\n    \n    <source srcset=\"\" type=\"image\/webp\">\n\n    <img loading=\"lazy\"\n      loading=\"\"\n      decoding=\"async\"\n      src=\"https:\/\/staging.de-rigo.we-dev.it\/app\/uploads\/2026\/01\/sostenibilita-sezionemateriali-desktop.jpg\"\n      alt=\"sostenibilita\u0300-sezionemateriali-desktop\"\n      width=\"833\"\n      height=\"1035\"\n    >\n  <\/picture>\n  <\/div>\n<\/section>\n\n\n\n\n<section class=\"text-media \">\n  <div class=\"text-media__text\">\n          <h4 data-inview>La log\u00edstica reinventada de forma sostenible<\/h4>\n              <p data-inview>Nuevos proyectos y soluciones de ahorro energ\u00e9tico que optimizan el transporte de los productos gu\u00edan nuestros esfuerzos diarios, junto con el uso de fuentes de energ\u00eda renovables para mejorar la eficiencia energ\u00e9tica. \r\nNuestro objetivo es reducir el embalaje, utilizando materiales reciclables y compostables de proveedores certificados FSC, a la vez que fomentamos la consolidaci\u00f3n de env\u00edos. Implementamos sistemas de recolecci\u00f3n de datos y supervisamos constantemente nuestro desempe\u00f1o ambiental para mejorar y definir nuevas prioridades de acci\u00f3n.  \r\nCreemos que la innovaci\u00f3n y la sostenibilidad deben ir de la mano, apoy\u00e1ndose mutuamente. As\u00ed, cada una de nuestras elecciones se convierte en parte de un viaje m\u00e1s amplio, orientado hacia un futuro verdaderamente m\u00e1s consciente. <\/p>\n      <\/div>\n  <div class=\"text-media__media\">\n    \n\n\n  <picture\n    class=\"responsive-image\"\n    :class=\"{ '-visible' : isVisible, '-enter-animation': 1 }\"\n    x-data=\"responsiveImage\"\n    x-intersect.once=\"onEnter()\">\n          <source\n        media=\"(max-width: 768px)\"\n        srcset=\"https:\/\/staging.de-rigo.we-dev.it\/app\/uploads\/2026\/01\/sostenibilita-sezionelogistica-mobile-3.webp\"\n        type=\"image\/webp\">\n      <source\n        media=\"(max-width: 768px)\"\n        srcset=\"https:\/\/staging.de-rigo.we-dev.it\/app\/uploads\/2026\/01\/sostenibilita-sezionelogistica-mobile-3.jpg\">\n    \n    <source srcset=\"\" type=\"image\/webp\">\n\n    <img loading=\"lazy\"\n      loading=\"\"\n      decoding=\"async\"\n      src=\"https:\/\/staging.de-rigo.we-dev.it\/app\/uploads\/2026\/01\/sostenibilita-sezionelogistica-desktop.jpg\"\n      alt=\"sostenibilita\u0300-sezionelogistica-desktop\"\n      width=\"833\"\n      height=\"1035\"\n    >\n  <\/picture>\n  <\/div>\n<\/section>\n\n\n\n\n<section class=\"block-spacer -bg-light-grey -space-mega\">\n\n<\/section>\n\n\n\n<section class=\"downloads-grid -bg-light-grey -align-center\">\n  <ul class=\"downloads-grid__list\">\n          <li class=\"downloads-grid__item\">\n        <p data-inview>Manifiesto de Sostenibilidad<\/p>\n        \n\n  <a\n    class=\"base-button -tertiary -dark\"\n    href=\"https:\/\/staging.de-rigo.we-dev.it\/app\/uploads\/2026\/01\/V3-ENG-ESGeo-DeRigo-Manifesto-Della-Sostenibilita-2.pdf\"\n    target=\"_blank\"\n    >\n        <span class=\"base-button__label\">Download<\/span>\n          <span class=\"base-button__icon\">\n          \n  <span class=\"base-icon\"><svg width=\"48\" height=\"48\" viewBox=\"0 0 48 48\" fill=\"none\" xmlns=\"http:\/\/www.w3.org\/2000\/svg\">\n<g clip-path=\"url(#clip0_2411_2263)\">\n<path d=\"M24 27V6\" stroke=\"black\" stroke-width=\"1.9\" stroke-linecap=\"round\" stroke-linejoin=\"round\"\/>\n<path d=\"M40.5 27V39H7.5V27\" stroke=\"black\" stroke-width=\"1.9\" stroke-linecap=\"round\" stroke-linejoin=\"round\"\/>\n<path d=\"M31.5 19.5L24 27L16.5 19.5\" stroke=\"black\" stroke-width=\"1.9\" stroke-linecap=\"round\" stroke-linejoin=\"round\"\/>\n<\/g>\n<defs>\n<clipPath id=\"clip0_2411_2263\">\n<rect width=\"48\" height=\"48\" fill=\"white\"\/>\n<\/clipPath>\n<\/defs>\n<\/svg>\n<\/span>\n      <\/span>\n      <\/a>\n      <\/li>\n      <\/ul>\n<\/section>\n\n\n\n<section class=\"block-spacer -bg-light-grey -space-mega\">\n\n<\/section>\n\n","protected":false},"excerpt":{"rendered":"","protected":false},"author":1,"featured_media":0,"parent":0,"menu_order":6,"comment_status":"closed","ping_status":"closed","template":"","meta":{"_acf_changed":false,"footnotes":""},"class_list":["post-1942","page","type-page","status-publish","hentry"],"acf":[],"yoast_head":"<!-- This site is optimized with the Yoast SEO plugin v27.0 - https:\/\/yoast.com\/product\/yoast-seo-wordpress\/ -->\n<title>Sostenibilidad e Innovaci\u00f3n Responsable | De Rigo<\/title>\n<meta name=\"description\" content=\"Innovamos productos y procesos de forma responsable, mejorando continuamente el impacto de nuestro trabajo en el mundo que nos rodea.\" \/>\n<meta name=\"robots\" content=\"noindex, follow, max-snippet:-1, max-image-preview:large, max-video-preview:-1\" \/>\n<!-- \/ Yoast SEO plugin. -->","yoast_head_json":{"title":"Sostenibilidad e Innovaci\u00f3n Responsable | De Rigo","description":"Innovamos productos y procesos de forma responsable, mejorando continuamente el impacto de nuestro trabajo en el mundo que nos rodea.","robots":{"index":"noindex","follow":"follow","max-snippet":"max-snippet:-1","max-image-preview":"max-image-preview:large","max-video-preview":"max-video-preview:-1"},"schema":{"@context":"https:\/\/schema.org","@graph":[{"@type":"WebPage","@id":"https:\/\/staging.de-rigo.we-dev.it\/es\/sostenibilidad-para-de-rigo\/","url":"https:\/\/staging.de-rigo.we-dev.it\/es\/sostenibilidad-para-de-rigo\/","name":"Sostenibilidad e Innovaci\u00f3n Responsable | De Rigo","isPartOf":{"@id":"https:\/\/staging.de-rigo.we-dev.it\/es\/#website"},"datePublished":"2025-11-24T12:59:59+00:00","dateModified":"2026-01-27T12:13:07+00:00","description":"Innovamos productos y procesos de forma responsable, mejorando continuamente el impacto de nuestro trabajo en el mundo que nos rodea.","breadcrumb":{"@id":"https:\/\/staging.de-rigo.we-dev.it\/es\/sostenibilidad-para-de-rigo\/#breadcrumb"},"inLanguage":"es-ES","potentialAction":[{"@type":"ReadAction","target":["https:\/\/staging.de-rigo.we-dev.it\/es\/sostenibilidad-para-de-rigo\/"]}]},{"@type":"BreadcrumbList","@id":"https:\/\/staging.de-rigo.we-dev.it\/es\/sostenibilidad-para-de-rigo\/#breadcrumb","itemListElement":[{"@type":"ListItem","position":1,"name":"Home","item":"https:\/\/staging.de-rigo.we-dev.it\/es\/"},{"@type":"ListItem","position":2,"name":"Sostenibilidad para De Rigo"}]},{"@type":"WebSite","@id":"https:\/\/staging.de-rigo.we-dev.it\/es\/#website","url":"https:\/\/staging.de-rigo.we-dev.it\/es\/","name":"De Rigo","description":"","publisher":{"@id":"https:\/\/staging.de-rigo.we-dev.it\/es\/#organization"},"potentialAction":[{"@type":"SearchAction","target":{"@type":"EntryPoint","urlTemplate":"https:\/\/staging.de-rigo.we-dev.it\/es\/?s={search_term_string}"},"query-input":{"@type":"PropertyValueSpecification","valueRequired":true,"valueName":"search_term_string"}}],"inLanguage":"es-ES"},{"@type":"Organization","@id":"https:\/\/staging.de-rigo.we-dev.it\/es\/#organization","name":"De Rigo","url":"https:\/\/staging.de-rigo.we-dev.it\/es\/","logo":{"@type":"ImageObject","inLanguage":"es-ES","@id":"https:\/\/staging.de-rigo.we-dev.it\/es\/#\/schema\/logo\/image\/","url":"https:\/\/staging.de-rigo.we-dev.it\/app\/uploads\/2026\/01\/Timeline-38.jpg","contentUrl":"https:\/\/staging.de-rigo.we-dev.it\/app\/uploads\/2026\/01\/Timeline-38.jpg","width":"618","height":"788","caption":"De Rigo"},"image":{"@id":"https:\/\/staging.de-rigo.we-dev.it\/es\/#\/schema\/logo\/image\/"}}]}},"_links":{"self":[{"href":"https:\/\/staging.de-rigo.we-dev.it\/es\/wp-json\/wp\/v2\/pages\/1942","targetHints":{"allow":["GET"]}}],"collection":[{"href":"https:\/\/staging.de-rigo.we-dev.it\/es\/wp-json\/wp\/v2\/pages"}],"about":[{"href":"https:\/\/staging.de-rigo.we-dev.it\/es\/wp-json\/wp\/v2\/types\/page"}],"author":[{"embeddable":true,"href":"https:\/\/staging.de-rigo.we-dev.it\/es\/wp-json\/wp\/v2\/users\/1"}],"replies":[{"embeddable":true,"href":"https:\/\/staging.de-rigo.we-dev.it\/es\/wp-json\/wp\/v2\/comments?post=1942"}],"version-history":[{"count":4,"href":"https:\/\/staging.de-rigo.we-dev.it\/es\/wp-json\/wp\/v2\/pages\/1942\/revisions"}],"predecessor-version":[{"id":2932,"href":"https:\/\/staging.de-rigo.we-dev.it\/es\/wp-json\/wp\/v2\/pages\/1942\/revisions\/2932"}],"wp:attachment":[{"href":"https:\/\/staging.de-rigo.we-dev.it\/es\/wp-json\/wp\/v2\/media?parent=1942"}],"curies":[{"name":"wp","href":"https:\/\/api.w.org\/{rel}","templated":true}]}}