{"id":2024,"date":"2025-11-24T14:00:46","date_gmt":"2025-11-24T13:00:46","guid":{"rendered":"https:\/\/staging.de-rigo.we-dev.it\/trabaja-con-nosotros\/"},"modified":"2026-01-27T13:13:58","modified_gmt":"2026-01-27T12:13:58","slug":"trabaja-con-nosotros","status":"publish","type":"page","link":"https:\/\/staging.de-rigo.we-dev.it\/es\/trabaja-con-nosotros\/","title":{"rendered":"Trabaja con nosotros"},"content":{"rendered":"<section class=\"hero-lavora-con-noi\">\n  <div class=\"hero-lavora-con-noi__content\">\n    <div class=\"hero-lavora-con-noi__intro\">\n      <h1 data-inview data-split>\u00a1Forma parte del grupo!<\/h1>\n      <p data-inview>Invertimos en habilidades y crecimiento profesional, inspirados por la pasi\u00f3n por nuestro trabajo.<\/p>\n    <\/div>\n    <div class=\"hero-lavora-con-noi__numbers\">\n              <div class=\"hero-lavora-con-noi__number\">\n          <div>\n            <p data-inview>3400<\/p>\n          <\/div>\n          <div>\n            <p data-inview>Trabajadores en la empresa<\/p>\n          <\/div>\n        <\/div>\n              <div class=\"hero-lavora-con-noi__number\">\n          <div>\n            <p data-inview>65%<\/p>\n          <\/div>\n          <div>\n            <p data-inview>Mujeres en la empresa<\/p>\n          <\/div>\n        <\/div>\n              <div class=\"hero-lavora-con-noi__number\">\n          <div>\n            <p data-inview>23<\/p>\n          <\/div>\n          <div>\n            <p data-inview>Pa\u00edses en los que estamos presentes con sucursales<\/p>\n          <\/div>\n        <\/div>\n          <\/div>\n  <\/div>\n  <div class=\"hero-lavora-con-noi__divider\"><\/div>\n  <div class=\"hero-lavora-con-noi__image\">\n    \n\n\n  <picture\n    class=\"responsive-image\"\n    :class=\"{ '-visible' : isVisible, '-enter-animation': 1 }\"\n    x-data=\"responsiveImage\"\n    x-intersect.once=\"onEnter()\">\n    \n    <source srcset=\"\" type=\"image\/webp\">\n\n    <img loading=\"lazy\"\n      loading=\"\"\n      decoding=\"async\"\n      src=\"https:\/\/staging.de-rigo.we-dev.it\/app\/uploads\/2026\/01\/lavoraconnoi-heroimage-desktop.jpg\"\n      alt=\"lavoraconnoi-heroimage-desktop\"\n      width=\"660\"\n      height=\"1010\"\n    >\n  <\/picture>\n  <\/div>\n<\/section>\n\n<section class=\"open-positions\" x-data=\"openPositions\">\n    <h2>Puestos vacantes<\/h2>\n\n    <div class=\"open-positions__allibo-widget-wrapper\" x-show=\"showList\" x-transition>\n      <a href=\"https:\/\/allibo.com\"\n        data-allibo=\"https:\/\/joblink.allibo.com\/ats3\/Widget\/connector.aspx?DM=l3BodX2NREYHVM2OHwd7vLHwYzOJUikAZk4%2BEKaPP2A%3D&#038;SG=2&#038;FT=445&#038;LN=IT\"\n        rel=\"follow\"\n        style=\"text-decoration:none; cursor:default\">\n        Caricamento offerte in corso&#8230;\n      <\/a>\n    <\/div>\n\n    <a href=\"https:\/\/allibo.com\" data-allibo=\"https:\/\/joblink.allibo.com\/ats3\/Widget\/connector.aspx?DM=l3BodX2NREYHVM2OHwd7vLHwYzOJUikAZk4%2BEKaPP2A%3D&#038;SG=2&#038;FT=447&#038;LN=IT\"\nrel=\"follow\" style=\"text-decoration:none; cursor:default\">&#8211;<\/a>\n<\/section>\n<section class=\"unsolicited-application\">\n  <div class=\"unsolicited-application__bg-media\">\n    \n\n  <img\n    class=\"base-image\"\n    :class=\"{ '-visible': isVisible, '-enter-animation': true }\"\n    x-data=\"baseImage\"\n    x-intersect.once=\"onEnter()\"\n    srcset=\"https:\/\/staging.de-rigo.we-dev.it\/app\/uploads\/2026\/01\/banner-bg-candidatura-desktop-480x0-c-default.webp 480w, https:\/\/staging.de-rigo.we-dev.it\/app\/uploads\/2026\/01\/banner-bg-candidatura-desktop-768x0-c-default.webp 768w, https:\/\/staging.de-rigo.we-dev.it\/app\/uploads\/2026\/01\/banner-bg-candidatura-desktop-1024x0-c-default.webp 1024w, https:\/\/staging.de-rigo.we-dev.it\/app\/uploads\/2026\/01\/banner-bg-candidatura-desktop-1440x0-c-default.webp 1440w, https:\/\/staging.de-rigo.we-dev.it\/app\/uploads\/2026\/01\/banner-bg-candidatura-desktop-1920x0-c-default.webp 1920w\"\n    src=\"https:\/\/staging.de-rigo.we-dev.it\/app\/uploads\/2026\/01\/banner-bg-candidatura-desktop-480x0-c-default.jpg\"\n    alt=\"banner-bg-candidatura-desktop\"\n    width=\"2160\"\n    height=\"1655\"\n    loading=\"lazy\"\n    decoding=\"async\"\n    fetchpriority=\"auto\"\n  \/>\n\n  <\/div>\n\n  <a class=\"unsolicited-application__card\" href=\"https:\/\/joblink.allibo.com\/ats3\/application.aspx?DM=1934&#038;DMN=8I1uMvXBKssWiG26E30J&#038;LN=EN&#038;FT=447&#038;SG=2\" target=\"_blank\" rel=\"follow\">\n    <div class=\"unsolicited-application__card-inner\">\n      <div class=\"unsolicited-application__card-top\">\n        <div class=\"unsolicited-application__card-launch\">\n          <div class=\"unsolicited-application__card-image\">\n            \n\n  <img\n    class=\"base-image\"\n    :class=\"{ '-visible': isVisible, '-enter-animation': true }\"\n    x-data=\"baseImage\"\n    x-intersect.once=\"onEnter()\"\n    srcset=\"https:\/\/staging.de-rigo.we-dev.it\/app\/uploads\/2026\/01\/banner-card-candidatura-desktop-480x0-c-default.webp 480w, https:\/\/staging.de-rigo.we-dev.it\/app\/uploads\/2026\/01\/banner-card-candidatura-desktop-768x0-c-default.webp 768w, https:\/\/staging.de-rigo.we-dev.it\/app\/uploads\/2026\/01\/banner-card-candidatura-desktop-1024x0-c-default.webp 1024w, https:\/\/staging.de-rigo.we-dev.it\/app\/uploads\/2026\/01\/banner-card-candidatura-desktop-1440x0-c-default.webp 1440w, https:\/\/staging.de-rigo.we-dev.it\/app\/uploads\/2026\/01\/banner-card-candidatura-desktop-1920x0-c-default.webp 1920w\"\n    src=\"https:\/\/staging.de-rigo.we-dev.it\/app\/uploads\/2026\/01\/banner-card-candidatura-desktop-480x0-c-default.jpg\"\n    alt=\"banner-card-candidatura-desktop\"\n    width=\"386\"\n    height=\"543\"\n    loading=\"lazy\"\n    decoding=\"async\"\n    fetchpriority=\"auto\"\n  \/>\n\n          <\/div>\n                      \n\n  <button\n    class=\"base-button -tertiary -dark\"\n    x-data\n         @click=\"$dispatch('button-click')\"     >\n        <span class=\"base-button__label\">Env\u00eda tu curr\u00edculum<\/span>\n      <\/button>\n                  <\/div>\n      <\/div>\n      <div class=\"unsolicited-application__card-bottom\">\n        <h5 data-inview data-split>Candidatura espont\u00e1nea<\/h5>\n      <\/div>\n    <\/div>\n  <\/a>\n<\/section>\n","protected":false},"excerpt":{"rendered":"","protected":false},"author":1,"featured_media":0,"parent":0,"menu_order":12,"comment_status":"closed","ping_status":"closed","template":"","meta":{"_acf_changed":false,"footnotes":""},"class_list":["post-2024","page","type-page","status-publish","hentry"],"acf":[],"yoast_head":"<!-- This site is optimized with the Yoast SEO plugin v27.0 - https:\/\/yoast.com\/product\/yoast-seo-wordpress\/ -->\n<title>Carreras en De Rigo | \u00danete a Nuestro Equipo<\/title>\n<meta name=\"description\" content=\"Invertimos en competencias y crecimiento profesional, impulsados por la pasi\u00f3n por nuestro trabajo. \u00danete a nuestro equipo.\" \/>\n<meta name=\"robots\" content=\"noindex, follow, max-snippet:-1, max-image-preview:large, max-video-preview:-1\" \/>\n<!-- \/ Yoast SEO plugin. -->","yoast_head_json":{"title":"Carreras en De Rigo | \u00danete a Nuestro Equipo","description":"Invertimos en competencias y crecimiento profesional, impulsados por la pasi\u00f3n por nuestro trabajo. \u00danete a nuestro equipo.","robots":{"index":"noindex","follow":"follow","max-snippet":"max-snippet:-1","max-image-preview":"max-image-preview:large","max-video-preview":"max-video-preview:-1"},"schema":{"@context":"https:\/\/schema.org","@graph":[{"@type":"WebPage","@id":"https:\/\/staging.de-rigo.we-dev.it\/es\/trabaja-con-nosotros\/","url":"https:\/\/staging.de-rigo.we-dev.it\/es\/trabaja-con-nosotros\/","name":"Carreras en De Rigo | \u00danete a Nuestro Equipo","isPartOf":{"@id":"https:\/\/staging.de-rigo.we-dev.it\/es\/#website"},"datePublished":"2025-11-24T13:00:46+00:00","dateModified":"2026-01-27T12:13:58+00:00","description":"Invertimos en competencias y crecimiento profesional, impulsados por la pasi\u00f3n por nuestro trabajo. \u00danete a nuestro equipo.","breadcrumb":{"@id":"https:\/\/staging.de-rigo.we-dev.it\/es\/trabaja-con-nosotros\/#breadcrumb"},"inLanguage":"es-ES","potentialAction":[{"@type":"ReadAction","target":["https:\/\/staging.de-rigo.we-dev.it\/es\/trabaja-con-nosotros\/"]}]},{"@type":"BreadcrumbList","@id":"https:\/\/staging.de-rigo.we-dev.it\/es\/trabaja-con-nosotros\/#breadcrumb","itemListElement":[{"@type":"ListItem","position":1,"name":"Home","item":"https:\/\/staging.de-rigo.we-dev.it\/es\/"},{"@type":"ListItem","position":2,"name":"Trabaja con nosotros"}]},{"@type":"WebSite","@id":"https:\/\/staging.de-rigo.we-dev.it\/es\/#website","url":"https:\/\/staging.de-rigo.we-dev.it\/es\/","name":"De Rigo","description":"","publisher":{"@id":"https:\/\/staging.de-rigo.we-dev.it\/es\/#organization"},"potentialAction":[{"@type":"SearchAction","target":{"@type":"EntryPoint","urlTemplate":"https:\/\/staging.de-rigo.we-dev.it\/es\/?s={search_term_string}"},"query-input":{"@type":"PropertyValueSpecification","valueRequired":true,"valueName":"search_term_string"}}],"inLanguage":"es-ES"},{"@type":"Organization","@id":"https:\/\/staging.de-rigo.we-dev.it\/es\/#organization","name":"De Rigo","url":"https:\/\/staging.de-rigo.we-dev.it\/es\/","logo":{"@type":"ImageObject","inLanguage":"es-ES","@id":"https:\/\/staging.de-rigo.we-dev.it\/es\/#\/schema\/logo\/image\/","url":"https:\/\/staging.de-rigo.we-dev.it\/app\/uploads\/2026\/01\/Timeline-38.jpg","contentUrl":"https:\/\/staging.de-rigo.we-dev.it\/app\/uploads\/2026\/01\/Timeline-38.jpg","width":"618","height":"788","caption":"De Rigo"},"image":{"@id":"https:\/\/staging.de-rigo.we-dev.it\/es\/#\/schema\/logo\/image\/"}}]}},"_links":{"self":[{"href":"https:\/\/staging.de-rigo.we-dev.it\/es\/wp-json\/wp\/v2\/pages\/2024","targetHints":{"allow":["GET"]}}],"collection":[{"href":"https:\/\/staging.de-rigo.we-dev.it\/es\/wp-json\/wp\/v2\/pages"}],"about":[{"href":"https:\/\/staging.de-rigo.we-dev.it\/es\/wp-json\/wp\/v2\/types\/page"}],"author":[{"embeddable":true,"href":"https:\/\/staging.de-rigo.we-dev.it\/es\/wp-json\/wp\/v2\/users\/1"}],"replies":[{"embeddable":true,"href":"https:\/\/staging.de-rigo.we-dev.it\/es\/wp-json\/wp\/v2\/comments?post=2024"}],"version-history":[{"count":1,"href":"https:\/\/staging.de-rigo.we-dev.it\/es\/wp-json\/wp\/v2\/pages\/2024\/revisions"}],"predecessor-version":[{"id":2028,"href":"https:\/\/staging.de-rigo.we-dev.it\/es\/wp-json\/wp\/v2\/pages\/2024\/revisions\/2028"}],"wp:attachment":[{"href":"https:\/\/staging.de-rigo.we-dev.it\/es\/wp-json\/wp\/v2\/media?parent=2024"}],"curies":[{"name":"wp","href":"https:\/\/api.w.org\/{rel}","templated":true}]}}