{"id":2881,"date":"2026-01-20T17:12:32","date_gmt":"2026-01-20T16:12:32","guid":{"rendered":"https:\/\/staging.de-rigo.we-dev.it\/model-under-law-decree-231\/"},"modified":"2026-01-27T13:08:37","modified_gmt":"2026-01-27T12:08:37","slug":"model-under-law-decree-231","status":"publish","type":"page","link":"https:\/\/staging.de-rigo.we-dev.it\/es\/model-under-law-decree-231\/","title":{"rendered":"Model under law decree 231"},"content":{"rendered":"\n<section class=\"block-spacer -bg-transparent -space-xxl\">\n\n<\/section>\n\n<section class=\"basic-content\">\n  <h1>Model under law decree 231<\/h1>\n\n<\/section>\n<section class=\"downloads-grid -bg- -align-\">\n  <ul class=\"downloads-grid__list\">\n          <li class=\"downloads-grid__item\">\n        <p data-inview>Model under law decree 231<\/p>\n        \n\n  <a\n    class=\"base-button -tertiary -dark\"\n    href=\"https:\/\/staging.de-rigo.we-dev.it\/app\/uploads\/2026\/01\/modello_organizzativo_-_parte_generale_appr._18.04.2024__1631.pdf\"\n    target=\"_blank\"\n    >\n        <span class=\"base-button__label\">Download<\/span>\n          <span class=\"base-button__icon\">\n          \n  <span class=\"base-icon\"><svg width=\"48\" height=\"48\" viewBox=\"0 0 48 48\" fill=\"none\" xmlns=\"http:\/\/www.w3.org\/2000\/svg\">\n<g clip-path=\"url(#clip0_2411_2263)\">\n<path d=\"M24 27V6\" stroke=\"black\" stroke-width=\"1.9\" stroke-linecap=\"round\" stroke-linejoin=\"round\"\/>\n<path d=\"M40.5 27V39H7.5V27\" stroke=\"black\" stroke-width=\"1.9\" stroke-linecap=\"round\" stroke-linejoin=\"round\"\/>\n<path d=\"M31.5 19.5L24 27L16.5 19.5\" stroke=\"black\" stroke-width=\"1.9\" stroke-linecap=\"round\" stroke-linejoin=\"round\"\/>\n<\/g>\n<defs>\n<clipPath id=\"clip0_2411_2263\">\n<rect width=\"48\" height=\"48\" fill=\"white\"\/>\n<\/clipPath>\n<\/defs>\n<\/svg>\n<\/span>\n      <\/span>\n      <\/a>\n      <\/li>\n      <\/ul>\n<\/section>\n<section class=\"basic-content\">\n  <h4>With the issuance of Law Decree 231\/01, companies\/institutions are called upon, in administrative and criminal proceedings, to account for a number of offences (&#8220;offences under Law Decree 231&#8221;) committed to their advantage by their directors and\/or employees.<\/h4>\n<p>&nbsp;<\/p>\n<p>However, companies\/institutions may be exempt from liability for offences under Law Decree 231 if they have adopted an appropriate Organization, Management and Control Model (&#8220;Model under Law Decree 231&#8221;) designed to prevent the perpetrating of offences by their directors and\/or employees, and if they have entrusted the task of overseeing the operation, observance and updating of the Model under Law Decree 231 to a body with independent powers of initiative and control (&#8220;Supervisory Body&#8221;),<\/p>\n<p>&nbsp;<\/p>\n<p>Since the parent company De Rigo S.p.A., in the absence of employees, is limited to conducting pure holding activities, while operations are carried out by the subsidiary De Rigo Vision S.p.A., all supervisory activities were entrusted with effect from 20 December 2010 to the the latter&#8217;s Supervisory Body.<\/p>\n\n<\/section>\n\n<section class=\"block-spacer -bg-transparent -space-xxl\">\n\n<\/section>\n\n","protected":false},"excerpt":{"rendered":"","protected":false},"author":1,"featured_media":0,"parent":0,"menu_order":0,"comment_status":"closed","ping_status":"closed","template":"","meta":{"_acf_changed":false,"footnotes":""},"class_list":["post-2881","page","type-page","status-publish","hentry"],"acf":[],"yoast_head":"<!-- This site is optimized with the Yoast SEO plugin v27.0 - https:\/\/yoast.com\/product\/yoast-seo-wordpress\/ -->\n<title>Modelo de Organizaci\u00f3n y Control 231 | De Rigo<\/title>\n<meta name=\"description\" content=\"La actividad de supervisi\u00f3n ha sido confiada, con efecto a partir del 20 de diciembre de 2010, al \u00d3rgano de Vigilancia de la Sociedad.\" \/>\n<meta name=\"robots\" content=\"noindex, follow, max-snippet:-1, max-image-preview:large, max-video-preview:-1\" \/>\n<!-- \/ Yoast SEO plugin. -->","yoast_head_json":{"title":"Modelo de Organizaci\u00f3n y Control 231 | De Rigo","description":"La actividad de supervisi\u00f3n ha sido confiada, con efecto a partir del 20 de diciembre de 2010, al \u00d3rgano de Vigilancia de la Sociedad.","robots":{"index":"noindex","follow":"follow","max-snippet":"max-snippet:-1","max-image-preview":"max-image-preview:large","max-video-preview":"max-video-preview:-1"},"schema":{"@context":"https:\/\/schema.org","@graph":[{"@type":"WebPage","@id":"https:\/\/staging.de-rigo.we-dev.it\/es\/model-under-law-decree-231\/","url":"https:\/\/staging.de-rigo.we-dev.it\/es\/model-under-law-decree-231\/","name":"Modelo de Organizaci\u00f3n y Control 231 | De Rigo","isPartOf":{"@id":"https:\/\/staging.de-rigo.we-dev.it\/es\/#website"},"datePublished":"2026-01-20T16:12:32+00:00","dateModified":"2026-01-27T12:08:37+00:00","description":"La actividad de supervisi\u00f3n ha sido confiada, con efecto a partir del 20 de diciembre de 2010, al \u00d3rgano de Vigilancia de la Sociedad.","breadcrumb":{"@id":"https:\/\/staging.de-rigo.we-dev.it\/es\/model-under-law-decree-231\/#breadcrumb"},"inLanguage":"es-ES","potentialAction":[{"@type":"ReadAction","target":["https:\/\/staging.de-rigo.we-dev.it\/es\/model-under-law-decree-231\/"]}]},{"@type":"BreadcrumbList","@id":"https:\/\/staging.de-rigo.we-dev.it\/es\/model-under-law-decree-231\/#breadcrumb","itemListElement":[{"@type":"ListItem","position":1,"name":"Home","item":"https:\/\/staging.de-rigo.we-dev.it\/es\/"},{"@type":"ListItem","position":2,"name":"Model under law decree 231"}]},{"@type":"WebSite","@id":"https:\/\/staging.de-rigo.we-dev.it\/es\/#website","url":"https:\/\/staging.de-rigo.we-dev.it\/es\/","name":"De Rigo","description":"","publisher":{"@id":"https:\/\/staging.de-rigo.we-dev.it\/es\/#organization"},"potentialAction":[{"@type":"SearchAction","target":{"@type":"EntryPoint","urlTemplate":"https:\/\/staging.de-rigo.we-dev.it\/es\/?s={search_term_string}"},"query-input":{"@type":"PropertyValueSpecification","valueRequired":true,"valueName":"search_term_string"}}],"inLanguage":"es-ES"},{"@type":"Organization","@id":"https:\/\/staging.de-rigo.we-dev.it\/es\/#organization","name":"De Rigo","url":"https:\/\/staging.de-rigo.we-dev.it\/es\/","logo":{"@type":"ImageObject","inLanguage":"es-ES","@id":"https:\/\/staging.de-rigo.we-dev.it\/es\/#\/schema\/logo\/image\/","url":"https:\/\/staging.de-rigo.we-dev.it\/app\/uploads\/2026\/01\/Timeline-38.jpg","contentUrl":"https:\/\/staging.de-rigo.we-dev.it\/app\/uploads\/2026\/01\/Timeline-38.jpg","width":"618","height":"788","caption":"De Rigo"},"image":{"@id":"https:\/\/staging.de-rigo.we-dev.it\/es\/#\/schema\/logo\/image\/"}}]}},"_links":{"self":[{"href":"https:\/\/staging.de-rigo.we-dev.it\/es\/wp-json\/wp\/v2\/pages\/2881","targetHints":{"allow":["GET"]}}],"collection":[{"href":"https:\/\/staging.de-rigo.we-dev.it\/es\/wp-json\/wp\/v2\/pages"}],"about":[{"href":"https:\/\/staging.de-rigo.we-dev.it\/es\/wp-json\/wp\/v2\/types\/page"}],"author":[{"embeddable":true,"href":"https:\/\/staging.de-rigo.we-dev.it\/es\/wp-json\/wp\/v2\/users\/1"}],"replies":[{"embeddable":true,"href":"https:\/\/staging.de-rigo.we-dev.it\/es\/wp-json\/wp\/v2\/comments?post=2881"}],"version-history":[{"count":1,"href":"https:\/\/staging.de-rigo.we-dev.it\/es\/wp-json\/wp\/v2\/pages\/2881\/revisions"}],"predecessor-version":[{"id":2882,"href":"https:\/\/staging.de-rigo.we-dev.it\/es\/wp-json\/wp\/v2\/pages\/2881\/revisions\/2882"}],"wp:attachment":[{"href":"https:\/\/staging.de-rigo.we-dev.it\/es\/wp-json\/wp\/v2\/media?parent=2881"}],"curies":[{"name":"wp","href":"https:\/\/api.w.org\/{rel}","templated":true}]}}