{"id":927,"date":"2026-01-14T17:17:12","date_gmt":"2026-01-14T16:17:12","guid":{"rendered":"https:\/\/staging.de-rigo.we-dev.it\/politica-de-privacidad\/"},"modified":"2026-01-27T13:10:42","modified_gmt":"2026-01-27T12:10:42","slug":"politica-de-privacidad","status":"publish","type":"page","link":"https:\/\/staging.de-rigo.we-dev.it\/es\/politica-de-privacidad\/","title":{"rendered":"Pol\u00edtica de privacidad"},"content":{"rendered":"<section class=\"privacy-policy\">\n  <h1>Pol\u00edtica de privacidad<\/h1>\n  <h2>Informaci\u00f3n de \u00abPrivacidad\u00bb de este sitio<\/h2>\n  <p>De conformidad con el Reglamento General de la UE sobre la Protecci\u00f3n de Datos Personales UE 679\/2016 (GDPR), mediante la presente informativa, De Rigo Vision S.p.A. (en adelante tambi\u00e9n denominada \u00abDe Rigo\u00bb) explica a los visitantes de su sitio web los prop\u00f3sitos y m\u00e9todos de tratamiento de los datos personales, as\u00ed como las indicaciones sobre c\u00f3mo ejercer los derechos de privacidad. Al utilizar nuestros servicios, el usuario acepta que De Rigo procese sus datos personales como se describe en esta declaraci\u00f3n.<\/p>\n  <h2>Qui\u00e9nes somos<\/h2>\n  <p>Fundada en 1978 por iniciativa de los hermanos Ennio y Walter De Rigo como una peque\u00f1a empresa artesanal de Belluno, en la actualidad De Rigo es un l\u00edder mundial en el dise\u00f1o, la fabricaci\u00f3n y la distribuci\u00f3n de gafas de alta gama y de alta calidad, y entre los m\u00e1s importantes minorista en el campo de la \u00f3ptica internacional. Los productos del Grupo se distribuyen en aproximadamente 80 pa\u00edses de todo el mundo, con 16 sucursales comerciales, 4 divisiones minoristas y m\u00e1s de 100 distribuidores independientes.\nEsta declaraci\u00f3n de privacidad es v\u00e1lida para todos los visitantes del sitio web <a target=\"_blank\" href=\"https:\/\/www.derigo.com\">www.derigo.com<\/a>, en relaci\u00f3n a los datos personales proporcionados por estos \u00faltimos a De Rigo.\nComo parte del tratamiento de los datos personales, el Titular del tratamiento es De Vision Rigo S.p.A., con domicilio social en Z.I. Villanova, 12 32013 Longarone (BL) \u2013 P.IVA IT01001050259, en la persona de su representante legal. En el caso de que el interesado tuviera peticiones con respecto a esta pol\u00edtica de privacidad o, m\u00e1s en general, las modalidades de tratamiento de sus datos personales, puede ponerse en contacto con el Titular mediante la direcci\u00f3n <a href=\"mailto:privacy@derigo.com\">privacy@derigo.com<\/a><\/p>\n  <h2>Qu\u00e9 datos tratamos  y por que lo hacemos<\/h2>\n  <p>A la luz de los servicios ofrecidos, los prop\u00f3sitos por los cuales De Rigo procesar\u00e1 los datos personales de los usuarios son:<\/p>\n  <ol>\n    <li>gestionar las actividades administrativas para responder a las solicitudes de los usuarios (solicitudes, soporte, reclamaciones, etc.);<\/li>\n    <li>publicitar los productos y la marca administrada por la compa\u00f1\u00eda;<\/li>\n    <li>mejorar la calidad de los productos y servicios proporcionados por De Rigo.<\/li>\n  <\/ol>\n  <p>Con respecto a los tratamientos con fines de marketing para los visitantes del sitio web, las partes interesadas deber\u00e1n proporcionar un consentimiento expl\u00edcito. En lo que respecta a las otras finalidades del tratamiento, De Rigo lo lleva a cabo bas\u00e1ndose en los intereses leg\u00edtimos para gestionar las solicitudes que se le dirigen y realizar an\u00e1lisis sobre las herramientas web ofrecidas.\nTeniendo en cuenta los fines descritos anteriormente, De Rigo tratar\u00e1 los siguientes tipos de datos personales:<\/p>\n  <ol>\n    <li>datos personales comunes, como nombre, domicilio de residencia, contactos telef\u00f3nicos y direcci\u00f3n de correo electr\u00f3nico;<\/li>\n    <li>datos de navegaci\u00f3n, tambi\u00e9n conocidos como cookies, como la direcci\u00f3n IP desde la cual el usuario se conecta a Internet, sus datos de inicio de sesi\u00f3n, el tipo de navegador que utiliza o las consultas de b\u00fasqueda en l\u00ednea en nuestro sitio web.<\/li>\n  <\/ol>\n  <p>Los datos personales se recopilan de forma opcional o de forma obligatoria. Si es obligatorio proporcionar datos personales, estos se indican en consecuencia. En caso de que una parte interesada niegue proporcionar los datos personales que De Rigo haya notificado como obligatorios, no podremos responder a sus solicitudes.<\/p>\n  <h2>C\u00f3mo usamos sus datos<\/h2>\n  <p>De Rigo recopila y almacena sus datos personales en formato digital y en papel para lograr los fines para los que se requiere procesarlos. En cualquier caso, la Compa\u00f1\u00eda aplicar\u00e1 las medidas de seguridad t\u00e9cnicas y organizativas m\u00e1s adecuadas para proteger dichos datos.\nEstos datos son manejados por operadores debidamente capacitados para llevar a cabo estas actividades.<\/p>\n  <h2>C\u00f3mo compartimos sus datos<\/h2>\n  <p>Para lograr los prop\u00f3sitos anteriores, De Rigo puede transmitir sus datos personales a terceros, ya sean Titulares Aut\u00f3nomos o Procesadores de Datos Externos. Las categor\u00edas de terceros que pueden estar involucradas en las actividades de tratamiento son:<\/p>\n  <ol>\n    <li>proveedores de servicios de TI en los que nos apoyamos;<\/li>\n    <li>agencias o proveedores de servicios que ayudan a De Rigo en actividades de marketing;<\/li>\n    <li>nuestra red de ventas u otras compa\u00f1\u00edas del Grupo, si es necesario para satisfacer sus solicitudes.<\/li>\n  <\/ol>\n  <p>En el caso de que los terceros act\u00faen como procesadores de datos externos, ser\u00e1 responsabilidad de De Rigo garantizar que estos sujetos procesen sus datos de forma adecuada y segura, de acuerdo con el tratamiento espec\u00edfico. Para garantizar que esto suceda, De Rigo se asegurar\u00e1 de que el tercero presente las medidas adecuadas para el tratamiento y le proporcionar\u00e1 instrucciones precisas mientras supervisa su trabajo.<\/p>\n  <br><br>\n  <p>Para los fines descritos anteriormente, De Rigo puede transmitir los datos personales recopilados a proveedores de pa\u00edses no pertenecientes a la UE; en cualquier caso, la Compa\u00f1\u00eda se compromete a garantizar un nivel adecuado de protecci\u00f3n estableciendo las garant\u00edas adecuadas de conformidad con el Reglamento de Privacidad Europeo (GDPR \u2013 UE 679\/2016).<\/p>\n  <br><br>\n  <p>Nuestras obligaciones y sus derechos<\/p>\n  <br><br>\n  <p>NUESTRAS OBLIGACIONES \u2013 los datos que proporcione o recopilados de fuentes de terceros se almacenar\u00e1n en nuestros archivos en la medida necesaria y solo con el fin de perseguir los fines descritos anteriormente. Para garantizar un tratamiento de sus datos personales de acuerdo con sus deseos, en todos los mensajes comerciales le daremos la oportunidad de expresar f\u00e1cilmente el deseo de no recibir m\u00e1s comunicaciones por nuestra parte.<\/p>\n  <br><br>\n  <p>SUS DRECHOS \u2013 poni\u00e9ndose en contacto con nosotros en la direcci\u00f3n <a href=\"mailto:privacy@derigo.com\">privacy@derigo.com<\/a> podr\u00e1:<\/p>\n    <ol>\n    <li>eliminar sus datos personales (por ejemplo, si ya no necesita nuestros servicios);<\/li>\n    <li>modificar o corregir sus datos, especialmente si no son precisos;<\/li>\n    <li>limitar el uso de sus datos personales;<\/li>\n    <li>transferir sus datos personales en un formato legible, o pedirnos que dejemos de usarlos todos o parte de ellos;<\/li>\n  <\/ol>\n  <p>Si considera que sus derechos no han sido respetados, puede presentar una queja ante la autoridad competente de acuerdo con las instrucciones publicadas en su sitio web <a target=\"_blank\" href=\"https:\/\/www.garanteprivacy.it\">www.garanteprivacy.it<\/a><\/p>\n<\/section>\n","protected":false},"excerpt":{"rendered":"","protected":false},"author":1,"featured_media":0,"parent":0,"menu_order":0,"comment_status":"closed","ping_status":"closed","template":"","meta":{"_acf_changed":false,"footnotes":""},"class_list":["post-927","page","type-page","status-publish","hentry"],"acf":[],"yoast_head":"<!-- This site is optimized with the Yoast SEO plugin v27.0 - https:\/\/yoast.com\/product\/yoast-seo-wordpress\/ -->\n<title>Pol\u00edtica de Privacidad y Protecci\u00f3n de Datos | De Rigo<\/title>\n<meta name=\"description\" content=\"Explicamos las finalidades del tratamiento de datos personales, as\u00ed como las indicaciones para ejercer los derechos de privacidad.\" \/>\n<meta name=\"robots\" content=\"noindex, follow, max-snippet:-1, max-image-preview:large, max-video-preview:-1\" \/>\n<!-- \/ Yoast SEO plugin. -->","yoast_head_json":{"title":"Pol\u00edtica de Privacidad y Protecci\u00f3n de Datos | De Rigo","description":"Explicamos las finalidades del tratamiento de datos personales, as\u00ed como las indicaciones para ejercer los derechos de privacidad.","robots":{"index":"noindex","follow":"follow","max-snippet":"max-snippet:-1","max-image-preview":"max-image-preview:large","max-video-preview":"max-video-preview:-1"},"schema":{"@context":"https:\/\/schema.org","@graph":[{"@type":"WebPage","@id":"https:\/\/staging.de-rigo.we-dev.it\/es\/politica-de-privacidad\/","url":"https:\/\/staging.de-rigo.we-dev.it\/es\/politica-de-privacidad\/","name":"Pol\u00edtica de Privacidad y Protecci\u00f3n de Datos | De Rigo","isPartOf":{"@id":"https:\/\/staging.de-rigo.we-dev.it\/es\/#website"},"datePublished":"2026-01-14T16:17:12+00:00","dateModified":"2026-01-27T12:10:42+00:00","description":"Explicamos las finalidades del tratamiento de datos personales, as\u00ed como las indicaciones para ejercer los derechos de privacidad.","breadcrumb":{"@id":"https:\/\/staging.de-rigo.we-dev.it\/es\/politica-de-privacidad\/#breadcrumb"},"inLanguage":"es-ES","potentialAction":[{"@type":"ReadAction","target":["https:\/\/staging.de-rigo.we-dev.it\/es\/politica-de-privacidad\/"]}]},{"@type":"BreadcrumbList","@id":"https:\/\/staging.de-rigo.we-dev.it\/es\/politica-de-privacidad\/#breadcrumb","itemListElement":[{"@type":"ListItem","position":1,"name":"Home","item":"https:\/\/staging.de-rigo.we-dev.it\/es\/"},{"@type":"ListItem","position":2,"name":"Pol\u00edtica de privacidad"}]},{"@type":"WebSite","@id":"https:\/\/staging.de-rigo.we-dev.it\/es\/#website","url":"https:\/\/staging.de-rigo.we-dev.it\/es\/","name":"De Rigo","description":"","publisher":{"@id":"https:\/\/staging.de-rigo.we-dev.it\/es\/#organization"},"potentialAction":[{"@type":"SearchAction","target":{"@type":"EntryPoint","urlTemplate":"https:\/\/staging.de-rigo.we-dev.it\/es\/?s={search_term_string}"},"query-input":{"@type":"PropertyValueSpecification","valueRequired":true,"valueName":"search_term_string"}}],"inLanguage":"es-ES"},{"@type":"Organization","@id":"https:\/\/staging.de-rigo.we-dev.it\/es\/#organization","name":"De Rigo","url":"https:\/\/staging.de-rigo.we-dev.it\/es\/","logo":{"@type":"ImageObject","inLanguage":"es-ES","@id":"https:\/\/staging.de-rigo.we-dev.it\/es\/#\/schema\/logo\/image\/","url":"https:\/\/staging.de-rigo.we-dev.it\/app\/uploads\/2026\/01\/Timeline-38.jpg","contentUrl":"https:\/\/staging.de-rigo.we-dev.it\/app\/uploads\/2026\/01\/Timeline-38.jpg","width":"618","height":"788","caption":"De Rigo"},"image":{"@id":"https:\/\/staging.de-rigo.we-dev.it\/es\/#\/schema\/logo\/image\/"}}]}},"_links":{"self":[{"href":"https:\/\/staging.de-rigo.we-dev.it\/es\/wp-json\/wp\/v2\/pages\/927","targetHints":{"allow":["GET"]}}],"collection":[{"href":"https:\/\/staging.de-rigo.we-dev.it\/es\/wp-json\/wp\/v2\/pages"}],"about":[{"href":"https:\/\/staging.de-rigo.we-dev.it\/es\/wp-json\/wp\/v2\/types\/page"}],"author":[{"embeddable":true,"href":"https:\/\/staging.de-rigo.we-dev.it\/es\/wp-json\/wp\/v2\/users\/1"}],"replies":[{"embeddable":true,"href":"https:\/\/staging.de-rigo.we-dev.it\/es\/wp-json\/wp\/v2\/comments?post=927"}],"version-history":[{"count":1,"href":"https:\/\/staging.de-rigo.we-dev.it\/es\/wp-json\/wp\/v2\/pages\/927\/revisions"}],"predecessor-version":[{"id":928,"href":"https:\/\/staging.de-rigo.we-dev.it\/es\/wp-json\/wp\/v2\/pages\/927\/revisions\/928"}],"wp:attachment":[{"href":"https:\/\/staging.de-rigo.we-dev.it\/es\/wp-json\/wp\/v2\/media?parent=927"}],"curies":[{"name":"wp","href":"https:\/\/api.w.org\/{rel}","templated":true}]}}