{"id":1663,"date":"2025-11-24T13:59:41","date_gmt":"2025-11-24T12:59:41","guid":{"rendered":"https:\/\/staging.de-rigo.we-dev.it\/valeurs-et-vision\/"},"modified":"2026-01-27T13:18:13","modified_gmt":"2026-01-27T12:18:13","slug":"valeurs-et-vision","status":"publish","type":"page","link":"https:\/\/staging.de-rigo.we-dev.it\/fr\/valeurs-et-vision\/","title":{"rendered":"Valeurs et vision"},"content":{"rendered":"<section class=\"sticky-banners\">\n  <div class=\"sticky-banners__bg\">\n    <div class=\"sticky-banners__bg-media\">\n      \n\n  <img\n    class=\"base-image\"\n    :class=\"{ '-visible': isVisible, '-enter-animation': true }\"\n    x-data=\"baseImage\"\n    x-intersect.once=\"onEnter()\"\n    srcset=\"https:\/\/staging.de-rigo.we-dev.it\/app\/uploads\/2026\/01\/00-valori-hero-bg-desktop-480x0-c-default.webp 480w, https:\/\/staging.de-rigo.we-dev.it\/app\/uploads\/2026\/01\/00-valori-hero-bg-desktop-768x0-c-default.webp 768w, https:\/\/staging.de-rigo.we-dev.it\/app\/uploads\/2026\/01\/00-valori-hero-bg-desktop-1024x0-c-default.webp 1024w, https:\/\/staging.de-rigo.we-dev.it\/app\/uploads\/2026\/01\/00-valori-hero-bg-desktop-1440x0-c-default.webp 1440w, https:\/\/staging.de-rigo.we-dev.it\/app\/uploads\/2026\/01\/00-valori-hero-bg-desktop-1920x0-c-default.webp 1920w\"\n    src=\"https:\/\/staging.de-rigo.we-dev.it\/app\/uploads\/2026\/01\/00-valori-hero-bg-desktop-480x0-c-default.jpg\"\n    alt=\"00-valori-hero-bg-desktop\"\n    width=\"2160\"\n    height=\"1542\"\n    loading=\"lazy\"\n    decoding=\"async\"\n    fetchpriority=\"auto\"\n  \/>\n\n    <\/div>\n    <div class=\"sticky-banners__title\">\n      <h1 data-inview data-split>Les valeurs qui nous distinguent<\/h1>\n    <\/div>\n  <\/div>\n  <div class=\"sticky-banners__content\">\n    <div class=\"sticky-banners__banners\">\n                                                <a\n          class=\"sticky-banners__banner\"\n          href=\"\/fr\/travaillez-avec-nous\/\"          >\n          <div class=\"sticky-banners__banner-inner\">\n            <div class=\"sticky-banners__banner-top\">\n              <div class=\"sticky-banners__banner-counter\">\n                <p data-inview>001<\/p>\n              <\/div>\n              <div class=\"sticky-banners__banner-launch\">\n                <div class=\"sticky-banners__banner-image\">\n                  \n\n  <img\n    class=\"base-image\"\n    :class=\"{ '-visible': isVisible, '-enter-animation': true }\"\n    x-data=\"baseImage\"\n    x-intersect.once=\"onEnter()\"\n    srcset=\"https:\/\/staging.de-rigo.we-dev.it\/app\/uploads\/2026\/01\/01-valori-persone-card-desktop-480x0-c-default.webp 480w, https:\/\/staging.de-rigo.we-dev.it\/app\/uploads\/2026\/01\/01-valori-persone-card-desktop-768x0-c-default.webp 768w, https:\/\/staging.de-rigo.we-dev.it\/app\/uploads\/2026\/01\/01-valori-persone-card-desktop-1024x0-c-default.webp 1024w, https:\/\/staging.de-rigo.we-dev.it\/app\/uploads\/2026\/01\/01-valori-persone-card-desktop-1440x0-c-default.webp 1440w, https:\/\/staging.de-rigo.we-dev.it\/app\/uploads\/2026\/01\/01-valori-persone-card-desktop-1920x0-c-default.webp 1920w\"\n    src=\"https:\/\/staging.de-rigo.we-dev.it\/app\/uploads\/2026\/01\/01-valori-persone-card-desktop-480x0-c-default.jpg\"\n    alt=\"01-valori-persone-card-desktop\"\n    width=\"387\"\n    height=\"543\"\n    loading=\"lazy\"\n    decoding=\"async\"\n    fetchpriority=\"auto\"\n  \/>\n\n                <\/div>\n                                  \n\n  <button\n    class=\"base-button -tertiary -dark\"\n    x-data\n         @click=\"$dispatch('button-click')\"     >\n        <span class=\"base-button__label\">Travaillez avec nous<\/span>\n      <\/button>\n                              <\/div>\n            <\/div>\n            <div class=\"sticky-banners__banner-bottom\">\n              <h5 data-inview data-split>Les personnes<\/h5>\n              <p data-inview>Nous sommes unis, nous formons une \u00e9quipe. Derri\u00e8re chaque chiffre, chaque projet et chaque r\u00e9sultat, il y a des personnes : des histoires, des passions et des visages qui donnent vie \u00e0 notre entreprise. <\/p>\n            <\/div>\n          <\/div>\n        <\/a>\n                                                <a\n          class=\"sticky-banners__banner\"\n          href=\"\/fr\/contact\/\"          >\n          <div class=\"sticky-banners__banner-inner\">\n            <div class=\"sticky-banners__banner-top\">\n              <div class=\"sticky-banners__banner-counter\">\n                <p data-inview>002<\/p>\n              <\/div>\n              <div class=\"sticky-banners__banner-launch\">\n                <div class=\"sticky-banners__banner-image\">\n                  \n\n  <img\n    class=\"base-image\"\n    :class=\"{ '-visible': isVisible, '-enter-animation': true }\"\n    x-data=\"baseImage\"\n    x-intersect.once=\"onEnter()\"\n    srcset=\"https:\/\/staging.de-rigo.we-dev.it\/app\/uploads\/2026\/01\/02-valori-trasparenza-card-desktop-480x0-c-default.webp 480w, https:\/\/staging.de-rigo.we-dev.it\/app\/uploads\/2026\/01\/02-valori-trasparenza-card-desktop-768x0-c-default.webp 768w, https:\/\/staging.de-rigo.we-dev.it\/app\/uploads\/2026\/01\/02-valori-trasparenza-card-desktop-1024x0-c-default.webp 1024w, https:\/\/staging.de-rigo.we-dev.it\/app\/uploads\/2026\/01\/02-valori-trasparenza-card-desktop-1440x0-c-default.webp 1440w, https:\/\/staging.de-rigo.we-dev.it\/app\/uploads\/2026\/01\/02-valori-trasparenza-card-desktop-1920x0-c-default.webp 1920w\"\n    src=\"https:\/\/staging.de-rigo.we-dev.it\/app\/uploads\/2026\/01\/02-valori-trasparenza-card-desktop-480x0-c-default.jpg\"\n    alt=\"02-valori-trasparenza-card-desktop\"\n    width=\"387\"\n    height=\"543\"\n    loading=\"lazy\"\n    decoding=\"async\"\n    fetchpriority=\"auto\"\n  \/>\n\n                <\/div>\n                                  \n\n  <button\n    class=\"base-button -tertiary -dark\"\n    x-data\n         @click=\"$dispatch('button-click')\"     >\n        <span class=\"base-button__label\">Parlez avec nous<\/span>\n      <\/button>\n                              <\/div>\n            <\/div>\n            <div class=\"sticky-banners__banner-bottom\">\n              <h5 data-inview data-split>Transparence<\/h5>\n              <p data-inview>Se confronter avec sinc\u00e9rit\u00e9 et honn\u00eatet\u00e9 n\u2019est pas qu\u2019un principe : c\u2019est la cl\u00e9 qui ouvre les portes de la confiance, de la collaboration et d\u2019une activit\u00e9 solide et durable.<\/p>\n            <\/div>\n          <\/div>\n        <\/a>\n                                                <a\n          class=\"sticky-banners__banner\"\n          href=\"\/fr\/investisseurs-et-partenaires\/\"          >\n          <div class=\"sticky-banners__banner-inner\">\n            <div class=\"sticky-banners__banner-top\">\n              <div class=\"sticky-banners__banner-counter\">\n                <p data-inview>003<\/p>\n              <\/div>\n              <div class=\"sticky-banners__banner-launch\">\n                <div class=\"sticky-banners__banner-image\">\n                  \n\n  <img\n    class=\"base-image\"\n    :class=\"{ '-visible': isVisible, '-enter-animation': true }\"\n    x-data=\"baseImage\"\n    x-intersect.once=\"onEnter()\"\n    srcset=\"https:\/\/staging.de-rigo.we-dev.it\/app\/uploads\/2026\/01\/03-valori-affidabilita-card-desktop-480x0-c-default.webp 480w, https:\/\/staging.de-rigo.we-dev.it\/app\/uploads\/2026\/01\/03-valori-affidabilita-card-desktop-768x0-c-default.webp 768w, https:\/\/staging.de-rigo.we-dev.it\/app\/uploads\/2026\/01\/03-valori-affidabilita-card-desktop-1024x0-c-default.webp 1024w, https:\/\/staging.de-rigo.we-dev.it\/app\/uploads\/2026\/01\/03-valori-affidabilita-card-desktop-1440x0-c-default.webp 1440w, https:\/\/staging.de-rigo.we-dev.it\/app\/uploads\/2026\/01\/03-valori-affidabilita-card-desktop-1920x0-c-default.webp 1920w\"\n    src=\"https:\/\/staging.de-rigo.we-dev.it\/app\/uploads\/2026\/01\/03-valori-affidabilita-card-desktop-480x0-c-default.jpg\"\n    alt=\"03-valori-affidabilita\u0300-card-desktop\"\n    width=\"387\"\n    height=\"543\"\n    loading=\"lazy\"\n    decoding=\"async\"\n    fetchpriority=\"auto\"\n  \/>\n\n                <\/div>\n                                  \n\n  <button\n    class=\"base-button -tertiary -dark\"\n    x-data\n         @click=\"$dispatch('button-click')\"     >\n        <span class=\"base-button__label\">D\u00e9couvrez les services aux entreprises<\/span>\n      <\/button>\n                              <\/div>\n            <\/div>\n            <div class=\"sticky-banners__banner-bottom\">\n              <h5 data-inview data-split>Fiabilit\u00e9<\/h5>\n              <p data-inview>Nous sommes un partenaire sur lequel vous pouvez compter, une r\u00e9f\u00e9rence dans le secteur. Nous apportons une touche humaine \u00e0 chaque relation, afin que chaque collaborateur et partenaire se sente membre d\u2019une grande famille qui grandit ensemble. <\/p>\n            <\/div>\n          <\/div>\n        <\/a>\n                                                <a\n          class=\"sticky-banners__banner\"\n          href=\"\/fr\/excellence-et-production\/\"          >\n          <div class=\"sticky-banners__banner-inner\">\n            <div class=\"sticky-banners__banner-top\">\n              <div class=\"sticky-banners__banner-counter\">\n                <p data-inview>004<\/p>\n              <\/div>\n              <div class=\"sticky-banners__banner-launch\">\n                <div class=\"sticky-banners__banner-image\">\n                  \n\n  <img\n    class=\"base-image\"\n    :class=\"{ '-visible': isVisible, '-enter-animation': true }\"\n    x-data=\"baseImage\"\n    x-intersect.once=\"onEnter()\"\n    srcset=\"https:\/\/staging.de-rigo.we-dev.it\/app\/uploads\/2026\/01\/04-valori-condivisione-card-desktop-480x0-c-default.webp 480w, https:\/\/staging.de-rigo.we-dev.it\/app\/uploads\/2026\/01\/04-valori-condivisione-card-desktop-768x0-c-default.webp 768w, https:\/\/staging.de-rigo.we-dev.it\/app\/uploads\/2026\/01\/04-valori-condivisione-card-desktop-1024x0-c-default.webp 1024w, https:\/\/staging.de-rigo.we-dev.it\/app\/uploads\/2026\/01\/04-valori-condivisione-card-desktop-1440x0-c-default.webp 1440w, https:\/\/staging.de-rigo.we-dev.it\/app\/uploads\/2026\/01\/04-valori-condivisione-card-desktop-1920x0-c-default.webp 1920w\"\n    src=\"https:\/\/staging.de-rigo.we-dev.it\/app\/uploads\/2026\/01\/04-valori-condivisione-card-desktop-480x0-c-default.jpg\"\n    alt=\"04-valori-condivisione-card-desktop\"\n    width=\"387\"\n    height=\"543\"\n    loading=\"lazy\"\n    decoding=\"async\"\n    fetchpriority=\"auto\"\n  \/>\n\n                <\/div>\n                                  \n\n  <button\n    class=\"base-button -tertiary -dark\"\n    x-data\n         @click=\"$dispatch('button-click')\"     >\n        <span class=\"base-button__label\">D\u00e9couvrez la production<\/span>\n      <\/button>\n                              <\/div>\n            <\/div>\n            <div class=\"sticky-banners__banner-bottom\">\n              <h5 data-inview data-split>Partage<\/h5>\n              <p data-inview>Partager signifie unir des points de vue, cr\u00e9er des synergies et stimuler les id\u00e9es. Dans le monde de la lunetterie, le partage transforme la comp\u00e9tence en excellence et le travail en v\u00e9ritable source d\u2019inspiration. <\/p>\n            <\/div>\n          <\/div>\n        <\/a>\n                                                <a\n          class=\"sticky-banners__banner\"\n          href=\"\/fr\/contact\/\"          >\n          <div class=\"sticky-banners__banner-inner\">\n            <div class=\"sticky-banners__banner-top\">\n              <div class=\"sticky-banners__banner-counter\">\n                <p data-inview>005<\/p>\n              <\/div>\n              <div class=\"sticky-banners__banner-launch\">\n                <div class=\"sticky-banners__banner-image\">\n                  \n\n  <img\n    class=\"base-image\"\n    :class=\"{ '-visible': isVisible, '-enter-animation': true }\"\n    x-data=\"baseImage\"\n    x-intersect.once=\"onEnter()\"\n    srcset=\"https:\/\/staging.de-rigo.we-dev.it\/app\/uploads\/2026\/01\/05-valori-fiducia-card-desktop-480x0-c-default.webp 480w, https:\/\/staging.de-rigo.we-dev.it\/app\/uploads\/2026\/01\/05-valori-fiducia-card-desktop-768x0-c-default.webp 768w, https:\/\/staging.de-rigo.we-dev.it\/app\/uploads\/2026\/01\/05-valori-fiducia-card-desktop-1024x0-c-default.webp 1024w, https:\/\/staging.de-rigo.we-dev.it\/app\/uploads\/2026\/01\/05-valori-fiducia-card-desktop-1440x0-c-default.webp 1440w, https:\/\/staging.de-rigo.we-dev.it\/app\/uploads\/2026\/01\/05-valori-fiducia-card-desktop-1920x0-c-default.webp 1920w\"\n    src=\"https:\/\/staging.de-rigo.we-dev.it\/app\/uploads\/2026\/01\/05-valori-fiducia-card-desktop-480x0-c-default.jpg\"\n    alt=\"05-valori-fiducia-card-desktop\"\n    width=\"387\"\n    height=\"543\"\n    loading=\"lazy\"\n    decoding=\"async\"\n    fetchpriority=\"auto\"\n  \/>\n\n                <\/div>\n                                  \n\n  <button\n    class=\"base-button -tertiary -dark\"\n    x-data\n         @click=\"$dispatch('button-click')\"     >\n        <span class=\"base-button__label\">Contactez-nous<\/span>\n      <\/button>\n                              <\/div>\n            <\/div>\n            <div class=\"sticky-banners__banner-bottom\">\n              <h5 data-inview data-split>Confiance<\/h5>\n              <p data-inview>La confiance n\u2019est pas seulement un sentiment : c\u2019est un avantage concurrentiel. La confiance permet de prendre des d\u00e9cisions plus rapidement, d&#8217;innover avec courage et de grandir ensemble pour atteindre de nouveaux objectifs. <\/p>\n            <\/div>\n          <\/div>\n        <\/a>\n                                                <a\n          class=\"sticky-banners__banner\"\n          href=\"\/fr\/durabilite-pour-de-rigo\/\"          >\n          <div class=\"sticky-banners__banner-inner\">\n            <div class=\"sticky-banners__banner-top\">\n              <div class=\"sticky-banners__banner-counter\">\n                <p data-inview>006<\/p>\n              <\/div>\n              <div class=\"sticky-banners__banner-launch\">\n                <div class=\"sticky-banners__banner-image\">\n                  \n\n  <img\n    class=\"base-image\"\n    :class=\"{ '-visible': isVisible, '-enter-animation': true }\"\n    x-data=\"baseImage\"\n    x-intersect.once=\"onEnter()\"\n    srcset=\"https:\/\/staging.de-rigo.we-dev.it\/app\/uploads\/2026\/01\/06-valori-sostenibilia-card-desktop-480x0-c-default.webp 480w, https:\/\/staging.de-rigo.we-dev.it\/app\/uploads\/2026\/01\/06-valori-sostenibilia-card-desktop-768x0-c-default.webp 768w, https:\/\/staging.de-rigo.we-dev.it\/app\/uploads\/2026\/01\/06-valori-sostenibilia-card-desktop-1024x0-c-default.webp 1024w, https:\/\/staging.de-rigo.we-dev.it\/app\/uploads\/2026\/01\/06-valori-sostenibilia-card-desktop-1440x0-c-default.webp 1440w, https:\/\/staging.de-rigo.we-dev.it\/app\/uploads\/2026\/01\/06-valori-sostenibilia-card-desktop-1920x0-c-default.webp 1920w\"\n    src=\"https:\/\/staging.de-rigo.we-dev.it\/app\/uploads\/2026\/01\/06-valori-sostenibilia-card-desktop-480x0-c-default.jpg\"\n    alt=\"06-valori-sostenibilia\u0300-card-desktop\"\n    width=\"387\"\n    height=\"543\"\n    loading=\"lazy\"\n    decoding=\"async\"\n    fetchpriority=\"auto\"\n  \/>\n\n                <\/div>\n                                  \n\n  <button\n    class=\"base-button -tertiary -dark\"\n    x-data\n         @click=\"$dispatch('button-click')\"     >\n        <span class=\"base-button__label\">Lisez notre engagement<\/span>\n      <\/button>\n                              <\/div>\n            <\/div>\n            <div class=\"sticky-banners__banner-bottom\">\n              <h5 data-inview data-split>Durabilit\u00e9<\/h5>\n              <p data-inview>Chaque jour, nous innovons dans nos produits et nos processus de mani\u00e8re responsable, conscients que m\u00eame les petits pas peuvent se transformer en grands r\u00e9sultats et laisser une empreinte positive dans le monde qui nous entoure.<\/p>\n            <\/div>\n          <\/div>\n        <\/a>\n          <\/div>\n  <\/div>\n<\/section>\n","protected":false},"excerpt":{"rendered":"","protected":false},"author":1,"featured_media":0,"parent":0,"menu_order":2,"comment_status":"closed","ping_status":"closed","template":"","meta":{"_acf_changed":false,"footnotes":""},"class_list":["post-1663","page","type-page","status-publish","hentry"],"acf":[],"yoast_head":"<!-- This site is optimized with the Yoast SEO plugin v27.0 - https:\/\/yoast.com\/product\/yoast-seo-wordpress\/ -->\n<title>Nos Valeurs et Notre Vision | De Rigo<\/title>\n<meta name=\"description\" content=\"Les personnes, la transparence, la fiabilit\u00e9, le partage, la confiance et la durabilit\u00e9 sont les valeurs qui nous d\u00e9finissent.\" \/>\n<meta name=\"robots\" content=\"noindex, follow, max-snippet:-1, max-image-preview:large, max-video-preview:-1\" \/>\n<!-- \/ Yoast SEO plugin. -->","yoast_head_json":{"title":"Nos Valeurs et Notre Vision | De Rigo","description":"Les personnes, la transparence, la fiabilit\u00e9, le partage, la confiance et la durabilit\u00e9 sont les valeurs qui nous d\u00e9finissent.","robots":{"index":"noindex","follow":"follow","max-snippet":"max-snippet:-1","max-image-preview":"max-image-preview:large","max-video-preview":"max-video-preview:-1"},"schema":{"@context":"https:\/\/schema.org","@graph":[{"@type":"WebPage","@id":"https:\/\/staging.de-rigo.we-dev.it\/fr\/valeurs-et-vision\/","url":"https:\/\/staging.de-rigo.we-dev.it\/fr\/valeurs-et-vision\/","name":"Nos Valeurs et Notre Vision | De Rigo","isPartOf":{"@id":"https:\/\/staging.de-rigo.we-dev.it\/fr\/#website"},"datePublished":"2025-11-24T12:59:41+00:00","dateModified":"2026-01-27T12:18:13+00:00","description":"Les personnes, la transparence, la fiabilit\u00e9, le partage, la confiance et la durabilit\u00e9 sont les valeurs qui nous d\u00e9finissent.","breadcrumb":{"@id":"https:\/\/staging.de-rigo.we-dev.it\/fr\/valeurs-et-vision\/#breadcrumb"},"inLanguage":"fr-FR","potentialAction":[{"@type":"ReadAction","target":["https:\/\/staging.de-rigo.we-dev.it\/fr\/valeurs-et-vision\/"]}]},{"@type":"BreadcrumbList","@id":"https:\/\/staging.de-rigo.we-dev.it\/fr\/valeurs-et-vision\/#breadcrumb","itemListElement":[{"@type":"ListItem","position":1,"name":"Home","item":"https:\/\/staging.de-rigo.we-dev.it\/fr\/"},{"@type":"ListItem","position":2,"name":"Valeurs et vision"}]},{"@type":"WebSite","@id":"https:\/\/staging.de-rigo.we-dev.it\/fr\/#website","url":"https:\/\/staging.de-rigo.we-dev.it\/fr\/","name":"De Rigo","description":"","publisher":{"@id":"https:\/\/staging.de-rigo.we-dev.it\/fr\/#organization"},"potentialAction":[{"@type":"SearchAction","target":{"@type":"EntryPoint","urlTemplate":"https:\/\/staging.de-rigo.we-dev.it\/fr\/?s={search_term_string}"},"query-input":{"@type":"PropertyValueSpecification","valueRequired":true,"valueName":"search_term_string"}}],"inLanguage":"fr-FR"},{"@type":"Organization","@id":"https:\/\/staging.de-rigo.we-dev.it\/fr\/#organization","name":"De Rigo","url":"https:\/\/staging.de-rigo.we-dev.it\/fr\/","logo":{"@type":"ImageObject","inLanguage":"fr-FR","@id":"https:\/\/staging.de-rigo.we-dev.it\/fr\/#\/schema\/logo\/image\/","url":"https:\/\/staging.de-rigo.we-dev.it\/app\/uploads\/2026\/01\/Timeline-38.jpg","contentUrl":"https:\/\/staging.de-rigo.we-dev.it\/app\/uploads\/2026\/01\/Timeline-38.jpg","width":"618","height":"788","caption":"De Rigo"},"image":{"@id":"https:\/\/staging.de-rigo.we-dev.it\/fr\/#\/schema\/logo\/image\/"}}]}},"_links":{"self":[{"href":"https:\/\/staging.de-rigo.we-dev.it\/fr\/wp-json\/wp\/v2\/pages\/1663","targetHints":{"allow":["GET"]}}],"collection":[{"href":"https:\/\/staging.de-rigo.we-dev.it\/fr\/wp-json\/wp\/v2\/pages"}],"about":[{"href":"https:\/\/staging.de-rigo.we-dev.it\/fr\/wp-json\/wp\/v2\/types\/page"}],"author":[{"embeddable":true,"href":"https:\/\/staging.de-rigo.we-dev.it\/fr\/wp-json\/wp\/v2\/users\/1"}],"replies":[{"embeddable":true,"href":"https:\/\/staging.de-rigo.we-dev.it\/fr\/wp-json\/wp\/v2\/comments?post=1663"}],"version-history":[{"count":2,"href":"https:\/\/staging.de-rigo.we-dev.it\/fr\/wp-json\/wp\/v2\/pages\/1663\/revisions"}],"predecessor-version":[{"id":2151,"href":"https:\/\/staging.de-rigo.we-dev.it\/fr\/wp-json\/wp\/v2\/pages\/1663\/revisions\/2151"}],"wp:attachment":[{"href":"https:\/\/staging.de-rigo.we-dev.it\/fr\/wp-json\/wp\/v2\/media?parent=1663"}],"curies":[{"name":"wp","href":"https:\/\/api.w.org\/{rel}","templated":true}]}}