{"id":1879,"date":"2025-11-24T13:59:48","date_gmt":"2025-11-24T12:59:48","guid":{"rendered":"https:\/\/staging.de-rigo.we-dev.it\/excellence-et-production\/"},"modified":"2026-01-28T10:58:26","modified_gmt":"2026-01-28T09:58:26","slug":"excellence-et-production","status":"publish","type":"page","link":"https:\/\/staging.de-rigo.we-dev.it\/fr\/excellence-et-production\/","title":{"rendered":"Excellence et production"},"content":{"rendered":"\n<section class=\"title\">\n  <h1 data-inview data-split>Excellence et production<\/h1>\n<\/section>\n\n\n\n<section class=\"block-media\">\n    \n\n\n  <picture\n    class=\"responsive-image\"\n    :class=\"{ '-visible' : isVisible, '-enter-animation': 1 }\"\n    x-data=\"responsiveImage\"\n    x-intersect.once=\"onEnter()\">\n          <source\n        media=\"(max-width: 768px)\"\n        srcset=\"https:\/\/staging.de-rigo.we-dev.it\/app\/uploads\/2026\/01\/produzione-hero-image-mobile.webp\"\n        type=\"image\/webp\">\n      <source\n        media=\"(max-width: 768px)\"\n        srcset=\"https:\/\/staging.de-rigo.we-dev.it\/app\/uploads\/2026\/01\/produzione-hero-image-mobile.jpg\">\n    \n    <source srcset=\"\" type=\"image\/webp\">\n\n    <img loading=\"lazy\"\n      loading=\"\"\n      decoding=\"async\"\n      src=\"https:\/\/staging.de-rigo.we-dev.it\/app\/uploads\/2026\/01\/produzione-hero-image-desktop.jpg\"\n      alt=\"produzione-hero-image-desktop\"\n      width=\"2160\"\n      height=\"1542\"\n    >\n  <\/picture>\n<\/section>\n\n\n  <section class=\"content\">\n    <h6 data-inview>Des mains des ma\u00eetres artisans jusqu&#8217;aux v\u00f4tres<\/h6>\n    <h4 data-inview>Nos cr\u00e9ations parlent d&#8217;elles-m\u00eames\u00a0: formes, mat\u00e9riaux et couleurs prennent vie gr\u00e2ce \u00e0 un \u00e9quilibre unique entre savoir-faire artisanal et technologie. Chaque d\u00e9tail est le fruit du savoir-faire de nos ma\u00eetres artisans et de processus de production de pointe qui pr\u00e9servent la qualit\u00e9 et la vision.<\/h4>\n  <\/section>\n\n\n<section class=\"sticky-cards\">\n  <div class=\"sticky-cards__intro\">\n    <h3 class=\"sticky-cards__title\" data-inview data-split>Qui donne forme aux id\u00e9es<\/h3>\n  <\/div>\n  <div class=\"sticky-cards__cards\">\n          <div class=\"sticky-cards__card\">\n        \n\n\n  <picture\n    class=\"responsive-image\"\n    :class=\"{ '-visible' : isVisible, '-enter-animation': 1 }\"\n    x-data=\"responsiveImage\"\n    x-intersect.once=\"onEnter()\">\n          <source\n        media=\"(max-width: 768px)\"\n        srcset=\"https:\/\/staging.de-rigo.we-dev.it\/app\/uploads\/2026\/01\/01-produzione-ciochedaformaallecose-card-ideazione-mobile-1-1.webp\"\n        type=\"image\/webp\">\n      <source\n        media=\"(max-width: 768px)\"\n        srcset=\"https:\/\/staging.de-rigo.we-dev.it\/app\/uploads\/2026\/01\/01-produzione-ciochedaformaallecose-card-ideazione-mobile-1-1.jpg\">\n    \n    <source srcset=\"\" type=\"image\/webp\">\n\n    <img loading=\"lazy\"\n      loading=\"\"\n      decoding=\"async\"\n      src=\"https:\/\/staging.de-rigo.we-dev.it\/app\/uploads\/2026\/01\/01-produzione-ciochedaformaallecose-card-ideazione-desktop.jpg\"\n      alt=\"01-produzione-ciochedaformaallecose-card-ideazione-desktop\"\n      width=\"1350\"\n      height=\"819\"\n    >\n  <\/picture>\n        <div class=\"sticky-cards__content\">\n          <p class=\"sticky-cards__card-title\" data-inview>Id\u00e9ation<\/p>\n          <p class=\"sticky-cards__card-paragraph\" data-inview>Chaque paire de lunettes na\u00eet d\u2019une intuition. C\u2019est ici que l\u2019esth\u00e9tique, le confort et l\u2019innovation commencent \u00e0 converger vers une vision unique. <\/p>\n        <\/div>\n      <\/div>\n          <div class=\"sticky-cards__card\">\n        \n\n\n  <picture\n    class=\"responsive-image\"\n    :class=\"{ '-visible' : isVisible, '-enter-animation': 1 }\"\n    x-data=\"responsiveImage\"\n    x-intersect.once=\"onEnter()\">\n          <source\n        media=\"(max-width: 768px)\"\n        srcset=\"https:\/\/staging.de-rigo.we-dev.it\/app\/uploads\/2026\/01\/02-produzione-ciochedaformaallecose-card-design-mobile-1.webp\"\n        type=\"image\/webp\">\n      <source\n        media=\"(max-width: 768px)\"\n        srcset=\"https:\/\/staging.de-rigo.we-dev.it\/app\/uploads\/2026\/01\/02-produzione-ciochedaformaallecose-card-design-mobile-1.jpg\">\n    \n    <source srcset=\"\" type=\"image\/webp\">\n\n    <img loading=\"lazy\"\n      loading=\"\"\n      decoding=\"async\"\n      src=\"https:\/\/staging.de-rigo.we-dev.it\/app\/uploads\/2026\/01\/02-produzione-ciochedaformaallecose-card-design-desktop.jpg\"\n      alt=\"02-produzione-ciochedaformaallecose-card-design-desktop\"\n      width=\"1350\"\n      height=\"819\"\n    >\n  <\/picture>\n        <div class=\"sticky-cards__content\">\n          <p class=\"sticky-cards__card-title\" data-inview>Design<\/p>\n          <p class=\"sticky-cards__card-paragraph\" data-inview>La conception est le pont entre l\u2019\u00e9motion et la fonction.<br>Lignes, volumes et mat\u00e9riaux s&#8217;unissent pour cr\u00e9er un langage reconnaissable et authentique. <\/p>\n        <\/div>\n      <\/div>\n          <div class=\"sticky-cards__card\">\n        \n\n\n  <picture\n    class=\"responsive-image\"\n    :class=\"{ '-visible' : isVisible, '-enter-animation': 1 }\"\n    x-data=\"responsiveImage\"\n    x-intersect.once=\"onEnter()\">\n          <source\n        media=\"(max-width: 768px)\"\n        srcset=\"https:\/\/staging.de-rigo.we-dev.it\/app\/uploads\/2026\/01\/03-produzione-ciochedaformaallecose-card-prototipia-mobile-1.webp\"\n        type=\"image\/webp\">\n      <source\n        media=\"(max-width: 768px)\"\n        srcset=\"https:\/\/staging.de-rigo.we-dev.it\/app\/uploads\/2026\/01\/03-produzione-ciochedaformaallecose-card-prototipia-mobile-1.jpg\">\n    \n    <source srcset=\"\" type=\"image\/webp\">\n\n    <img loading=\"lazy\"\n      loading=\"\"\n      decoding=\"async\"\n      src=\"https:\/\/staging.de-rigo.we-dev.it\/app\/uploads\/2026\/01\/03-produzione-ciochedaformaallecose-card-prototipia-desktop.jpg\"\n      alt=\"03-produzione-ciochedaformaallecose-card-prototipia-desktop\"\n      width=\"1350\"\n      height=\"819\"\n    >\n  <\/picture>\n        <div class=\"sticky-cards__content\">\n          <p class=\"sticky-cards__card-title\" data-inview>Prototypage<\/p>\n          <p class=\"sticky-cards__card-paragraph\" data-inview>Le prototypage est le moment o\u00f9 une id\u00e9e devient r\u00e9alit\u00e9.\r\nPr\u00e9cision, habilet\u00e9 manuelle et exp\u00e9rience transforment un dessin en un premier objet v\u00e9ritable.<\/p>\n        <\/div>\n      <\/div>\n          <div class=\"sticky-cards__card\">\n        \n\n\n  <picture\n    class=\"responsive-image\"\n    :class=\"{ '-visible' : isVisible, '-enter-animation': 1 }\"\n    x-data=\"responsiveImage\"\n    x-intersect.once=\"onEnter()\">\n          <source\n        media=\"(max-width: 768px)\"\n        srcset=\"https:\/\/staging.de-rigo.we-dev.it\/app\/uploads\/2026\/01\/04-produzione-ciochedaformaallecose-card-produzione-mobile-1.webp\"\n        type=\"image\/webp\">\n      <source\n        media=\"(max-width: 768px)\"\n        srcset=\"https:\/\/staging.de-rigo.we-dev.it\/app\/uploads\/2026\/01\/04-produzione-ciochedaformaallecose-card-produzione-mobile-1.jpg\">\n    \n    <source srcset=\"\" type=\"image\/webp\">\n\n    <img loading=\"lazy\"\n      loading=\"\"\n      decoding=\"async\"\n      src=\"https:\/\/staging.de-rigo.we-dev.it\/app\/uploads\/2026\/01\/04-produzione-ciochedaformaallecose-card-produzione-desktop.jpg\"\n      alt=\"04-produzione-ciochedaformaallecose-card-produzione-desktop\"\n      width=\"1350\"\n      height=\"819\"\n    >\n  <\/picture>\n        <div class=\"sticky-cards__content\">\n          <p class=\"sticky-cards__card-title\" data-inview>Production<\/p>\n          <p class=\"sticky-cards__card-paragraph\" data-inview>Technique et passion se rencontrent \u00e0 chaque \u00e9tape de la production.\r\nLa technologie facilite, mais c\u2019est l\u2019\u00e9l\u00e9ment humain qui fait vraiment la diff\u00e9rence.<\/p>\n        <\/div>\n      <\/div>\n          <div class=\"sticky-cards__card\">\n        \n\n\n  <picture\n    class=\"responsive-image\"\n    :class=\"{ '-visible' : isVisible, '-enter-animation': 1 }\"\n    x-data=\"responsiveImage\"\n    x-intersect.once=\"onEnter()\">\n          <source\n        media=\"(max-width: 768px)\"\n        srcset=\"https:\/\/staging.de-rigo.we-dev.it\/app\/uploads\/2026\/01\/05-produzione-ciochedaformaallecose-card-qualita-mobile-1.webp\"\n        type=\"image\/webp\">\n      <source\n        media=\"(max-width: 768px)\"\n        srcset=\"https:\/\/staging.de-rigo.we-dev.it\/app\/uploads\/2026\/01\/05-produzione-ciochedaformaallecose-card-qualita-mobile-1.jpg\">\n    \n    <source srcset=\"\" type=\"image\/webp\">\n\n    <img loading=\"lazy\"\n      loading=\"\"\n      decoding=\"async\"\n      src=\"https:\/\/staging.de-rigo.we-dev.it\/app\/uploads\/2026\/01\/05-produzione-ciochedaformaallecose-card-qualita-desktop-3.jpg\"\n      alt=\"05-produzione-ciochedaformaallecose-card-qualita\u0300-desktop\"\n      width=\"1350\"\n      height=\"819\"\n    >\n  <\/picture>\n        <div class=\"sticky-cards__content\">\n          <p class=\"sticky-cards__card-title\" data-inview>Qualit\u00e9<\/p>\n          <p class=\"sticky-cards__card-paragraph\" data-inview>La qualit\u00e9 est un engagement quotidien : contr\u00f4les rigoureux, normes internationales, attention absolue \u00e0 la s\u00e9curit\u00e9 visuelle.<br><br>\r\nC&#8217;est notre fa\u00e7on de prendre soin de nos clients.<\/p>\n        <\/div>\n      <\/div>\n          <div class=\"sticky-cards__card\">\n        \n\n\n  <picture\n    class=\"responsive-image\"\n    :class=\"{ '-visible' : isVisible, '-enter-animation': 1 }\"\n    x-data=\"responsiveImage\"\n    x-intersect.once=\"onEnter()\">\n          <source\n        media=\"(max-width: 768px)\"\n        srcset=\"https:\/\/staging.de-rigo.we-dev.it\/app\/uploads\/2026\/01\/06-produzione-ciochedaformaallecose-card-logistica-mobile-1.webp\"\n        type=\"image\/webp\">\n      <source\n        media=\"(max-width: 768px)\"\n        srcset=\"https:\/\/staging.de-rigo.we-dev.it\/app\/uploads\/2026\/01\/06-produzione-ciochedaformaallecose-card-logistica-mobile-1.jpg\">\n    \n    <source srcset=\"\" type=\"image\/webp\">\n\n    <img loading=\"lazy\"\n      loading=\"\"\n      decoding=\"async\"\n      src=\"https:\/\/staging.de-rigo.we-dev.it\/app\/uploads\/2026\/01\/06-produzione-ciochedaformaallecose-card-logistica-desktop.jpg\"\n      alt=\"06-produzione-ciochedaformaallecose-card-logistica-desktop\"\n      width=\"1350\"\n      height=\"819\"\n    >\n  <\/picture>\n        <div class=\"sticky-cards__content\">\n          <p class=\"sticky-cards__card-title\" data-inview>Logistique<\/p>\n          <p class=\"sticky-cards__card-paragraph\" data-inview>La logistique, c&#8217;est le mouvement, la coordination, la pr\u00e9cision.\r\nChaque \u00e9tape, de l&#8217;approvisionnement \u00e0 la livraison, respecte un flux con\u00e7u pour garantir efficacit\u00e9 et satisfaction.<\/p>\n        <\/div>\n      <\/div>\n      <\/div>\n<\/section>\n\n\n\n<section class=\"text-media -reverse\">\n  <div class=\"text-media__text\">\n          <h4 data-inview>De l\u2019id\u00e9e au monde: l\u2019art de cr\u00e9er des lunettes<\/h4>\n              <p data-inview>Chaque paire de lunettes raconte un voyage: des id\u00e9es, des mains, des comp\u00e9tences, des \u00e9tapes qui s&#8217;entrem\u00ealent.\r\nDepuis la premi\u00e8re forme fa\u00e7onn\u00e9e \u00e0 la main jusqu\u2019\u00e0 la production industrialis\u00e9e, chaque \u00e9tape fait l\u2019objet d\u2019un soin et d\u2019une attention particuliers.\r\nLa qualit\u00e9 nous distingue, notre r\u00e9seau mondial renforce notre distribution et la confiance de nos clients est notre plus grande fiert\u00e9.<\/p>\n      <\/div>\n  <div class=\"text-media__media\">\n    \n\n\n  <picture\n    class=\"responsive-image\"\n    :class=\"{ '-visible' : isVisible, '-enter-animation': 1 }\"\n    x-data=\"responsiveImage\"\n    x-intersect.once=\"onEnter()\">\n          <source\n        media=\"(max-width: 768px)\"\n        srcset=\"https:\/\/staging.de-rigo.we-dev.it\/app\/uploads\/2026\/01\/produzione-sezioneidea-mobile-2.webp\"\n        type=\"image\/webp\">\n      <source\n        media=\"(max-width: 768px)\"\n        srcset=\"https:\/\/staging.de-rigo.we-dev.it\/app\/uploads\/2026\/01\/produzione-sezioneidea-mobile-2.jpg\">\n    \n    <source srcset=\"\" type=\"image\/webp\">\n\n    <img loading=\"lazy\"\n      loading=\"\"\n      decoding=\"async\"\n      src=\"https:\/\/staging.de-rigo.we-dev.it\/app\/uploads\/2026\/01\/produzione-sezioneidea-desktop.jpg\"\n      alt=\"produzione-sezioneidea-desktop\"\n      width=\"833\"\n      height=\"1035\"\n    >\n  <\/picture>\n  <\/div>\n<\/section>\n\n","protected":false},"excerpt":{"rendered":"","protected":false},"author":1,"featured_media":0,"parent":0,"menu_order":4,"comment_status":"closed","ping_status":"closed","template":"","meta":{"_acf_changed":false,"footnotes":""},"class_list":["post-1879","page","type-page","status-publish","hentry"],"acf":[],"yoast_head":"<!-- This site is optimized with the Yoast SEO plugin v27.0 - https:\/\/yoast.com\/product\/yoast-seo-wordpress\/ -->\n<title>Excellence et Savoir-Faire Industriel | De Rigo<\/title>\n<meta name=\"description\" content=\"Nos cr\u00e9ations parlent d\u2019elles-m\u00eames : formes, mat\u00e9riaux et couleurs prennent vie gr\u00e2ce \u00e0 un \u00e9quilibre unique entre artisanat et technologie.\" \/>\n<meta name=\"robots\" content=\"noindex, follow, max-snippet:-1, max-image-preview:large, max-video-preview:-1\" \/>\n<!-- \/ Yoast SEO plugin. -->","yoast_head_json":{"title":"Excellence et Savoir-Faire Industriel | De Rigo","description":"Nos cr\u00e9ations parlent d\u2019elles-m\u00eames : formes, mat\u00e9riaux et couleurs prennent vie gr\u00e2ce \u00e0 un \u00e9quilibre unique entre artisanat et technologie.","robots":{"index":"noindex","follow":"follow","max-snippet":"max-snippet:-1","max-image-preview":"max-image-preview:large","max-video-preview":"max-video-preview:-1"},"schema":{"@context":"https:\/\/schema.org","@graph":[{"@type":"WebPage","@id":"https:\/\/staging.de-rigo.we-dev.it\/fr\/excellence-et-production\/","url":"https:\/\/staging.de-rigo.we-dev.it\/fr\/excellence-et-production\/","name":"Excellence et Savoir-Faire Industriel | De Rigo","isPartOf":{"@id":"https:\/\/staging.de-rigo.we-dev.it\/fr\/#website"},"datePublished":"2025-11-24T12:59:48+00:00","dateModified":"2026-01-28T09:58:26+00:00","description":"Nos cr\u00e9ations parlent d\u2019elles-m\u00eames : formes, mat\u00e9riaux et couleurs prennent vie gr\u00e2ce \u00e0 un \u00e9quilibre unique entre artisanat et technologie.","breadcrumb":{"@id":"https:\/\/staging.de-rigo.we-dev.it\/fr\/excellence-et-production\/#breadcrumb"},"inLanguage":"fr-FR","potentialAction":[{"@type":"ReadAction","target":["https:\/\/staging.de-rigo.we-dev.it\/fr\/excellence-et-production\/"]}]},{"@type":"BreadcrumbList","@id":"https:\/\/staging.de-rigo.we-dev.it\/fr\/excellence-et-production\/#breadcrumb","itemListElement":[{"@type":"ListItem","position":1,"name":"Home","item":"https:\/\/staging.de-rigo.we-dev.it\/fr\/"},{"@type":"ListItem","position":2,"name":"Excellence et production"}]},{"@type":"WebSite","@id":"https:\/\/staging.de-rigo.we-dev.it\/fr\/#website","url":"https:\/\/staging.de-rigo.we-dev.it\/fr\/","name":"De Rigo","description":"","publisher":{"@id":"https:\/\/staging.de-rigo.we-dev.it\/fr\/#organization"},"potentialAction":[{"@type":"SearchAction","target":{"@type":"EntryPoint","urlTemplate":"https:\/\/staging.de-rigo.we-dev.it\/fr\/?s={search_term_string}"},"query-input":{"@type":"PropertyValueSpecification","valueRequired":true,"valueName":"search_term_string"}}],"inLanguage":"fr-FR"},{"@type":"Organization","@id":"https:\/\/staging.de-rigo.we-dev.it\/fr\/#organization","name":"De Rigo","url":"https:\/\/staging.de-rigo.we-dev.it\/fr\/","logo":{"@type":"ImageObject","inLanguage":"fr-FR","@id":"https:\/\/staging.de-rigo.we-dev.it\/fr\/#\/schema\/logo\/image\/","url":"https:\/\/staging.de-rigo.we-dev.it\/app\/uploads\/2026\/01\/Timeline-38.jpg","contentUrl":"https:\/\/staging.de-rigo.we-dev.it\/app\/uploads\/2026\/01\/Timeline-38.jpg","width":"618","height":"788","caption":"De Rigo"},"image":{"@id":"https:\/\/staging.de-rigo.we-dev.it\/fr\/#\/schema\/logo\/image\/"}}]}},"_links":{"self":[{"href":"https:\/\/staging.de-rigo.we-dev.it\/fr\/wp-json\/wp\/v2\/pages\/1879","targetHints":{"allow":["GET"]}}],"collection":[{"href":"https:\/\/staging.de-rigo.we-dev.it\/fr\/wp-json\/wp\/v2\/pages"}],"about":[{"href":"https:\/\/staging.de-rigo.we-dev.it\/fr\/wp-json\/wp\/v2\/types\/page"}],"author":[{"embeddable":true,"href":"https:\/\/staging.de-rigo.we-dev.it\/fr\/wp-json\/wp\/v2\/users\/1"}],"replies":[{"embeddable":true,"href":"https:\/\/staging.de-rigo.we-dev.it\/fr\/wp-json\/wp\/v2\/comments?post=1879"}],"version-history":[{"count":5,"href":"https:\/\/staging.de-rigo.we-dev.it\/fr\/wp-json\/wp\/v2\/pages\/1879\/revisions"}],"predecessor-version":[{"id":3051,"href":"https:\/\/staging.de-rigo.we-dev.it\/fr\/wp-json\/wp\/v2\/pages\/1879\/revisions\/3051"}],"wp:attachment":[{"href":"https:\/\/staging.de-rigo.we-dev.it\/fr\/wp-json\/wp\/v2\/media?parent=1879"}],"curies":[{"name":"wp","href":"https:\/\/api.w.org\/{rel}","templated":true}]}}