{"id":1932,"date":"2025-11-24T13:59:59","date_gmt":"2025-11-24T12:59:59","guid":{"rendered":"https:\/\/staging.de-rigo.we-dev.it\/durabilite-pour-de-rigo\/"},"modified":"2026-01-27T13:19:17","modified_gmt":"2026-01-27T12:19:17","slug":"durabilite-pour-de-rigo","status":"publish","type":"page","link":"https:\/\/staging.de-rigo.we-dev.it\/fr\/durabilite-pour-de-rigo\/","title":{"rendered":"Durabilit\u00e9 pour De Rigo"},"content":{"rendered":"\n<section class=\"title\">\n  <h1 data-inview data-split>Durabilit\u00e9 pour De Rigo<\/h1>\n<\/section>\n\n\n\n<section class=\"block-media\">\n    \n\n\n  <picture\n    class=\"responsive-image\"\n    :class=\"{ '-visible' : isVisible, '-enter-animation': 1 }\"\n    x-data=\"responsiveImage\"\n    x-intersect.once=\"onEnter()\">\n          <source\n        media=\"(max-width: 768px)\"\n        srcset=\"https:\/\/staging.de-rigo.we-dev.it\/app\/uploads\/2026\/01\/sostenibilita-hero-image-mobile.webp\"\n        type=\"image\/webp\">\n      <source\n        media=\"(max-width: 768px)\"\n        srcset=\"https:\/\/staging.de-rigo.we-dev.it\/app\/uploads\/2026\/01\/sostenibilita-hero-image-mobile.jpg\">\n    \n    <source srcset=\"\" type=\"image\/webp\">\n\n    <img loading=\"lazy\"\n      loading=\"\"\n      decoding=\"async\"\n      src=\"https:\/\/staging.de-rigo.we-dev.it\/app\/uploads\/2026\/01\/sostenibilita-hero-image-desktop.jpg\"\n      alt=\"sostenibilita\u0300-hero-image-desktop\"\n      width=\"2160\"\n      height=\"1542\"\n    >\n  <\/picture>\n<\/section>\n\n\n  <section class=\"content\">\n    <h6 data-inview><\/h6>\n    <h4 data-inview>Pour De Rigo, la durabilit\u00e9 est synonyme de respect\u00a0: pour les personnes, pour la cha\u00eene d&#8217;approvisionnement et pour l&#8217;avenir. Nous innovons de mani\u00e8re responsable en mati\u00e8re de produits et de processus, am\u00e9liorant progressivement l&#8217;impact de notre travail sur le monde qui nous entoure. \r\nLes valeurs qui nous guident sont celles qui refl\u00e8tent notre responsabilit\u00e9 envers l\u2019avenir\u00a0: \u00e9quit\u00e9, transparence et innovation.<\/h4>\n  <\/section>\n\n\n<section class=\"sticky-cards\">\n  <div class=\"sticky-cards__intro\">\n    <h3 class=\"sticky-cards__title\" data-inview data-split>L&#8217;impact sur les personnes<\/h3>\n  <\/div>\n  <div class=\"sticky-cards__cards\">\n          <div class=\"sticky-cards__card\">\n        \n\n\n  <picture\n    class=\"responsive-image\"\n    :class=\"{ '-visible' : isVisible, '-enter-animation': 1 }\"\n    x-data=\"responsiveImage\"\n    x-intersect.once=\"onEnter()\">\n          <source\n        media=\"(max-width: 768px)\"\n        srcset=\"https:\/\/staging.de-rigo.we-dev.it\/app\/uploads\/2026\/01\/01-sostenibilita-limpattosullepersone-card-relazioni-mobile-2.webp\"\n        type=\"image\/webp\">\n      <source\n        media=\"(max-width: 768px)\"\n        srcset=\"https:\/\/staging.de-rigo.we-dev.it\/app\/uploads\/2026\/01\/01-sostenibilita-limpattosullepersone-card-relazioni-mobile-2.jpg\">\n    \n    <source srcset=\"\" type=\"image\/webp\">\n\n    <img loading=\"lazy\"\n      loading=\"\"\n      decoding=\"async\"\n      src=\"https:\/\/staging.de-rigo.we-dev.it\/app\/uploads\/2026\/01\/01-sostenibilita-limpattosullepersone-card-relazioni-desktop.jpg\"\n      alt=\"01-sostenibilita\u0300-limpattosullepersone-card-relazioni-desktop\"\n      width=\"1350\"\n      height=\"819\"\n    >\n  <\/picture>\n        <div class=\"sticky-cards__content\">\n          <p class=\"sticky-cards__card-title\" data-inview>Politiques d&#8217;inclusivit\u00e9<\/p>\n          <p class=\"sticky-cards__card-paragraph\" data-inview>De Rigo promeut activement la diversit\u00e9 et l\u2019inclusion, en mettant l\u2019accent sur des politiques de lutte contre la discrimination fond\u00e9e sur le genre et l\u2019origine ethnique, ainsi que la mise en \u0153uvre de programmes \u00e9ducatifs sur les th\u00e8mes de la diversit\u00e9 culturelle, de la communication inclusive et du respect mutuel. 65 % des effectifs sont compos\u00e9s de femmes, signe concret de l&#8217;attention port\u00e9e \u00e0 un impact social positif. <\/p>\n        <\/div>\n      <\/div>\n          <div class=\"sticky-cards__card\">\n        \n\n\n  <picture\n    class=\"responsive-image\"\n    :class=\"{ '-visible' : isVisible, '-enter-animation': 1 }\"\n    x-data=\"responsiveImage\"\n    x-intersect.once=\"onEnter()\">\n          <source\n        media=\"(max-width: 768px)\"\n        srcset=\"https:\/\/staging.de-rigo.we-dev.it\/app\/uploads\/2026\/01\/02-sostenibilita-limpattosullepersone-card-certificazioni-mobile-2.webp\"\n        type=\"image\/webp\">\n      <source\n        media=\"(max-width: 768px)\"\n        srcset=\"https:\/\/staging.de-rigo.we-dev.it\/app\/uploads\/2026\/01\/02-sostenibilita-limpattosullepersone-card-certificazioni-mobile-2.jpg\">\n    \n    <source srcset=\"\" type=\"image\/webp\">\n\n    <img loading=\"lazy\"\n      loading=\"\"\n      decoding=\"async\"\n      src=\"https:\/\/staging.de-rigo.we-dev.it\/app\/uploads\/2026\/01\/02-sostenibilita-limpattosullepersone-card-certificazioni-desktop.jpg\"\n      alt=\"02-sostenibilita\u0300-limpattosullepersone-card-certificazioni-desktop\"\n      width=\"1350\"\n      height=\"819\"\n    >\n  <\/picture>\n        <div class=\"sticky-cards__content\">\n          <p class=\"sticky-cards__card-title\" data-inview>Certification de l&#8217;\u00e9galit\u00e9 des sexes<\/p>\n          <p class=\"sticky-cards__card-paragraph\" data-inview>La certification en mati\u00e8re d\u2019\u00e9galit\u00e9 des sexes (UNI\/PdR 125:2022) officialise une culture d\u2019entreprise d\u00e9j\u00e0 orient\u00e9e vers le talent et la diversit\u00e9. L&#8217;entreprise s&#8217;engage \u00e0 garantir un environnement de travail inclusif, respectueux des diff\u00e9rences de genre, d&#8217;origine ethnique et autres caract\u00e9ristiques individuelles. La politique d&#8217;\u00e9galit\u00e9 des sexes fixe des objectifs clairs en mati\u00e8re d&#8217;\u00e9quit\u00e9 salariale, de gestion de carri\u00e8re et de parentalit\u00e9, et pr\u00e9voit des mesures ad hoc pour concilier vie professionnelle et vie priv\u00e9e.  <\/p>\n        <\/div>\n      <\/div>\n          <div class=\"sticky-cards__card\">\n        \n\n\n  <picture\n    class=\"responsive-image\"\n    :class=\"{ '-visible' : isVisible, '-enter-animation': 1 }\"\n    x-data=\"responsiveImage\"\n    x-intersect.once=\"onEnter()\">\n          <source\n        media=\"(max-width: 768px)\"\n        srcset=\"https:\/\/staging.de-rigo.we-dev.it\/app\/uploads\/2026\/01\/03-sostenibilita-limpattosullepersone-card-conciliazione-mobile-2.webp\"\n        type=\"image\/webp\">\n      <source\n        media=\"(max-width: 768px)\"\n        srcset=\"https:\/\/staging.de-rigo.we-dev.it\/app\/uploads\/2026\/01\/03-sostenibilita-limpattosullepersone-card-conciliazione-mobile-2.jpg\">\n    \n    <source srcset=\"\" type=\"image\/webp\">\n\n    <img loading=\"lazy\"\n      loading=\"\"\n      decoding=\"async\"\n      src=\"https:\/\/staging.de-rigo.we-dev.it\/app\/uploads\/2026\/01\/03-sostenibilita-limpattosullepersone-card-conciliazione-desktop.jpg\"\n      alt=\"03-sostenibilita\u0300-limpattosullepersone-card-conciliazione-desktop\"\n      width=\"1350\"\n      height=\"819\"\n    >\n  <\/picture>\n        <div class=\"sticky-cards__content\">\n          <p class=\"sticky-cards__card-title\" data-inview>\u00c9quilibre vie professionnelle \u2013 vie personnelle<\/p>\n          <p class=\"sticky-cards__card-paragraph\" data-inview>L\u2019entreprise favorise l\u2019\u00e9quilibre entre vie professionnelle et vie priv\u00e9e gr\u00e2ce \u00e0 des initiatives d\u00e9di\u00e9es \u00e0 la parentalit\u00e9 et au bien\u2011\u00eatre des personnes, soutenues par un syst\u00e8me de protection sociale flexible et int\u00e9gr\u00e9 qui comprend une assurance maladie compl\u00e9mentaire, un cr\u00e9dit de protection sociale, des services num\u00e9riques et des conventions. Dans ce contexte, la Fondation De Rigo soutient la croissance des nouvelles g\u00e9n\u00e9rations en accordant des bourses d\u2019\u00e9tudes aux enfants des employ\u00e9s, valorisant le m\u00e9rite et le parcours de formation. <\/p>\n        <\/div>\n      <\/div>\n      <\/div>\n<\/section>\n\n\n<section class=\"info-columns\">\n  <div class=\"info-columns__title\">\n    <h4 data-inview data-split>Cha\u00eene d&#8217;approvisionnement et production : une ligne commune de responsabilit\u00e9<\/h4>\n  <\/div>\n  <div class=\"info-columns__content\">\n    <div class=\"info-columns__paragraphs\">\n      <div>\n        <p data-inview>La cha\u00eene d&#8217;approvisionnement int\u00e8gre clients, partenaires et fournisseurs dans un processus de responsabilit\u00e9 partag\u00e9e, fond\u00e9 sur la confiance, la transparence et la fiabilit\u00e9. \r\nC\u2019est pourquoi le Code d\u2019\u00e9thique a \u00e9t\u00e9 transmis \u00e0 tous les fournisseurs afin de garantir une harmonisation des pratiques en mati\u00e8re de qualit\u00e9, d\u2019\u00e9thique et de durabilit\u00e9 tout au long de la cha\u00eene de valeur.<\/p>\n      <\/div>\n      <div>\n        <p data-inview>De Rigo a obtenu la certification ISCC Plus, qui permet de contr\u00f4ler et de d\u00e9montrer la durabilit\u00e9 des produits, depuis la mati\u00e8re premi\u00e8re jusqu\u2019au produit fini. Cette certification concerne les mati\u00e8res premi\u00e8res agricoles et foresti\u00e8res, les r\u00e9sidus de cultures, les d\u00e9chets, les mat\u00e9riaux recycl\u00e9s et les produits biosourc\u00e9s, et est align\u00e9e sur les objectifs de d\u00e9veloppement durable de l&#8217;Agenda 2030.<br>En plus des initiatives en cours en mati\u00e8re de d\u00e9veloppement durable, De Rigo Vision a choisi de formaliser son engagement en mettant en place un syst\u00e8me de gestion environnementale conforme \u00e0 la norme UNI ISO 14001:2015.  <\/p>\n                  \n\n  <a\n    class=\"base-button -tertiary -dark\"\n    href=\"\/app\/uploads\/2026\/01\/EMS-POLICY_rev.0.pdf\"\n    target=\"_self\"\n    >\n        <span class=\"base-button__label\">Politique SGA<\/span>\n      <\/a>\n              <\/div>\n    <\/div>\n    <div class=\"info-columns__image\">\n      \n\n  <img\n    class=\"base-image\"\n    :class=\"{ '-visible': isVisible, '-enter-animation': true }\"\n    x-data=\"baseImage\"\n    x-intersect.once=\"onEnter()\"\n    srcset=\"https:\/\/staging.de-rigo.we-dev.it\/app\/uploads\/2026\/01\/ISCC.svg 480w, https:\/\/staging.de-rigo.we-dev.it\/app\/uploads\/2026\/01\/ISCC.svg 768w, https:\/\/staging.de-rigo.we-dev.it\/app\/uploads\/2026\/01\/ISCC.svg 1024w, https:\/\/staging.de-rigo.we-dev.it\/app\/uploads\/2026\/01\/ISCC.svg 1440w, https:\/\/staging.de-rigo.we-dev.it\/app\/uploads\/2026\/01\/ISCC.svg 1920w\"\n    src=\"https:\/\/staging.de-rigo.we-dev.it\/app\/uploads\/2026\/01\/ISCC.svg\"\n    alt=\"ISCC\"\n    width=\"393\"\n    height=\"205\"\n    loading=\"lazy\"\n    decoding=\"async\"\n    fetchpriority=\"auto\"\n  \/>\n\n    <\/div>\n  <\/div>\n<\/section>\n\n\n\n<section class=\"text-media -reverse\">\n  <div class=\"text-media__text\">\n          <h4 data-inview>Mat\u00e9riaux innovants et solutions responsables<\/h4>\n              <p data-inview>Gr\u00e2ce \u00e0 des mat\u00e9riaux innovants et des solutions responsables, nous repensons les produits et les processus de production afin de r\u00e9duire les d\u00e9chets et les \u00e9missions, transformant ainsi chaque choix en une \u00e9tape concr\u00e8te vers le changement. Nous analysons chaque \u00e9tape du cycle de production afin d&#8217;optimiser la consommation, les d\u00e9chets et les d\u00e9lais, en adoptant des technologies qui nous permettent d&#8217;\u00eatre plus efficaces.\r\nLa r\u00e9duction des d\u00e9chets n\u2019est pas seulement un objectif, mais une pratique quotidienne qui guide les d\u00e9cisions de nos services techniques. <\/p>\n      <\/div>\n  <div class=\"text-media__media\">\n    \n\n\n  <picture\n    class=\"responsive-image\"\n    :class=\"{ '-visible' : isVisible, '-enter-animation': 1 }\"\n    x-data=\"responsiveImage\"\n    x-intersect.once=\"onEnter()\">\n          <source\n        media=\"(max-width: 768px)\"\n        srcset=\"https:\/\/staging.de-rigo.we-dev.it\/app\/uploads\/2026\/01\/sostenibilita-sezionemateriali-mobile-2.webp\"\n        type=\"image\/webp\">\n      <source\n        media=\"(max-width: 768px)\"\n        srcset=\"https:\/\/staging.de-rigo.we-dev.it\/app\/uploads\/2026\/01\/sostenibilita-sezionemateriali-mobile-2.jpg\">\n    \n    <source srcset=\"\" type=\"image\/webp\">\n\n    <img loading=\"lazy\"\n      loading=\"\"\n      decoding=\"async\"\n      src=\"https:\/\/staging.de-rigo.we-dev.it\/app\/uploads\/2026\/01\/sostenibilita-sezionemateriali-desktop.jpg\"\n      alt=\"sostenibilita\u0300-sezionemateriali-desktop\"\n      width=\"833\"\n      height=\"1035\"\n    >\n  <\/picture>\n  <\/div>\n<\/section>\n\n\n\n\n<section class=\"text-media \">\n  <div class=\"text-media__text\">\n          <h4 data-inview>La logistique repens\u00e9e de mani\u00e8re durable<\/h4>\n              <p data-inview>De nouveaux projets bas\u00e9s sur les \u00e9conomies d\u2019\u00e9nergie, ainsi que des solutions qui optimisent le transport des produits, guident notre engagement quotidien, de m\u00eame que l\u2019utilisation de sources d\u2019\u00e9nergie renouvelables pour am\u00e9liorer l\u2019efficacit\u00e9 \u00e9nerg\u00e9tique. \r\nNotre objectif est de r\u00e9duire les emballages, r\u00e9alis\u00e9s avec des mat\u00e9riaux recyclables et compostables provenant de fournisseurs certifi\u00e9s FSC, tout en favorisant le regroupement des exp\u00e9ditions. Nous mettons en \u0153uvre des syst\u00e8mes de collecte de donn\u00e9es et surveillons en permanence nos performances environnementales afin d\u2019am\u00e9liorer et de d\u00e9finir de nouvelles priorit\u00e9s d&#8217;action.  \r\nNous pensons que l&#8217;innovation et la durabilit\u00e9 doivent aller de pair et se soutenir mutuellement. C\u2019est ainsi que chacun de nos choix s\u2019inscrit dans un parcours plus vaste, orient\u00e9 vers un avenir v\u00e9ritablement plus conscient. <\/p>\n      <\/div>\n  <div class=\"text-media__media\">\n    \n\n\n  <picture\n    class=\"responsive-image\"\n    :class=\"{ '-visible' : isVisible, '-enter-animation': 1 }\"\n    x-data=\"responsiveImage\"\n    x-intersect.once=\"onEnter()\">\n          <source\n        media=\"(max-width: 768px)\"\n        srcset=\"https:\/\/staging.de-rigo.we-dev.it\/app\/uploads\/2026\/01\/sostenibilita-sezionelogistica-mobile-2.webp\"\n        type=\"image\/webp\">\n      <source\n        media=\"(max-width: 768px)\"\n        srcset=\"https:\/\/staging.de-rigo.we-dev.it\/app\/uploads\/2026\/01\/sostenibilita-sezionelogistica-mobile-2.jpg\">\n    \n    <source srcset=\"\" type=\"image\/webp\">\n\n    <img loading=\"lazy\"\n      loading=\"\"\n      decoding=\"async\"\n      src=\"https:\/\/staging.de-rigo.we-dev.it\/app\/uploads\/2026\/01\/sostenibilita-sezionelogistica-desktop.jpg\"\n      alt=\"sostenibilita\u0300-sezionelogistica-desktop\"\n      width=\"833\"\n      height=\"1035\"\n    >\n  <\/picture>\n  <\/div>\n<\/section>\n\n\n\n\n<section class=\"block-spacer -bg-light-grey -space-mega\">\n\n<\/section>\n\n\n\n<section class=\"downloads-grid -bg-light-grey -align-center\">\n  <ul class=\"downloads-grid__list\">\n          <li class=\"downloads-grid__item\">\n        <p data-inview>Manifeste de Durabilit\u00e9<\/p>\n        \n\n  <a\n    class=\"base-button -tertiary -dark\"\n    href=\"https:\/\/staging.de-rigo.we-dev.it\/app\/uploads\/2026\/01\/V3-ENG-ESGeo-DeRigo-Manifesto-Della-Sostenibilita-1.pdf\"\n    target=\"_blank\"\n    >\n        <span class=\"base-button__label\">Download<\/span>\n          <span class=\"base-button__icon\">\n          \n  <span class=\"base-icon\"><svg width=\"48\" height=\"48\" viewBox=\"0 0 48 48\" fill=\"none\" xmlns=\"http:\/\/www.w3.org\/2000\/svg\">\n<g clip-path=\"url(#clip0_2411_2263)\">\n<path d=\"M24 27V6\" stroke=\"black\" stroke-width=\"1.9\" stroke-linecap=\"round\" stroke-linejoin=\"round\"\/>\n<path d=\"M40.5 27V39H7.5V27\" stroke=\"black\" stroke-width=\"1.9\" stroke-linecap=\"round\" stroke-linejoin=\"round\"\/>\n<path d=\"M31.5 19.5L24 27L16.5 19.5\" stroke=\"black\" stroke-width=\"1.9\" stroke-linecap=\"round\" stroke-linejoin=\"round\"\/>\n<\/g>\n<defs>\n<clipPath id=\"clip0_2411_2263\">\n<rect width=\"48\" height=\"48\" fill=\"white\"\/>\n<\/clipPath>\n<\/defs>\n<\/svg>\n<\/span>\n      <\/span>\n      <\/a>\n      <\/li>\n      <\/ul>\n<\/section>\n\n\n\n<section class=\"block-spacer -bg-light-grey -space-mega\">\n\n<\/section>\n\n","protected":false},"excerpt":{"rendered":"","protected":false},"author":1,"featured_media":0,"parent":0,"menu_order":6,"comment_status":"closed","ping_status":"closed","template":"","meta":{"_acf_changed":false,"footnotes":""},"class_list":["post-1932","page","type-page","status-publish","hentry"],"acf":[],"yoast_head":"<!-- This site is optimized with the Yoast SEO plugin v27.0 - https:\/\/yoast.com\/product\/yoast-seo-wordpress\/ -->\n<title>Durabilit\u00e9 et Innovation Responsable | De Rigo<\/title>\n<meta name=\"description\" content=\"Nous innovons de mani\u00e8re responsable sur les produits et les processus, en am\u00e9liorant continuellement l\u2019impact de notre activit\u00e9 sur le monde qui nous entoure.\" \/>\n<meta name=\"robots\" content=\"noindex, follow, max-snippet:-1, max-image-preview:large, max-video-preview:-1\" \/>\n<!-- \/ Yoast SEO plugin. -->","yoast_head_json":{"title":"Durabilit\u00e9 et Innovation Responsable | De Rigo","description":"Nous innovons de mani\u00e8re responsable sur les produits et les processus, en am\u00e9liorant continuellement l\u2019impact de notre activit\u00e9 sur le monde qui nous entoure.","robots":{"index":"noindex","follow":"follow","max-snippet":"max-snippet:-1","max-image-preview":"max-image-preview:large","max-video-preview":"max-video-preview:-1"},"schema":{"@context":"https:\/\/schema.org","@graph":[{"@type":"WebPage","@id":"https:\/\/staging.de-rigo.we-dev.it\/fr\/durabilite-pour-de-rigo\/","url":"https:\/\/staging.de-rigo.we-dev.it\/fr\/durabilite-pour-de-rigo\/","name":"Durabilit\u00e9 et Innovation Responsable | De Rigo","isPartOf":{"@id":"https:\/\/staging.de-rigo.we-dev.it\/fr\/#website"},"datePublished":"2025-11-24T12:59:59+00:00","dateModified":"2026-01-27T12:19:17+00:00","description":"Nous innovons de mani\u00e8re responsable sur les produits et les processus, en am\u00e9liorant continuellement l\u2019impact de notre activit\u00e9 sur le monde qui nous entoure.","breadcrumb":{"@id":"https:\/\/staging.de-rigo.we-dev.it\/fr\/durabilite-pour-de-rigo\/#breadcrumb"},"inLanguage":"fr-FR","potentialAction":[{"@type":"ReadAction","target":["https:\/\/staging.de-rigo.we-dev.it\/fr\/durabilite-pour-de-rigo\/"]}]},{"@type":"BreadcrumbList","@id":"https:\/\/staging.de-rigo.we-dev.it\/fr\/durabilite-pour-de-rigo\/#breadcrumb","itemListElement":[{"@type":"ListItem","position":1,"name":"Home","item":"https:\/\/staging.de-rigo.we-dev.it\/fr\/"},{"@type":"ListItem","position":2,"name":"Durabilit\u00e9 pour De Rigo"}]},{"@type":"WebSite","@id":"https:\/\/staging.de-rigo.we-dev.it\/fr\/#website","url":"https:\/\/staging.de-rigo.we-dev.it\/fr\/","name":"De Rigo","description":"","publisher":{"@id":"https:\/\/staging.de-rigo.we-dev.it\/fr\/#organization"},"potentialAction":[{"@type":"SearchAction","target":{"@type":"EntryPoint","urlTemplate":"https:\/\/staging.de-rigo.we-dev.it\/fr\/?s={search_term_string}"},"query-input":{"@type":"PropertyValueSpecification","valueRequired":true,"valueName":"search_term_string"}}],"inLanguage":"fr-FR"},{"@type":"Organization","@id":"https:\/\/staging.de-rigo.we-dev.it\/fr\/#organization","name":"De Rigo","url":"https:\/\/staging.de-rigo.we-dev.it\/fr\/","logo":{"@type":"ImageObject","inLanguage":"fr-FR","@id":"https:\/\/staging.de-rigo.we-dev.it\/fr\/#\/schema\/logo\/image\/","url":"https:\/\/staging.de-rigo.we-dev.it\/app\/uploads\/2026\/01\/Timeline-38.jpg","contentUrl":"https:\/\/staging.de-rigo.we-dev.it\/app\/uploads\/2026\/01\/Timeline-38.jpg","width":"618","height":"788","caption":"De Rigo"},"image":{"@id":"https:\/\/staging.de-rigo.we-dev.it\/fr\/#\/schema\/logo\/image\/"}}]}},"_links":{"self":[{"href":"https:\/\/staging.de-rigo.we-dev.it\/fr\/wp-json\/wp\/v2\/pages\/1932","targetHints":{"allow":["GET"]}}],"collection":[{"href":"https:\/\/staging.de-rigo.we-dev.it\/fr\/wp-json\/wp\/v2\/pages"}],"about":[{"href":"https:\/\/staging.de-rigo.we-dev.it\/fr\/wp-json\/wp\/v2\/types\/page"}],"author":[{"embeddable":true,"href":"https:\/\/staging.de-rigo.we-dev.it\/fr\/wp-json\/wp\/v2\/users\/1"}],"replies":[{"embeddable":true,"href":"https:\/\/staging.de-rigo.we-dev.it\/fr\/wp-json\/wp\/v2\/comments?post=1932"}],"version-history":[{"count":4,"href":"https:\/\/staging.de-rigo.we-dev.it\/fr\/wp-json\/wp\/v2\/pages\/1932\/revisions"}],"predecessor-version":[{"id":2929,"href":"https:\/\/staging.de-rigo.we-dev.it\/fr\/wp-json\/wp\/v2\/pages\/1932\/revisions\/2929"}],"wp:attachment":[{"href":"https:\/\/staging.de-rigo.we-dev.it\/fr\/wp-json\/wp\/v2\/media?parent=1932"}],"curies":[{"name":"wp","href":"https:\/\/api.w.org\/{rel}","templated":true}]}}