{"id":1974,"date":"2025-11-24T14:02:40","date_gmt":"2025-11-24T13:02:40","guid":{"rendered":"https:\/\/staging.de-rigo.we-dev.it\/investisseurs-et-partenaires\/"},"modified":"2026-01-27T13:20:40","modified_gmt":"2026-01-27T12:20:40","slug":"investisseurs-et-partenaires","status":"publish","type":"page","link":"https:\/\/staging.de-rigo.we-dev.it\/fr\/investisseurs-et-partenaires\/","title":{"rendered":"Investisseurs et partenaires"},"content":{"rendered":"<section class=\"hero-simple -content-type-downloads\">\n  <div class=\"hero-simple__intro\">\n    <div class=\"hero-simple__intro-head\">\n      <p class=\"hero-simple__pretitle\" data-inview>Affaires<\/p>\n      <h1 data-inview>Collaborez avec De Rigo<\/h1>\n    <\/div>\n    <p class=\"hero-simple__intro-text\" data-inview>Sur la sc\u00e8ne internationale de la lunetterie, De Rigo est une r\u00e9f\u00e9rence en mati\u00e8re de fiabilit\u00e9, de qualit\u00e9 industrielle et de vision. Nous accompagnons nos partenaires avec une approche solide, innovante et tourn\u00e9e vers l&#8217;avenir. \r\n<\/p>\n      <\/div>\n  <div class=\"hero-simple__divider\"><\/div>\n  <div class=\"hero-simple__content\">\n          <p class=\"hero-simple__title\">Nos bilans<\/p>\n      <div class=\"hero-simple__downloads\">\n                  <div class=\"hero-simple__download\">\n            <p data-inview>Ann\u00e9e 2024<\/p>\n            \n\n  <a\n    class=\"base-button -tertiary -dark\"\n    href=\"\/app\/uploads\/2026\/01\/DR-SPA_Management-Report-of-the-FS-and-consolidated-FS_31-12-2024-1.pdf\"\n    target=\"_blank\"\n    >\n        <span class=\"base-button__label\">T\u00e9l\u00e9charger<\/span>\n          <span class=\"base-button__icon\">\n          \n  <span class=\"base-icon\"><svg width=\"48\" height=\"48\" viewBox=\"0 0 48 48\" fill=\"none\" xmlns=\"http:\/\/www.w3.org\/2000\/svg\">\n<g clip-path=\"url(#clip0_2411_2263)\">\n<path d=\"M24 27V6\" stroke=\"black\" stroke-width=\"1.9\" stroke-linecap=\"round\" stroke-linejoin=\"round\"\/>\n<path d=\"M40.5 27V39H7.5V27\" stroke=\"black\" stroke-width=\"1.9\" stroke-linecap=\"round\" stroke-linejoin=\"round\"\/>\n<path d=\"M31.5 19.5L24 27L16.5 19.5\" stroke=\"black\" stroke-width=\"1.9\" stroke-linecap=\"round\" stroke-linejoin=\"round\"\/>\n<\/g>\n<defs>\n<clipPath id=\"clip0_2411_2263\">\n<rect width=\"48\" height=\"48\" fill=\"white\"\/>\n<\/clipPath>\n<\/defs>\n<\/svg>\n<\/span>\n      <\/span>\n      <\/a>\n          <\/div>\n                  <div class=\"hero-simple__download\">\n            <p data-inview>Ann\u00e9e 2023<\/p>\n            \n\n  <a\n    class=\"base-button -tertiary -dark\"\n    href=\"\/app\/uploads\/2026\/01\/management_report_2023_1782.pdf\"\n    target=\"_blank\"\n    >\n        <span class=\"base-button__label\">T\u00e9l\u00e9charger<\/span>\n          <span class=\"base-button__icon\">\n          \n  <span class=\"base-icon\"><svg width=\"48\" height=\"48\" viewBox=\"0 0 48 48\" fill=\"none\" xmlns=\"http:\/\/www.w3.org\/2000\/svg\">\n<g clip-path=\"url(#clip0_2411_2263)\">\n<path d=\"M24 27V6\" stroke=\"black\" stroke-width=\"1.9\" stroke-linecap=\"round\" stroke-linejoin=\"round\"\/>\n<path d=\"M40.5 27V39H7.5V27\" stroke=\"black\" stroke-width=\"1.9\" stroke-linecap=\"round\" stroke-linejoin=\"round\"\/>\n<path d=\"M31.5 19.5L24 27L16.5 19.5\" stroke=\"black\" stroke-width=\"1.9\" stroke-linecap=\"round\" stroke-linejoin=\"round\"\/>\n<\/g>\n<defs>\n<clipPath id=\"clip0_2411_2263\">\n<rect width=\"48\" height=\"48\" fill=\"white\"\/>\n<\/clipPath>\n<\/defs>\n<\/svg>\n<\/span>\n      <\/span>\n      <\/a>\n          <\/div>\n                  <div class=\"hero-simple__download\">\n            <p data-inview>Ann\u00e9e 2022<\/p>\n            \n\n  <a\n    class=\"base-button -tertiary -dark\"\n    href=\"\/app\/uploads\/2026\/01\/management_report_2022_1208.pdf\"\n    target=\"_blank\"\n    >\n        <span class=\"base-button__label\">T\u00e9l\u00e9charger<\/span>\n          <span class=\"base-button__icon\">\n          \n  <span class=\"base-icon\"><svg width=\"48\" height=\"48\" viewBox=\"0 0 48 48\" fill=\"none\" xmlns=\"http:\/\/www.w3.org\/2000\/svg\">\n<g clip-path=\"url(#clip0_2411_2263)\">\n<path d=\"M24 27V6\" stroke=\"black\" stroke-width=\"1.9\" stroke-linecap=\"round\" stroke-linejoin=\"round\"\/>\n<path d=\"M40.5 27V39H7.5V27\" stroke=\"black\" stroke-width=\"1.9\" stroke-linecap=\"round\" stroke-linejoin=\"round\"\/>\n<path d=\"M31.5 19.5L24 27L16.5 19.5\" stroke=\"black\" stroke-width=\"1.9\" stroke-linecap=\"round\" stroke-linejoin=\"round\"\/>\n<\/g>\n<defs>\n<clipPath id=\"clip0_2411_2263\">\n<rect width=\"48\" height=\"48\" fill=\"white\"\/>\n<\/clipPath>\n<\/defs>\n<\/svg>\n<\/span>\n      <\/span>\n      <\/a>\n          <\/div>\n                  <div class=\"hero-simple__download\">\n            <p data-inview>Ann\u00e9e 2021<\/p>\n            \n\n  <a\n    class=\"base-button -tertiary -dark\"\n    href=\"\/app\/uploads\/2026\/01\/der_directors_report_on_the_2021_separate_and_consolidated_financial_statements_593.pdf\"\n    target=\"_blank\"\n    >\n        <span class=\"base-button__label\">T\u00e9l\u00e9charger<\/span>\n          <span class=\"base-button__icon\">\n          \n  <span class=\"base-icon\"><svg width=\"48\" height=\"48\" viewBox=\"0 0 48 48\" fill=\"none\" xmlns=\"http:\/\/www.w3.org\/2000\/svg\">\n<g clip-path=\"url(#clip0_2411_2263)\">\n<path d=\"M24 27V6\" stroke=\"black\" stroke-width=\"1.9\" stroke-linecap=\"round\" stroke-linejoin=\"round\"\/>\n<path d=\"M40.5 27V39H7.5V27\" stroke=\"black\" stroke-width=\"1.9\" stroke-linecap=\"round\" stroke-linejoin=\"round\"\/>\n<path d=\"M31.5 19.5L24 27L16.5 19.5\" stroke=\"black\" stroke-width=\"1.9\" stroke-linecap=\"round\" stroke-linejoin=\"round\"\/>\n<\/g>\n<defs>\n<clipPath id=\"clip0_2411_2263\">\n<rect width=\"48\" height=\"48\" fill=\"white\"\/>\n<\/clipPath>\n<\/defs>\n<\/svg>\n<\/span>\n      <\/span>\n      <\/a>\n          <\/div>\n                  <div class=\"hero-simple__download\">\n            <p data-inview>Ann\u00e9e 2020<\/p>\n            \n\n  <a\n    class=\"base-button -tertiary -dark\"\n    href=\"\/app\/uploads\/2026\/01\/dr-spa_directors-report_2020-annual-accounts_498.pdf\"\n    target=\"_blank\"\n    >\n        <span class=\"base-button__label\">T\u00e9l\u00e9charger<\/span>\n          <span class=\"base-button__icon\">\n          \n  <span class=\"base-icon\"><svg width=\"48\" height=\"48\" viewBox=\"0 0 48 48\" fill=\"none\" xmlns=\"http:\/\/www.w3.org\/2000\/svg\">\n<g clip-path=\"url(#clip0_2411_2263)\">\n<path d=\"M24 27V6\" stroke=\"black\" stroke-width=\"1.9\" stroke-linecap=\"round\" stroke-linejoin=\"round\"\/>\n<path d=\"M40.5 27V39H7.5V27\" stroke=\"black\" stroke-width=\"1.9\" stroke-linecap=\"round\" stroke-linejoin=\"round\"\/>\n<path d=\"M31.5 19.5L24 27L16.5 19.5\" stroke=\"black\" stroke-width=\"1.9\" stroke-linecap=\"round\" stroke-linejoin=\"round\"\/>\n<\/g>\n<defs>\n<clipPath id=\"clip0_2411_2263\">\n<rect width=\"48\" height=\"48\" fill=\"white\"\/>\n<\/clipPath>\n<\/defs>\n<\/svg>\n<\/span>\n      <\/span>\n      <\/a>\n          <\/div>\n                  <div class=\"hero-simple__download\">\n            <p data-inview>Ann\u00e9e 2019<\/p>\n            \n\n  <a\n    class=\"base-button -tertiary -dark\"\n    href=\"\/app\/uploads\/2026\/01\/dr-spa_2019-directors-report_497.pdf\"\n    target=\"_blank\"\n    >\n        <span class=\"base-button__label\">T\u00e9l\u00e9charger<\/span>\n          <span class=\"base-button__icon\">\n          \n  <span class=\"base-icon\"><svg width=\"48\" height=\"48\" viewBox=\"0 0 48 48\" fill=\"none\" xmlns=\"http:\/\/www.w3.org\/2000\/svg\">\n<g clip-path=\"url(#clip0_2411_2263)\">\n<path d=\"M24 27V6\" stroke=\"black\" stroke-width=\"1.9\" stroke-linecap=\"round\" stroke-linejoin=\"round\"\/>\n<path d=\"M40.5 27V39H7.5V27\" stroke=\"black\" stroke-width=\"1.9\" stroke-linecap=\"round\" stroke-linejoin=\"round\"\/>\n<path d=\"M31.5 19.5L24 27L16.5 19.5\" stroke=\"black\" stroke-width=\"1.9\" stroke-linecap=\"round\" stroke-linejoin=\"round\"\/>\n<\/g>\n<defs>\n<clipPath id=\"clip0_2411_2263\">\n<rect width=\"48\" height=\"48\" fill=\"white\"\/>\n<\/clipPath>\n<\/defs>\n<\/svg>\n<\/span>\n      <\/span>\n      <\/a>\n          <\/div>\n              <\/div>\n      <\/div>\n<\/section>\n\n\n<div id=\"contact-form\" class=\"contact-form\" x-data=\"contactForm\">\n  <div class=\"contact-form__container\">\n    <h2>Entrons en contact<\/h6>\n          \n<div class=\"wpcf7 no-js\" id=\"wpcf7-f983-o1\" lang=\"fr-FR\" dir=\"ltr\" data-wpcf7-id=\"983\">\n<div class=\"screen-reader-response\"><p role=\"status\" aria-live=\"polite\" aria-atomic=\"true\"><\/p> <ul><\/ul><\/div>\n<form action=\"\/fr\/wp-json\/wp\/v2\/pages\/1974#wpcf7-f983-o1\" method=\"post\" class=\"wpcf7-form init\" aria-label=\"Contact form\" novalidate=\"novalidate\" data-status=\"init\">\n<fieldset class=\"hidden-fields-container\"><input type=\"hidden\" name=\"_wpcf7\" value=\"983\" \/><input type=\"hidden\" name=\"_wpcf7_version\" value=\"6.1.5\" \/><input type=\"hidden\" name=\"_wpcf7_locale\" value=\"fr_FR\" \/><input type=\"hidden\" name=\"_wpcf7_unit_tag\" value=\"wpcf7-f983-o1\" \/><input type=\"hidden\" name=\"_wpcf7_container_post\" value=\"0\" \/><input type=\"hidden\" name=\"_wpcf7_posted_data_hash\" value=\"\" \/><input type=\"hidden\" name=\"_wpcf7_recaptcha_response\" value=\"\" \/>\n<\/fieldset>\n<div class=\"cf-grid\">\n\t<div class=\"cf-field\">\n\t\t<p><label class=\"cf-field-label\"> Nom* <\/label><br \/>\n<span class=\"wpcf7-form-control-wrap\" data-name=\"your-name\"><input size=\"40\" maxlength=\"400\" class=\"wpcf7-form-control wpcf7-text wpcf7-validates-as-required\" aria-required=\"true\" aria-invalid=\"false\" placeholder=\"Votre nom\" value=\"\" type=\"text\" name=\"your-name\" \/><\/span>\n\t\t<\/p>\n\t<\/div>\n\t<div class=\"cf-field\">\n\t\t<p><label class=\"cf-field-label\"> Nom de famille* <\/label><br \/>\n<span class=\"wpcf7-form-control-wrap\" data-name=\"your-surname\"><input size=\"40\" maxlength=\"400\" class=\"wpcf7-form-control wpcf7-text wpcf7-validates-as-required\" aria-required=\"true\" aria-invalid=\"false\" placeholder=\"Votre nom de famille\" value=\"\" type=\"text\" name=\"your-surname\" \/><\/span>\n\t\t<\/p>\n\t<\/div>\n\t<div class=\"cf-field\">\n\t\t<p><label class=\"cf-field-label\"> Entreprise* <\/label><br \/>\n<span class=\"wpcf7-form-control-wrap\" data-name=\"your-company\"><input size=\"40\" maxlength=\"400\" class=\"wpcf7-form-control wpcf7-text wpcf7-validates-as-required\" aria-required=\"true\" aria-invalid=\"false\" placeholder=\"Votre entreprise\" value=\"\" type=\"text\" name=\"your-company\" \/><\/span>\n\t\t<\/p>\n\t<\/div>\n\t<div class=\"cf-field\">\n\t\t<p><label class=\"cf-field-label\"> Courriel* <\/label><br \/>\n<span class=\"wpcf7-form-control-wrap\" data-name=\"your-email\"><input size=\"40\" maxlength=\"400\" class=\"wpcf7-form-control wpcf7-email wpcf7-validates-as-required wpcf7-text wpcf7-validates-as-email\" aria-required=\"true\" aria-invalid=\"false\" placeholder=\"Votre adresse e-mail\" value=\"\" type=\"email\" name=\"your-email\" \/><\/span>\n\t\t<\/p>\n\t<\/div>\n\t<div class=\"cf-field\">\n\t\t<p><label class=\"cf-field-label\"> Ville* <\/label><br \/>\n<span class=\"wpcf7-form-control-wrap\" data-name=\"your-city\"><input size=\"40\" maxlength=\"400\" class=\"wpcf7-form-control wpcf7-text wpcf7-validates-as-required\" aria-required=\"true\" aria-invalid=\"false\" placeholder=\"Votre ville\" value=\"\" type=\"text\" name=\"your-city\" \/><\/span>\n\t\t<\/p>\n\t<\/div>\n\t<div class=\"cf-field\">\n\t\t<p><label class=\"cf-field-label\"> Pays* <\/label><br \/>\n<span class=\"wpcf7-form-control-wrap\" data-name=\"your-country\"><input size=\"40\" maxlength=\"400\" class=\"wpcf7-form-control wpcf7-text wpcf7-validates-as-required\" aria-required=\"true\" aria-invalid=\"false\" placeholder=\"Votre pays\" value=\"\" type=\"text\" name=\"your-country\" \/><\/span>\n\t\t<\/p>\n\t<\/div>\n\t<div class=\"cf-field -colspan-2\">\n\t\t<p><label class=\"cf-field-label\"> S\u00e9lectionnez le type de contact* <\/label><br \/>\n<span class=\"wpcf7-form-control-wrap\" data-name=\"your-type\"><span class=\"wpcf7-form-control wpcf7-radio derigo-type\"><span class=\"wpcf7-list-item first\"><label><input type=\"radio\" name=\"your-type\" value=\"Collaborations commerciales\" \/><span class=\"wpcf7-list-item-label\">Collaborations commerciales<\/span><\/label><\/span><span class=\"wpcf7-list-item\"><label><input type=\"radio\" name=\"your-type\" value=\"Marketing\" \/><span class=\"wpcf7-list-item-label\">Marketing<\/span><\/label><\/span><span class=\"wpcf7-list-item\"><label><input type=\"radio\" name=\"your-type\" value=\"Assistance technique\" \/><span class=\"wpcf7-list-item-label\">Assistance technique<\/span><\/label><\/span><span class=\"wpcf7-list-item\"><label><input type=\"radio\" name=\"your-type\" value=\"Informations sur les produits\" \/><span class=\"wpcf7-list-item-label\">Informations sur les produits<\/span><\/label><\/span><span class=\"wpcf7-list-item last\"><label><input type=\"radio\" name=\"your-type\" value=\"Travaille avec nous\" \/><span class=\"wpcf7-list-item-label\">Travaille avec nous<\/span><\/label><\/span><\/span><\/span>\n\t\t<\/p>\n\t<\/div>\n\t<div class=\"cf-field -colspan-2\">\n\t\t<p><label class=\"cf-field-label\"> Message* <\/label><br \/>\n<span class=\"wpcf7-form-control-wrap\" data-name=\"your-message\"><textarea cols=\"40\" rows=\"10\" maxlength=\"2000\" class=\"wpcf7-form-control wpcf7-textarea wpcf7-validates-as-required\" aria-required=\"true\" aria-invalid=\"false\" placeholder=\"Votre message...\" name=\"your-message\"><\/textarea><\/span>\n\t\t<\/p>\n\t<\/div>\n<\/div>\n<div class=\"cf-row-submit\">\n\t<div class=\"cf-acceptance\">\n\t\t<p><label><span class=\"wpcf7-form-control-wrap\" data-name=\"gdpr\"><span class=\"wpcf7-form-control wpcf7-acceptance\"><span class=\"wpcf7-list-item\"><label><input type=\"checkbox\" name=\"gdpr\" value=\"1\" aria-invalid=\"false\" \/><span class=\"wpcf7-list-item-label\">Autorisation du traitement des donn\u00e9es personnelles conform\u00e9ment aux r\u00e9glementations actuelles sur le RGPD &#8211; <a href=\"\/fr\/politique-de-confidentialite\/\" target=\"_blank\">Politique de confidentialit\u00e9<\/a><\/span><\/label><\/span><\/span><\/span><\/label>\n\t\t<\/p>\n\t\t<p> * Champs obligatoires\n\t\t<\/p>\n\t<\/div>\n\t<div class=\"cf-submit\">\n\t\t<div class=\" base-button -dark -icon -primary \">\n\t\t\t<p><button type=\"submit\" class=\"base-button__wrapper\"><br \/>\n<span class=\"base-button__icon\"><br \/>\n<span class=\"base-icon\"><svg xmlns=\"http:\/\/www.w3.org\/2000\/svg\" width=\"24\" height=\"24\" viewbox=\"0 0 24 24\" fill=\"none\">\n<path d=\"M4.63379 12H19.6338M19.6338 12L13.6338 6M19.6338 12L13.6338 18\" stroke=\"currentColor\" stroke-linecap=\"round\" stroke-linejoin=\"round\"><\/path>\n<\/svg><\/span><\/span><br \/>\n<span class=\"base-button__label\">Envoyer<\/span><br \/>\n<span class=\"base-button__icon\"><br \/>\n<span class=\"base-icon\"><svg xmlns=\"http:\/\/www.w3.org\/2000\/svg\" width=\"24\" height=\"24\" viewbox=\"0 0 24 24\" fill=\"none\">\n<path d=\"M4.63379 12H19.6338M19.6338 12L13.6338 6M19.6338 12L13.6338 18\" stroke=\"currentColor\" stroke-linecap=\"round\" stroke-linejoin=\"round\"><\/path>\n<\/svg><\/span><\/span><br \/>\n<\/button>\n\t\t\t<\/p>\n\t\t<\/div>\n\t<\/div>\n<\/div>\n<div class=\"wpcf7-response-output\" aria-hidden=\"true\"><\/div>\n<\/form>\n<\/div>\n\n      <\/div>\n<\/div>\n","protected":false},"excerpt":{"rendered":"","protected":false},"author":1,"featured_media":0,"parent":0,"menu_order":9,"comment_status":"closed","ping_status":"closed","template":"","meta":{"_acf_changed":false,"footnotes":""},"class_list":["post-1974","page","type-page","status-publish","hentry"],"acf":[],"yoast_head":"<!-- This site is optimized with the Yoast SEO plugin v27.0 - https:\/\/yoast.com\/product\/yoast-seo-wordpress\/ -->\n<title>Investisseurs et Partenaires Strat\u00e9giques | De Rigo<\/title>\n<meta name=\"description\" content=\"Nous accompagnons nos partenaires avec une approche solide, innovante et tourn\u00e9e vers l\u2019avenir. De Rigo est synonyme de fiabilit\u00e9, de qualit\u00e9 et de vision\" \/>\n<meta name=\"robots\" content=\"noindex, follow, max-snippet:-1, max-image-preview:large, max-video-preview:-1\" \/>\n<!-- \/ Yoast SEO plugin. -->","yoast_head_json":{"title":"Investisseurs et Partenaires Strat\u00e9giques | De Rigo","description":"Nous accompagnons nos partenaires avec une approche solide, innovante et tourn\u00e9e vers l\u2019avenir. De Rigo est synonyme de fiabilit\u00e9, de qualit\u00e9 et de vision","robots":{"index":"noindex","follow":"follow","max-snippet":"max-snippet:-1","max-image-preview":"max-image-preview:large","max-video-preview":"max-video-preview:-1"},"schema":{"@context":"https:\/\/schema.org","@graph":[{"@type":"WebPage","@id":"https:\/\/staging.de-rigo.we-dev.it\/fr\/investisseurs-et-partenaires\/","url":"https:\/\/staging.de-rigo.we-dev.it\/fr\/investisseurs-et-partenaires\/","name":"Investisseurs et Partenaires Strat\u00e9giques | De Rigo","isPartOf":{"@id":"https:\/\/staging.de-rigo.we-dev.it\/fr\/#website"},"datePublished":"2025-11-24T13:02:40+00:00","dateModified":"2026-01-27T12:20:40+00:00","description":"Nous accompagnons nos partenaires avec une approche solide, innovante et tourn\u00e9e vers l\u2019avenir. De Rigo est synonyme de fiabilit\u00e9, de qualit\u00e9 et de vision","breadcrumb":{"@id":"https:\/\/staging.de-rigo.we-dev.it\/fr\/investisseurs-et-partenaires\/#breadcrumb"},"inLanguage":"fr-FR","potentialAction":[{"@type":"ReadAction","target":["https:\/\/staging.de-rigo.we-dev.it\/fr\/investisseurs-et-partenaires\/"]}]},{"@type":"BreadcrumbList","@id":"https:\/\/staging.de-rigo.we-dev.it\/fr\/investisseurs-et-partenaires\/#breadcrumb","itemListElement":[{"@type":"ListItem","position":1,"name":"Home","item":"https:\/\/staging.de-rigo.we-dev.it\/fr\/"},{"@type":"ListItem","position":2,"name":"Investisseurs et partenaires"}]},{"@type":"WebSite","@id":"https:\/\/staging.de-rigo.we-dev.it\/fr\/#website","url":"https:\/\/staging.de-rigo.we-dev.it\/fr\/","name":"De Rigo","description":"","publisher":{"@id":"https:\/\/staging.de-rigo.we-dev.it\/fr\/#organization"},"potentialAction":[{"@type":"SearchAction","target":{"@type":"EntryPoint","urlTemplate":"https:\/\/staging.de-rigo.we-dev.it\/fr\/?s={search_term_string}"},"query-input":{"@type":"PropertyValueSpecification","valueRequired":true,"valueName":"search_term_string"}}],"inLanguage":"fr-FR"},{"@type":"Organization","@id":"https:\/\/staging.de-rigo.we-dev.it\/fr\/#organization","name":"De Rigo","url":"https:\/\/staging.de-rigo.we-dev.it\/fr\/","logo":{"@type":"ImageObject","inLanguage":"fr-FR","@id":"https:\/\/staging.de-rigo.we-dev.it\/fr\/#\/schema\/logo\/image\/","url":"https:\/\/staging.de-rigo.we-dev.it\/app\/uploads\/2026\/01\/Timeline-38.jpg","contentUrl":"https:\/\/staging.de-rigo.we-dev.it\/app\/uploads\/2026\/01\/Timeline-38.jpg","width":"618","height":"788","caption":"De Rigo"},"image":{"@id":"https:\/\/staging.de-rigo.we-dev.it\/fr\/#\/schema\/logo\/image\/"}}]}},"_links":{"self":[{"href":"https:\/\/staging.de-rigo.we-dev.it\/fr\/wp-json\/wp\/v2\/pages\/1974","targetHints":{"allow":["GET"]}}],"collection":[{"href":"https:\/\/staging.de-rigo.we-dev.it\/fr\/wp-json\/wp\/v2\/pages"}],"about":[{"href":"https:\/\/staging.de-rigo.we-dev.it\/fr\/wp-json\/wp\/v2\/types\/page"}],"author":[{"embeddable":true,"href":"https:\/\/staging.de-rigo.we-dev.it\/fr\/wp-json\/wp\/v2\/users\/1"}],"replies":[{"embeddable":true,"href":"https:\/\/staging.de-rigo.we-dev.it\/fr\/wp-json\/wp\/v2\/comments?post=1974"}],"version-history":[{"count":4,"href":"https:\/\/staging.de-rigo.we-dev.it\/fr\/wp-json\/wp\/v2\/pages\/1974\/revisions"}],"predecessor-version":[{"id":2275,"href":"https:\/\/staging.de-rigo.we-dev.it\/fr\/wp-json\/wp\/v2\/pages\/1974\/revisions\/2275"}],"wp:attachment":[{"href":"https:\/\/staging.de-rigo.we-dev.it\/fr\/wp-json\/wp\/v2\/media?parent=1974"}],"curies":[{"name":"wp","href":"https:\/\/api.w.org\/{rel}","templated":true}]}}