{"id":15,"date":"2025-11-24T13:59:41","date_gmt":"2025-11-24T12:59:41","guid":{"rendered":"http:\/\/de-rigo.local\/?page_id=15"},"modified":"2026-01-27T12:49:18","modified_gmt":"2026-01-27T11:49:18","slug":"valori-e-vision","status":"publish","type":"page","link":"https:\/\/staging.de-rigo.we-dev.it\/it\/valori-e-vision\/","title":{"rendered":"Valori e vision\u00a0"},"content":{"rendered":"<section class=\"sticky-banners\">\n  <div class=\"sticky-banners__bg\">\n    <div class=\"sticky-banners__bg-media\">\n      \n\n  <img\n    class=\"base-image\"\n    :class=\"{ '-visible': isVisible, '-enter-animation': true }\"\n    x-data=\"baseImage\"\n    x-intersect.once=\"onEnter()\"\n    srcset=\"https:\/\/staging.de-rigo.we-dev.it\/app\/uploads\/2026\/01\/00-valori-hero-bg-desktop-480x0-c-default.webp 480w, https:\/\/staging.de-rigo.we-dev.it\/app\/uploads\/2026\/01\/00-valori-hero-bg-desktop-768x0-c-default.webp 768w, https:\/\/staging.de-rigo.we-dev.it\/app\/uploads\/2026\/01\/00-valori-hero-bg-desktop-1024x0-c-default.webp 1024w, https:\/\/staging.de-rigo.we-dev.it\/app\/uploads\/2026\/01\/00-valori-hero-bg-desktop-1440x0-c-default.webp 1440w, https:\/\/staging.de-rigo.we-dev.it\/app\/uploads\/2026\/01\/00-valori-hero-bg-desktop-1920x0-c-default.webp 1920w\"\n    src=\"https:\/\/staging.de-rigo.we-dev.it\/app\/uploads\/2026\/01\/00-valori-hero-bg-desktop-480x0-c-default.jpg\"\n    alt=\"00-valori-hero-bg-desktop\"\n    width=\"2160\"\n    height=\"1542\"\n    loading=\"lazy\"\n    decoding=\"async\"\n    fetchpriority=\"auto\"\n  \/>\n\n    <\/div>\n    <div class=\"sticky-banners__title\">\n      <h1 data-inview data-split>I valori che ci distinguono<\/h1>\n    <\/div>\n  <\/div>\n  <div class=\"sticky-banners__content\">\n    <div class=\"sticky-banners__banners\">\n                                                <a\n          class=\"sticky-banners__banner\"\n          href=\"\/it\/lavora-con-noi\/\"          >\n          <div class=\"sticky-banners__banner-inner\">\n            <div class=\"sticky-banners__banner-top\">\n              <div class=\"sticky-banners__banner-counter\">\n                <p data-inview>001<\/p>\n              <\/div>\n              <div class=\"sticky-banners__banner-launch\">\n                <div class=\"sticky-banners__banner-image\">\n                  \n\n  <img\n    class=\"base-image\"\n    :class=\"{ '-visible': isVisible, '-enter-animation': true }\"\n    x-data=\"baseImage\"\n    x-intersect.once=\"onEnter()\"\n    srcset=\"https:\/\/staging.de-rigo.we-dev.it\/app\/uploads\/2026\/01\/01-valori-persone-card-desktop-480x0-c-default.webp 480w, https:\/\/staging.de-rigo.we-dev.it\/app\/uploads\/2026\/01\/01-valori-persone-card-desktop-768x0-c-default.webp 768w, https:\/\/staging.de-rigo.we-dev.it\/app\/uploads\/2026\/01\/01-valori-persone-card-desktop-1024x0-c-default.webp 1024w, https:\/\/staging.de-rigo.we-dev.it\/app\/uploads\/2026\/01\/01-valori-persone-card-desktop-1440x0-c-default.webp 1440w, https:\/\/staging.de-rigo.we-dev.it\/app\/uploads\/2026\/01\/01-valori-persone-card-desktop-1920x0-c-default.webp 1920w\"\n    src=\"https:\/\/staging.de-rigo.we-dev.it\/app\/uploads\/2026\/01\/01-valori-persone-card-desktop-480x0-c-default.jpg\"\n    alt=\"01-valori-persone-card-desktop\"\n    width=\"387\"\n    height=\"543\"\n    loading=\"lazy\"\n    decoding=\"async\"\n    fetchpriority=\"auto\"\n  \/>\n\n                <\/div>\n                                  \n\n  <button\n    class=\"base-button -tertiary -dark\"\n    x-data\n         @click=\"$dispatch('button-click')\"     >\n        <span class=\"base-button__label\">Lavora con noi<\/span>\n      <\/button>\n                              <\/div>\n            <\/div>\n            <div class=\"sticky-banners__banner-bottom\">\n              <h5 data-inview data-split>Persone<\/h5>\n              <p data-inview>Siamo uniti, siamo una squadra. Dietro ogni numero, ogni progetto e ogni risultato, ci sono persone: storie, passioni e volti che rendono viva la nostra azienda.<\/p>\n            <\/div>\n          <\/div>\n        <\/a>\n                                                <a\n          class=\"sticky-banners__banner\"\n          href=\"\/it\/contatti\/\"          >\n          <div class=\"sticky-banners__banner-inner\">\n            <div class=\"sticky-banners__banner-top\">\n              <div class=\"sticky-banners__banner-counter\">\n                <p data-inview>002<\/p>\n              <\/div>\n              <div class=\"sticky-banners__banner-launch\">\n                <div class=\"sticky-banners__banner-image\">\n                  \n\n  <img\n    class=\"base-image\"\n    :class=\"{ '-visible': isVisible, '-enter-animation': true }\"\n    x-data=\"baseImage\"\n    x-intersect.once=\"onEnter()\"\n    srcset=\"https:\/\/staging.de-rigo.we-dev.it\/app\/uploads\/2026\/01\/02-valori-trasparenza-card-desktop-480x0-c-default.webp 480w, https:\/\/staging.de-rigo.we-dev.it\/app\/uploads\/2026\/01\/02-valori-trasparenza-card-desktop-768x0-c-default.webp 768w, https:\/\/staging.de-rigo.we-dev.it\/app\/uploads\/2026\/01\/02-valori-trasparenza-card-desktop-1024x0-c-default.webp 1024w, https:\/\/staging.de-rigo.we-dev.it\/app\/uploads\/2026\/01\/02-valori-trasparenza-card-desktop-1440x0-c-default.webp 1440w, https:\/\/staging.de-rigo.we-dev.it\/app\/uploads\/2026\/01\/02-valori-trasparenza-card-desktop-1920x0-c-default.webp 1920w\"\n    src=\"https:\/\/staging.de-rigo.we-dev.it\/app\/uploads\/2026\/01\/02-valori-trasparenza-card-desktop-480x0-c-default.jpg\"\n    alt=\"02-valori-trasparenza-card-desktop\"\n    width=\"387\"\n    height=\"543\"\n    loading=\"lazy\"\n    decoding=\"async\"\n    fetchpriority=\"auto\"\n  \/>\n\n                <\/div>\n                                  \n\n  <button\n    class=\"base-button -tertiary -dark\"\n    x-data\n         @click=\"$dispatch('button-click')\"     >\n        <span class=\"base-button__label\">Parla con noi<\/span>\n      <\/button>\n                              <\/div>\n            <\/div>\n            <div class=\"sticky-banners__banner-bottom\">\n              <h5 data-inview data-split>Trasparenza<\/h5>\n              <p data-inview>Parlare con sincerit\u00e0 e correttezza non \u00e8 solo un principio: \u00e8 la chiave che apre le porte della fiducia, della collaborazione e di un business solido e duraturo.<\/p>\n            <\/div>\n          <\/div>\n        <\/a>\n                                                <a\n          class=\"sticky-banners__banner\"\n          href=\"\/it\/investitori-e-partner\/\"          >\n          <div class=\"sticky-banners__banner-inner\">\n            <div class=\"sticky-banners__banner-top\">\n              <div class=\"sticky-banners__banner-counter\">\n                <p data-inview>003<\/p>\n              <\/div>\n              <div class=\"sticky-banners__banner-launch\">\n                <div class=\"sticky-banners__banner-image\">\n                  \n\n  <img\n    class=\"base-image\"\n    :class=\"{ '-visible': isVisible, '-enter-animation': true }\"\n    x-data=\"baseImage\"\n    x-intersect.once=\"onEnter()\"\n    srcset=\"https:\/\/staging.de-rigo.we-dev.it\/app\/uploads\/2026\/01\/03-valori-affidabilita-card-desktop-480x0-c-default.webp 480w, https:\/\/staging.de-rigo.we-dev.it\/app\/uploads\/2026\/01\/03-valori-affidabilita-card-desktop-768x0-c-default.webp 768w, https:\/\/staging.de-rigo.we-dev.it\/app\/uploads\/2026\/01\/03-valori-affidabilita-card-desktop-1024x0-c-default.webp 1024w, https:\/\/staging.de-rigo.we-dev.it\/app\/uploads\/2026\/01\/03-valori-affidabilita-card-desktop-1440x0-c-default.webp 1440w, https:\/\/staging.de-rigo.we-dev.it\/app\/uploads\/2026\/01\/03-valori-affidabilita-card-desktop-1920x0-c-default.webp 1920w\"\n    src=\"https:\/\/staging.de-rigo.we-dev.it\/app\/uploads\/2026\/01\/03-valori-affidabilita-card-desktop-480x0-c-default.jpg\"\n    alt=\"03-valori-affidabilita\u0300-card-desktop\"\n    width=\"387\"\n    height=\"543\"\n    loading=\"lazy\"\n    decoding=\"async\"\n    fetchpriority=\"auto\"\n  \/>\n\n                <\/div>\n                                  \n\n  <button\n    class=\"base-button -tertiary -dark\"\n    x-data\n         @click=\"$dispatch('button-click')\"     >\n        <span class=\"base-button__label\">Scopri i servizi business<\/span>\n      <\/button>\n                              <\/div>\n            <\/div>\n            <div class=\"sticky-banners__banner-bottom\">\n              <h5 data-inview data-split>Affidabilit\u00e0<\/h5>\n              <p data-inview>Siamo un partner su cui contare, un punto di riferimento nel settore. In ogni relazione aggiungiamo un tocco umano, perch\u00e9 ogni collaboratore si senta parte di una grande famiglia che cresce insieme.<\/p>\n            <\/div>\n          <\/div>\n        <\/a>\n                                                <a\n          class=\"sticky-banners__banner\"\n          href=\"\/it\/eccellenza-e-produzione\/\"          >\n          <div class=\"sticky-banners__banner-inner\">\n            <div class=\"sticky-banners__banner-top\">\n              <div class=\"sticky-banners__banner-counter\">\n                <p data-inview>004<\/p>\n              <\/div>\n              <div class=\"sticky-banners__banner-launch\">\n                <div class=\"sticky-banners__banner-image\">\n                  \n\n  <img\n    class=\"base-image\"\n    :class=\"{ '-visible': isVisible, '-enter-animation': true }\"\n    x-data=\"baseImage\"\n    x-intersect.once=\"onEnter()\"\n    srcset=\"https:\/\/staging.de-rigo.we-dev.it\/app\/uploads\/2026\/01\/04-valori-condivisione-card-desktop-480x0-c-default.webp 480w, https:\/\/staging.de-rigo.we-dev.it\/app\/uploads\/2026\/01\/04-valori-condivisione-card-desktop-768x0-c-default.webp 768w, https:\/\/staging.de-rigo.we-dev.it\/app\/uploads\/2026\/01\/04-valori-condivisione-card-desktop-1024x0-c-default.webp 1024w, https:\/\/staging.de-rigo.we-dev.it\/app\/uploads\/2026\/01\/04-valori-condivisione-card-desktop-1440x0-c-default.webp 1440w, https:\/\/staging.de-rigo.we-dev.it\/app\/uploads\/2026\/01\/04-valori-condivisione-card-desktop-1920x0-c-default.webp 1920w\"\n    src=\"https:\/\/staging.de-rigo.we-dev.it\/app\/uploads\/2026\/01\/04-valori-condivisione-card-desktop-480x0-c-default.jpg\"\n    alt=\"04-valori-condivisione-card-desktop\"\n    width=\"387\"\n    height=\"543\"\n    loading=\"lazy\"\n    decoding=\"async\"\n    fetchpriority=\"auto\"\n  \/>\n\n                <\/div>\n                                  \n\n  <button\n    class=\"base-button -tertiary -dark\"\n    x-data\n         @click=\"$dispatch('button-click')\"     >\n        <span class=\"base-button__label\">Scopri la produzione<\/span>\n      <\/button>\n                              <\/div>\n            <\/div>\n            <div class=\"sticky-banners__banner-bottom\">\n              <h5 data-inview data-split>Condivisione<\/h5>\n              <p data-inview>Condividere significa unire prospettive, creare sinergie e stimolare idee. Nel mondo dell\u2019eyewear, la condivisione trasforma la competenza in eccellenza e il lavoro in vera ispirazione.<\/p>\n            <\/div>\n          <\/div>\n        <\/a>\n                                                <a\n          class=\"sticky-banners__banner\"\n          href=\"\/it\/contatti\/\"          >\n          <div class=\"sticky-banners__banner-inner\">\n            <div class=\"sticky-banners__banner-top\">\n              <div class=\"sticky-banners__banner-counter\">\n                <p data-inview>005<\/p>\n              <\/div>\n              <div class=\"sticky-banners__banner-launch\">\n                <div class=\"sticky-banners__banner-image\">\n                  \n\n  <img\n    class=\"base-image\"\n    :class=\"{ '-visible': isVisible, '-enter-animation': true }\"\n    x-data=\"baseImage\"\n    x-intersect.once=\"onEnter()\"\n    srcset=\"https:\/\/staging.de-rigo.we-dev.it\/app\/uploads\/2026\/01\/05-valori-fiducia-card-desktop-480x0-c-default.webp 480w, https:\/\/staging.de-rigo.we-dev.it\/app\/uploads\/2026\/01\/05-valori-fiducia-card-desktop-768x0-c-default.webp 768w, https:\/\/staging.de-rigo.we-dev.it\/app\/uploads\/2026\/01\/05-valori-fiducia-card-desktop-1024x0-c-default.webp 1024w, https:\/\/staging.de-rigo.we-dev.it\/app\/uploads\/2026\/01\/05-valori-fiducia-card-desktop-1440x0-c-default.webp 1440w, https:\/\/staging.de-rigo.we-dev.it\/app\/uploads\/2026\/01\/05-valori-fiducia-card-desktop-1920x0-c-default.webp 1920w\"\n    src=\"https:\/\/staging.de-rigo.we-dev.it\/app\/uploads\/2026\/01\/05-valori-fiducia-card-desktop-480x0-c-default.jpg\"\n    alt=\"05-valori-fiducia-card-desktop\"\n    width=\"387\"\n    height=\"543\"\n    loading=\"lazy\"\n    decoding=\"async\"\n    fetchpriority=\"auto\"\n  \/>\n\n                <\/div>\n                                  \n\n  <button\n    class=\"base-button -tertiary -dark\"\n    x-data\n         @click=\"$dispatch('button-click')\"     >\n        <span class=\"base-button__label\">Contattaci<\/span>\n      <\/button>\n                              <\/div>\n            <\/div>\n            <div class=\"sticky-banners__banner-bottom\">\n              <h5 data-inview data-split>Fiducia<\/h5>\n              <p data-inview>La fiducia non \u00e8 solo un sentimento: \u00e8 un vantaggio competitivo. Fidarsi permette di decidere pi\u00f9 rapidamente, innovare con coraggio e crescere insieme verso nuovi traguardi.<\/p>\n            <\/div>\n          <\/div>\n        <\/a>\n                                                <a\n          class=\"sticky-banners__banner\"\n          href=\"\/it\/sostenibilita\/\"          >\n          <div class=\"sticky-banners__banner-inner\">\n            <div class=\"sticky-banners__banner-top\">\n              <div class=\"sticky-banners__banner-counter\">\n                <p data-inview>006<\/p>\n              <\/div>\n              <div class=\"sticky-banners__banner-launch\">\n                <div class=\"sticky-banners__banner-image\">\n                  \n\n  <img\n    class=\"base-image\"\n    :class=\"{ '-visible': isVisible, '-enter-animation': true }\"\n    x-data=\"baseImage\"\n    x-intersect.once=\"onEnter()\"\n    srcset=\"https:\/\/staging.de-rigo.we-dev.it\/app\/uploads\/2026\/01\/06-valori-sostenibilia-card-desktop-480x0-c-default.webp 480w, https:\/\/staging.de-rigo.we-dev.it\/app\/uploads\/2026\/01\/06-valori-sostenibilia-card-desktop-768x0-c-default.webp 768w, https:\/\/staging.de-rigo.we-dev.it\/app\/uploads\/2026\/01\/06-valori-sostenibilia-card-desktop-1024x0-c-default.webp 1024w, https:\/\/staging.de-rigo.we-dev.it\/app\/uploads\/2026\/01\/06-valori-sostenibilia-card-desktop-1440x0-c-default.webp 1440w, https:\/\/staging.de-rigo.we-dev.it\/app\/uploads\/2026\/01\/06-valori-sostenibilia-card-desktop-1920x0-c-default.webp 1920w\"\n    src=\"https:\/\/staging.de-rigo.we-dev.it\/app\/uploads\/2026\/01\/06-valori-sostenibilia-card-desktop-480x0-c-default.jpg\"\n    alt=\"06-valori-sostenibilia\u0300-card-desktop\"\n    width=\"387\"\n    height=\"543\"\n    loading=\"lazy\"\n    decoding=\"async\"\n    fetchpriority=\"auto\"\n  \/>\n\n                <\/div>\n                                  \n\n  <button\n    class=\"base-button -tertiary -dark\"\n    x-data\n         @click=\"$dispatch('button-click')\"     >\n        <span class=\"base-button__label\">Leggi del nostro impegno<\/span>\n      <\/button>\n                              <\/div>\n            <\/div>\n            <div class=\"sticky-banners__banner-bottom\">\n              <h5 data-inview data-split>Sostenibilit\u00e0<\/h5>\n              <p data-inview>Ogni giorno innoviamo prodotti e processi con responsabilit\u00e0, consapevoli che anche i piccoli passi possono trasformarsi in grandi risultati e lasciare un segno positivo nel mondo che ci circonda.<\/p>\n            <\/div>\n          <\/div>\n        <\/a>\n          <\/div>\n  <\/div>\n<\/section>\n","protected":false},"excerpt":{"rendered":"","protected":false},"author":1,"featured_media":0,"parent":0,"menu_order":2,"comment_status":"closed","ping_status":"closed","template":"","meta":{"_acf_changed":false,"footnotes":""},"class_list":["post-15","page","type-page","status-publish","hentry"],"acf":[],"yoast_head":"<!-- This site is optimized with the Yoast SEO plugin v27.0 - https:\/\/yoast.com\/product\/yoast-seo-wordpress\/ -->\n<title>Valori e vision\u00a0 | De Rigo<\/title>\n<meta name=\"description\" content=\"Le persone, la trasparenza, l&#039;affidabilit\u00e0, la condivisione, la fiducia e la sostenibilit\u00e0 sono i valori che ci contraddistinguono.\" \/>\n<meta name=\"robots\" content=\"noindex, follow, max-snippet:-1, max-image-preview:large, max-video-preview:-1\" \/>\n<!-- \/ Yoast SEO plugin. -->","yoast_head_json":{"title":"Valori e vision\u00a0 | De Rigo","description":"Le persone, la trasparenza, l'affidabilit\u00e0, la condivisione, la fiducia e la sostenibilit\u00e0 sono i valori che ci contraddistinguono.","robots":{"index":"noindex","follow":"follow","max-snippet":"max-snippet:-1","max-image-preview":"max-image-preview:large","max-video-preview":"max-video-preview:-1"},"schema":{"@context":"https:\/\/schema.org","@graph":[{"@type":"WebPage","@id":"https:\/\/staging.de-rigo.we-dev.it\/it\/valori-e-vision\/","url":"https:\/\/staging.de-rigo.we-dev.it\/it\/valori-e-vision\/","name":"Valori e vision\u00a0 | De Rigo","isPartOf":{"@id":"https:\/\/staging.de-rigo.we-dev.it\/it\/#website"},"datePublished":"2025-11-24T12:59:41+00:00","dateModified":"2026-01-27T11:49:18+00:00","description":"Le persone, la trasparenza, l'affidabilit\u00e0, la condivisione, la fiducia e la sostenibilit\u00e0 sono i valori che ci contraddistinguono.","breadcrumb":{"@id":"https:\/\/staging.de-rigo.we-dev.it\/it\/valori-e-vision\/#breadcrumb"},"inLanguage":"it-IT","potentialAction":[{"@type":"ReadAction","target":["https:\/\/staging.de-rigo.we-dev.it\/it\/valori-e-vision\/"]}]},{"@type":"BreadcrumbList","@id":"https:\/\/staging.de-rigo.we-dev.it\/it\/valori-e-vision\/#breadcrumb","itemListElement":[{"@type":"ListItem","position":1,"name":"Home","item":"https:\/\/staging.de-rigo.we-dev.it\/it\/"},{"@type":"ListItem","position":2,"name":"Valori e vision\u00a0"}]},{"@type":"WebSite","@id":"https:\/\/staging.de-rigo.we-dev.it\/it\/#website","url":"https:\/\/staging.de-rigo.we-dev.it\/it\/","name":"De Rigo","description":"","publisher":{"@id":"https:\/\/staging.de-rigo.we-dev.it\/it\/#organization"},"potentialAction":[{"@type":"SearchAction","target":{"@type":"EntryPoint","urlTemplate":"https:\/\/staging.de-rigo.we-dev.it\/it\/?s={search_term_string}"},"query-input":{"@type":"PropertyValueSpecification","valueRequired":true,"valueName":"search_term_string"}}],"inLanguage":"it-IT"},{"@type":"Organization","@id":"https:\/\/staging.de-rigo.we-dev.it\/it\/#organization","name":"De Rigo","url":"https:\/\/staging.de-rigo.we-dev.it\/it\/","logo":{"@type":"ImageObject","inLanguage":"it-IT","@id":"https:\/\/staging.de-rigo.we-dev.it\/it\/#\/schema\/logo\/image\/","url":"https:\/\/staging.de-rigo.we-dev.it\/app\/uploads\/2026\/01\/Timeline-38.jpg","contentUrl":"https:\/\/staging.de-rigo.we-dev.it\/app\/uploads\/2026\/01\/Timeline-38.jpg","width":"618","height":"788","caption":"De Rigo"},"image":{"@id":"https:\/\/staging.de-rigo.we-dev.it\/it\/#\/schema\/logo\/image\/"}}]}},"_links":{"self":[{"href":"https:\/\/staging.de-rigo.we-dev.it\/it\/wp-json\/wp\/v2\/pages\/15","targetHints":{"allow":["GET"]}}],"collection":[{"href":"https:\/\/staging.de-rigo.we-dev.it\/it\/wp-json\/wp\/v2\/pages"}],"about":[{"href":"https:\/\/staging.de-rigo.we-dev.it\/it\/wp-json\/wp\/v2\/types\/page"}],"author":[{"embeddable":true,"href":"https:\/\/staging.de-rigo.we-dev.it\/it\/wp-json\/wp\/v2\/users\/1"}],"replies":[{"embeddable":true,"href":"https:\/\/staging.de-rigo.we-dev.it\/it\/wp-json\/wp\/v2\/comments?post=15"}],"version-history":[{"count":3,"href":"https:\/\/staging.de-rigo.we-dev.it\/it\/wp-json\/wp\/v2\/pages\/15\/revisions"}],"predecessor-version":[{"id":1653,"href":"https:\/\/staging.de-rigo.we-dev.it\/it\/wp-json\/wp\/v2\/pages\/15\/revisions\/1653"}],"wp:attachment":[{"href":"https:\/\/staging.de-rigo.we-dev.it\/it\/wp-json\/wp\/v2\/media?parent=15"}],"curies":[{"name":"wp","href":"https:\/\/api.w.org\/{rel}","templated":true}]}}