{"id":16,"date":"2025-11-24T13:59:48","date_gmt":"2025-11-24T12:59:48","guid":{"rendered":"http:\/\/de-rigo.local\/?page_id=16"},"modified":"2026-01-28T10:56:47","modified_gmt":"2026-01-28T09:56:47","slug":"eccellenza-e-produzione","status":"publish","type":"page","link":"https:\/\/staging.de-rigo.we-dev.it\/it\/eccellenza-e-produzione\/","title":{"rendered":"Eccellenza e produzione"},"content":{"rendered":"\n<section class=\"title\">\n  <h1 data-inview data-split>Eccellenza e produzione<\/h1>\n<\/section>\n\n\n\n<section class=\"block-media\">\n    \n\n\n  <picture\n    class=\"responsive-image\"\n    :class=\"{ '-visible' : isVisible, '-enter-animation': 1 }\"\n    x-data=\"responsiveImage\"\n    x-intersect.once=\"onEnter()\">\n          <source\n        media=\"(max-width: 768px)\"\n        srcset=\"https:\/\/staging.de-rigo.we-dev.it\/app\/uploads\/2026\/01\/produzione-hero-image-mobile.webp\"\n        type=\"image\/webp\">\n      <source\n        media=\"(max-width: 768px)\"\n        srcset=\"https:\/\/staging.de-rigo.we-dev.it\/app\/uploads\/2026\/01\/produzione-hero-image-mobile.jpg\">\n    \n    <source srcset=\"\" type=\"image\/webp\">\n\n    <img loading=\"lazy\"\n      loading=\"\"\n      decoding=\"async\"\n      src=\"https:\/\/staging.de-rigo.we-dev.it\/app\/uploads\/2026\/01\/produzione-hero-image-desktop.jpg\"\n      alt=\"produzione-hero-image-desktop\"\n      width=\"2160\"\n      height=\"1542\"\n    >\n  <\/picture>\n<\/section>\n\n\n  <section class=\"content\">\n    <h6 data-inview>Dalle mani dei maestri artigiani fino alle vostre<\/h6>\n    <h4 data-inview>Le nostre creazioni parlano da sole: \r\nforme, materiali e colori prendono vita attraverso un equilibrio unico tra artigianalit\u00e0 e tecnologia. Ogni dettaglio nasce dalle mani dei nostri maestri e da processi produttivi all&#8217;avanguardia che custodiscono qualit\u00e0 e visione.<\/h4>\n  <\/section>\n\n\n<section class=\"sticky-cards\">\n  <div class=\"sticky-cards__intro\">\n    <h3 class=\"sticky-cards__title\" data-inview data-split>Chi d\u00e0 forma alle idee<\/h3>\n  <\/div>\n  <div class=\"sticky-cards__cards\">\n          <div class=\"sticky-cards__card\">\n        \n\n\n  <picture\n    class=\"responsive-image\"\n    :class=\"{ '-visible' : isVisible, '-enter-animation': 1 }\"\n    x-data=\"responsiveImage\"\n    x-intersect.once=\"onEnter()\">\n          <source\n        media=\"(max-width: 768px)\"\n        srcset=\"https:\/\/staging.de-rigo.we-dev.it\/app\/uploads\/2026\/01\/01-produzione-ciochedaformaallecose-card-ideazione-mobile-1.webp\"\n        type=\"image\/webp\">\n      <source\n        media=\"(max-width: 768px)\"\n        srcset=\"https:\/\/staging.de-rigo.we-dev.it\/app\/uploads\/2026\/01\/01-produzione-ciochedaformaallecose-card-ideazione-mobile-1.jpg\">\n    \n    <source srcset=\"\" type=\"image\/webp\">\n\n    <img loading=\"lazy\"\n      loading=\"\"\n      decoding=\"async\"\n      src=\"https:\/\/staging.de-rigo.we-dev.it\/app\/uploads\/2026\/01\/01-produzione-ciochedaformaallecose-card-ideazione-desktop.jpg\"\n      alt=\"01-produzione-ciochedaformaallecose-card-ideazione-desktop\"\n      width=\"1350\"\n      height=\"819\"\n    >\n  <\/picture>\n        <div class=\"sticky-cards__content\">\n          <p class=\"sticky-cards__card-title\" data-inview>Ideazione<\/p>\n          <p class=\"sticky-cards__card-paragraph\" data-inview>Ogni occhiale nasce da un&#8217;intuizione. \u00c8 qui che estetica, comfort e innovazione iniziano a convergere in un&#8217;unica visione.<\/p>\n        <\/div>\n      <\/div>\n          <div class=\"sticky-cards__card\">\n        \n\n\n  <picture\n    class=\"responsive-image\"\n    :class=\"{ '-visible' : isVisible, '-enter-animation': 1 }\"\n    x-data=\"responsiveImage\"\n    x-intersect.once=\"onEnter()\">\n          <source\n        media=\"(max-width: 768px)\"\n        srcset=\"https:\/\/staging.de-rigo.we-dev.it\/app\/uploads\/2026\/01\/02-produzione-ciochedaformaallecose-card-design-mobile.webp\"\n        type=\"image\/webp\">\n      <source\n        media=\"(max-width: 768px)\"\n        srcset=\"https:\/\/staging.de-rigo.we-dev.it\/app\/uploads\/2026\/01\/02-produzione-ciochedaformaallecose-card-design-mobile.jpg\">\n    \n    <source srcset=\"\" type=\"image\/webp\">\n\n    <img loading=\"lazy\"\n      loading=\"\"\n      decoding=\"async\"\n      src=\"https:\/\/staging.de-rigo.we-dev.it\/app\/uploads\/2026\/01\/02-produzione-ciochedaformaallecose-card-design-desktop.jpg\"\n      alt=\"02-produzione-ciochedaformaallecose-card-design-desktop\"\n      width=\"1350\"\n      height=\"819\"\n    >\n  <\/picture>\n        <div class=\"sticky-cards__content\">\n          <p class=\"sticky-cards__card-title\" data-inview>Design<\/p>\n          <p class=\"sticky-cards__card-paragraph\" data-inview>La progettazione \u00e8 il ponte tra emozione e funzione. Linee, volumi e materiali si uniscono per creare un linguaggio riconoscibile e autentico.<\/p>\n        <\/div>\n      <\/div>\n          <div class=\"sticky-cards__card\">\n        \n\n\n  <picture\n    class=\"responsive-image\"\n    :class=\"{ '-visible' : isVisible, '-enter-animation': 1 }\"\n    x-data=\"responsiveImage\"\n    x-intersect.once=\"onEnter()\">\n          <source\n        media=\"(max-width: 768px)\"\n        srcset=\"https:\/\/staging.de-rigo.we-dev.it\/app\/uploads\/2026\/01\/03-produzione-ciochedaformaallecose-card-prototipia-mobile.webp\"\n        type=\"image\/webp\">\n      <source\n        media=\"(max-width: 768px)\"\n        srcset=\"https:\/\/staging.de-rigo.we-dev.it\/app\/uploads\/2026\/01\/03-produzione-ciochedaformaallecose-card-prototipia-mobile.jpg\">\n    \n    <source srcset=\"\" type=\"image\/webp\">\n\n    <img loading=\"lazy\"\n      loading=\"\"\n      decoding=\"async\"\n      src=\"https:\/\/staging.de-rigo.we-dev.it\/app\/uploads\/2026\/01\/03-produzione-ciochedaformaallecose-card-prototipia-desktop.jpg\"\n      alt=\"03-produzione-ciochedaformaallecose-card-prototipia-desktop\"\n      width=\"1350\"\n      height=\"819\"\n    >\n  <\/picture>\n        <div class=\"sticky-cards__content\">\n          <p class=\"sticky-cards__card-title\" data-inview>Prototipia<\/p>\n          <p class=\"sticky-cards__card-paragraph\" data-inview>La prototipia \u00e8 il momento in cui un&#8217;idea diventa reale.\r\nPrecisione, manualit\u00e0 e esperienza trasformano un disegno \r\nin un primo, vero oggetto.<\/p>\n        <\/div>\n      <\/div>\n          <div class=\"sticky-cards__card\">\n        \n\n\n  <picture\n    class=\"responsive-image\"\n    :class=\"{ '-visible' : isVisible, '-enter-animation': 1 }\"\n    x-data=\"responsiveImage\"\n    x-intersect.once=\"onEnter()\">\n          <source\n        media=\"(max-width: 768px)\"\n        srcset=\"https:\/\/staging.de-rigo.we-dev.it\/app\/uploads\/2026\/01\/04-produzione-ciochedaformaallecose-card-produzione-mobile.webp\"\n        type=\"image\/webp\">\n      <source\n        media=\"(max-width: 768px)\"\n        srcset=\"https:\/\/staging.de-rigo.we-dev.it\/app\/uploads\/2026\/01\/04-produzione-ciochedaformaallecose-card-produzione-mobile.jpg\">\n    \n    <source srcset=\"\" type=\"image\/webp\">\n\n    <img loading=\"lazy\"\n      loading=\"\"\n      decoding=\"async\"\n      src=\"https:\/\/staging.de-rigo.we-dev.it\/app\/uploads\/2026\/01\/04-produzione-ciochedaformaallecose-card-produzione-desktop.jpg\"\n      alt=\"04-produzione-ciochedaformaallecose-card-produzione-desktop\"\n      width=\"1350\"\n      height=\"819\"\n    >\n  <\/picture>\n        <div class=\"sticky-cards__content\">\n          <p class=\"sticky-cards__card-title\" data-inview>Produzione<\/p>\n          <p class=\"sticky-cards__card-paragraph\" data-inview>Tecnica e passione si incontrano in ogni fase produttiva.\r\nLa tecnologia facilita, ma \u00e8 l&#8217;elemento umano che fa davvero \r\nla differenza.<\/p>\n        <\/div>\n      <\/div>\n          <div class=\"sticky-cards__card\">\n        \n\n\n  <picture\n    class=\"responsive-image\"\n    :class=\"{ '-visible' : isVisible, '-enter-animation': 1 }\"\n    x-data=\"responsiveImage\"\n    x-intersect.once=\"onEnter()\">\n          <source\n        media=\"(max-width: 768px)\"\n        srcset=\"https:\/\/staging.de-rigo.we-dev.it\/app\/uploads\/2026\/01\/05-produzione-ciochedaformaallecose-card-qualita-mobile.webp\"\n        type=\"image\/webp\">\n      <source\n        media=\"(max-width: 768px)\"\n        srcset=\"https:\/\/staging.de-rigo.we-dev.it\/app\/uploads\/2026\/01\/05-produzione-ciochedaformaallecose-card-qualita-mobile.jpg\">\n    \n    <source srcset=\"\" type=\"image\/webp\">\n\n    <img loading=\"lazy\"\n      loading=\"\"\n      decoding=\"async\"\n      src=\"https:\/\/staging.de-rigo.we-dev.it\/app\/uploads\/2026\/01\/05-produzione-ciochedaformaallecose-card-qualita-desktop-1.jpg\"\n      alt=\"05-produzione-ciochedaformaallecose-card-qualita\u0300-desktop\"\n      width=\"1350\"\n      height=\"819\"\n    >\n  <\/picture>\n        <div class=\"sticky-cards__content\">\n          <p class=\"sticky-cards__card-title\" data-inview>Qualit\u00e0<\/p>\n          <p class=\"sticky-cards__card-paragraph\" data-inview>La qualit\u00e0 \u00e8 un impegno quotidiano: controlli accurati, standard internazionali, attenzione assoluta alla sicurezza visiva.\r\n\u00c8 il nostro modo di prenderci cura dei clienti.<\/p>\n        <\/div>\n      <\/div>\n          <div class=\"sticky-cards__card\">\n        \n\n\n  <picture\n    class=\"responsive-image\"\n    :class=\"{ '-visible' : isVisible, '-enter-animation': 1 }\"\n    x-data=\"responsiveImage\"\n    x-intersect.once=\"onEnter()\">\n          <source\n        media=\"(max-width: 768px)\"\n        srcset=\"https:\/\/staging.de-rigo.we-dev.it\/app\/uploads\/2026\/01\/06-produzione-ciochedaformaallecose-card-logistica-mobile.webp\"\n        type=\"image\/webp\">\n      <source\n        media=\"(max-width: 768px)\"\n        srcset=\"https:\/\/staging.de-rigo.we-dev.it\/app\/uploads\/2026\/01\/06-produzione-ciochedaformaallecose-card-logistica-mobile.jpg\">\n    \n    <source srcset=\"\" type=\"image\/webp\">\n\n    <img loading=\"lazy\"\n      loading=\"\"\n      decoding=\"async\"\n      src=\"https:\/\/staging.de-rigo.we-dev.it\/app\/uploads\/2026\/01\/06-produzione-ciochedaformaallecose-card-logistica-desktop.jpg\"\n      alt=\"06-produzione-ciochedaformaallecose-card-logistica-desktop\"\n      width=\"1350\"\n      height=\"819\"\n    >\n  <\/picture>\n        <div class=\"sticky-cards__content\">\n          <p class=\"sticky-cards__card-title\" data-inview>Logistica<\/p>\n          <p class=\"sticky-cards__card-paragraph\" data-inview>La logistica \u00e8 movimento, coordinamento, precisione.\r\nOgni fase, dall&#8217;approvvigionamento alla consegna, rispetta un flusso pensato per garantire efficienza e soddisfazione.<\/p>\n        <\/div>\n      <\/div>\n      <\/div>\n<\/section>\n\n\n\n<section class=\"text-media -reverse\">\n  <div class=\"text-media__text\">\n          <h4 data-inview>Dall&#8217;idea al mondo: l&#8217;arte di creare occhiali<\/h4>\n              <p data-inview>Ogni paio di occhiali racconta un viaggio: idee, mani, competenze, passaggi che si intrecciano.\r\nDalla prima forma modellata a mano alla produzione industrializzata, ogni fase riceve cura e attenzione.\r\nLa qualit\u00e0 ci distingue, la nostra rete globale d\u00e0 forza alla distribuzione, e la fiducia dei clienti \u00e8 il nostro orgoglio pi\u00f9 grande<\/p>\n      <\/div>\n  <div class=\"text-media__media\">\n    \n\n\n  <picture\n    class=\"responsive-image\"\n    :class=\"{ '-visible' : isVisible, '-enter-animation': 1 }\"\n    x-data=\"responsiveImage\"\n    x-intersect.once=\"onEnter()\">\n          <source\n        media=\"(max-width: 768px)\"\n        srcset=\"https:\/\/staging.de-rigo.we-dev.it\/app\/uploads\/2026\/01\/produzione-sezioneidea-mobile.webp\"\n        type=\"image\/webp\">\n      <source\n        media=\"(max-width: 768px)\"\n        srcset=\"https:\/\/staging.de-rigo.we-dev.it\/app\/uploads\/2026\/01\/produzione-sezioneidea-mobile.jpg\">\n    \n    <source srcset=\"\" type=\"image\/webp\">\n\n    <img loading=\"lazy\"\n      loading=\"\"\n      decoding=\"async\"\n      src=\"https:\/\/staging.de-rigo.we-dev.it\/app\/uploads\/2026\/01\/produzione-sezioneidea-desktop.jpg\"\n      alt=\"produzione-sezioneidea-desktop\"\n      width=\"833\"\n      height=\"1035\"\n    >\n  <\/picture>\n  <\/div>\n<\/section>\n\n","protected":false},"excerpt":{"rendered":"","protected":false},"author":1,"featured_media":0,"parent":0,"menu_order":4,"comment_status":"closed","ping_status":"closed","template":"","meta":{"_acf_changed":false,"footnotes":""},"class_list":["post-16","page","type-page","status-publish","hentry"],"acf":[],"yoast_head":"<!-- This site is optimized with the Yoast SEO plugin v27.0 - https:\/\/yoast.com\/product\/yoast-seo-wordpress\/ -->\n<title>Eccellenza e produzione | De Rigo<\/title>\n<meta name=\"description\" content=\"Le nostre creazioni parlano da sole: forme, materiali e colori prendono vita attraverso un equilibrio unico tra artigianalit\u00e0 e tecnologia.\" \/>\n<meta name=\"robots\" content=\"noindex, follow, max-snippet:-1, max-image-preview:large, max-video-preview:-1\" \/>\n<!-- \/ Yoast SEO plugin. -->","yoast_head_json":{"title":"Eccellenza e produzione | De Rigo","description":"Le nostre creazioni parlano da sole: forme, materiali e colori prendono vita attraverso un equilibrio unico tra artigianalit\u00e0 e tecnologia.","robots":{"index":"noindex","follow":"follow","max-snippet":"max-snippet:-1","max-image-preview":"max-image-preview:large","max-video-preview":"max-video-preview:-1"},"schema":{"@context":"https:\/\/schema.org","@graph":[{"@type":"WebPage","@id":"https:\/\/staging.de-rigo.we-dev.it\/it\/eccellenza-e-produzione\/","url":"https:\/\/staging.de-rigo.we-dev.it\/it\/eccellenza-e-produzione\/","name":"Eccellenza e produzione | De Rigo","isPartOf":{"@id":"https:\/\/staging.de-rigo.we-dev.it\/it\/#website"},"datePublished":"2025-11-24T12:59:48+00:00","dateModified":"2026-01-28T09:56:47+00:00","description":"Le nostre creazioni parlano da sole: forme, materiali e colori prendono vita attraverso un equilibrio unico tra artigianalit\u00e0 e tecnologia.","breadcrumb":{"@id":"https:\/\/staging.de-rigo.we-dev.it\/it\/eccellenza-e-produzione\/#breadcrumb"},"inLanguage":"it-IT","potentialAction":[{"@type":"ReadAction","target":["https:\/\/staging.de-rigo.we-dev.it\/it\/eccellenza-e-produzione\/"]}]},{"@type":"BreadcrumbList","@id":"https:\/\/staging.de-rigo.we-dev.it\/it\/eccellenza-e-produzione\/#breadcrumb","itemListElement":[{"@type":"ListItem","position":1,"name":"Home","item":"https:\/\/staging.de-rigo.we-dev.it\/it\/"},{"@type":"ListItem","position":2,"name":"Eccellenza e produzione"}]},{"@type":"WebSite","@id":"https:\/\/staging.de-rigo.we-dev.it\/it\/#website","url":"https:\/\/staging.de-rigo.we-dev.it\/it\/","name":"De Rigo","description":"","publisher":{"@id":"https:\/\/staging.de-rigo.we-dev.it\/it\/#organization"},"potentialAction":[{"@type":"SearchAction","target":{"@type":"EntryPoint","urlTemplate":"https:\/\/staging.de-rigo.we-dev.it\/it\/?s={search_term_string}"},"query-input":{"@type":"PropertyValueSpecification","valueRequired":true,"valueName":"search_term_string"}}],"inLanguage":"it-IT"},{"@type":"Organization","@id":"https:\/\/staging.de-rigo.we-dev.it\/it\/#organization","name":"De Rigo","url":"https:\/\/staging.de-rigo.we-dev.it\/it\/","logo":{"@type":"ImageObject","inLanguage":"it-IT","@id":"https:\/\/staging.de-rigo.we-dev.it\/it\/#\/schema\/logo\/image\/","url":"https:\/\/staging.de-rigo.we-dev.it\/app\/uploads\/2026\/01\/Timeline-38.jpg","contentUrl":"https:\/\/staging.de-rigo.we-dev.it\/app\/uploads\/2026\/01\/Timeline-38.jpg","width":"618","height":"788","caption":"De Rigo"},"image":{"@id":"https:\/\/staging.de-rigo.we-dev.it\/it\/#\/schema\/logo\/image\/"}}]}},"_links":{"self":[{"href":"https:\/\/staging.de-rigo.we-dev.it\/it\/wp-json\/wp\/v2\/pages\/16","targetHints":{"allow":["GET"]}}],"collection":[{"href":"https:\/\/staging.de-rigo.we-dev.it\/it\/wp-json\/wp\/v2\/pages"}],"about":[{"href":"https:\/\/staging.de-rigo.we-dev.it\/it\/wp-json\/wp\/v2\/types\/page"}],"author":[{"embeddable":true,"href":"https:\/\/staging.de-rigo.we-dev.it\/it\/wp-json\/wp\/v2\/users\/1"}],"replies":[{"embeddable":true,"href":"https:\/\/staging.de-rigo.we-dev.it\/it\/wp-json\/wp\/v2\/comments?post=16"}],"version-history":[{"count":5,"href":"https:\/\/staging.de-rigo.we-dev.it\/it\/wp-json\/wp\/v2\/pages\/16\/revisions"}],"predecessor-version":[{"id":3045,"href":"https:\/\/staging.de-rigo.we-dev.it\/it\/wp-json\/wp\/v2\/pages\/16\/revisions\/3045"}],"wp:attachment":[{"href":"https:\/\/staging.de-rigo.we-dev.it\/it\/wp-json\/wp\/v2\/media?parent=16"}],"curies":[{"name":"wp","href":"https:\/\/api.w.org\/{rel}","templated":true}]}}