{"id":17,"date":"2025-11-24T13:59:59","date_gmt":"2025-11-24T12:59:59","guid":{"rendered":"http:\/\/de-rigo.local\/?page_id=17"},"modified":"2026-01-27T12:53:01","modified_gmt":"2026-01-27T11:53:01","slug":"sostenibilita","status":"publish","type":"page","link":"https:\/\/staging.de-rigo.we-dev.it\/it\/sostenibilita\/","title":{"rendered":"Sostenibilit\u00e0 per de Rigo"},"content":{"rendered":"\n<section class=\"title\">\n  <h1 data-inview data-split>Sostenibilit\u00e0  per De Rigo<\/h1>\n<\/section>\n\n\n\n<section class=\"block-media\">\n    \n\n\n  <picture\n    class=\"responsive-image\"\n    :class=\"{ '-visible' : isVisible, '-enter-animation': 1 }\"\n    x-data=\"responsiveImage\"\n    x-intersect.once=\"onEnter()\">\n          <source\n        media=\"(max-width: 768px)\"\n        srcset=\"https:\/\/staging.de-rigo.we-dev.it\/app\/uploads\/2026\/01\/sostenibilita-hero-image-mobile.webp\"\n        type=\"image\/webp\">\n      <source\n        media=\"(max-width: 768px)\"\n        srcset=\"https:\/\/staging.de-rigo.we-dev.it\/app\/uploads\/2026\/01\/sostenibilita-hero-image-mobile.jpg\">\n    \n    <source srcset=\"\" type=\"image\/webp\">\n\n    <img loading=\"lazy\"\n      loading=\"\"\n      decoding=\"async\"\n      src=\"https:\/\/staging.de-rigo.we-dev.it\/app\/uploads\/2026\/01\/sostenibilita-hero-image-desktop.jpg\"\n      alt=\"sostenibilita\u0300-hero-image-desktop\"\n      width=\"2160\"\n      height=\"1542\"\n    >\n  <\/picture>\n<\/section>\n\n\n  <section class=\"content\">\n    <h6 data-inview><\/h6>\n    <h4 data-inview>Per De Rigo, sostenibilit\u00e0 significa rispetto: per le persone, per la filiera e per il futuro. Innoviamo prodotti e processi con responsabilit\u00e0, migliorando passo dopo passo l&#8217;impatto del nostro lavoro sul mondo che ci circonda.\r\n<\/h4>\n  <\/section>\n\n\n<section class=\"sticky-cards\">\n  <div class=\"sticky-cards__intro\">\n    <h3 class=\"sticky-cards__title\" data-inview data-split>L&#8217;impatto sulle persone<\/h3>\n  <\/div>\n  <div class=\"sticky-cards__cards\">\n          <div class=\"sticky-cards__card\">\n        \n\n\n  <picture\n    class=\"responsive-image\"\n    :class=\"{ '-visible' : isVisible, '-enter-animation': 1 }\"\n    x-data=\"responsiveImage\"\n    x-intersect.once=\"onEnter()\">\n          <source\n        media=\"(max-width: 768px)\"\n        srcset=\"https:\/\/staging.de-rigo.we-dev.it\/app\/uploads\/2026\/01\/01-sostenibilita-limpattosullepersone-card-relazioni-mobile.webp\"\n        type=\"image\/webp\">\n      <source\n        media=\"(max-width: 768px)\"\n        srcset=\"https:\/\/staging.de-rigo.we-dev.it\/app\/uploads\/2026\/01\/01-sostenibilita-limpattosullepersone-card-relazioni-mobile.jpg\">\n    \n    <source srcset=\"\" type=\"image\/webp\">\n\n    <img loading=\"lazy\"\n      loading=\"\"\n      decoding=\"async\"\n      src=\"https:\/\/staging.de-rigo.we-dev.it\/app\/uploads\/2026\/01\/01-sostenibilita-limpattosullepersone-card-relazioni-desktop.jpg\"\n      alt=\"01-sostenibilita\u0300-limpattosullepersone-card-relazioni-desktop\"\n      width=\"1350\"\n      height=\"819\"\n    >\n  <\/picture>\n        <div class=\"sticky-cards__content\">\n          <p class=\"sticky-cards__card-title\" data-inview>Relazioni responsabili e un impatto sociale positivo<\/p>\n          <p class=\"sticky-cards__card-paragraph\" data-inview>De Rigo promuove attivamente la diversit\u00e0 e inclusione, con un\u2019attenzione particolare alle politiche contro la discriminazione di genere ed etnia, implementando programmi educativi sui temi della diversit\u00e0 culturale, comunicazione inclusiva e rispetto reciproco. Il 65% della forza lavoro \u00e8 composto da donne, segno concreto dell&#8217;attenzione ad un impatto sociale positivo.<\/p>\n        <\/div>\n      <\/div>\n          <div class=\"sticky-cards__card\">\n        \n\n\n  <picture\n    class=\"responsive-image\"\n    :class=\"{ '-visible' : isVisible, '-enter-animation': 1 }\"\n    x-data=\"responsiveImage\"\n    x-intersect.once=\"onEnter()\">\n          <source\n        media=\"(max-width: 768px)\"\n        srcset=\"https:\/\/staging.de-rigo.we-dev.it\/app\/uploads\/2026\/01\/02-sostenibilita-limpattosullepersone-card-certificazioni-mobile.webp\"\n        type=\"image\/webp\">\n      <source\n        media=\"(max-width: 768px)\"\n        srcset=\"https:\/\/staging.de-rigo.we-dev.it\/app\/uploads\/2026\/01\/02-sostenibilita-limpattosullepersone-card-certificazioni-mobile.jpg\">\n    \n    <source srcset=\"\" type=\"image\/webp\">\n\n    <img loading=\"lazy\"\n      loading=\"\"\n      decoding=\"async\"\n      src=\"https:\/\/staging.de-rigo.we-dev.it\/app\/uploads\/2026\/01\/02-sostenibilita-limpattosullepersone-card-certificazioni-desktop.jpg\"\n      alt=\"02-sostenibilita\u0300-limpattosullepersone-card-certificazioni-desktop\"\n      width=\"1350\"\n      height=\"819\"\n    >\n  <\/picture>\n        <div class=\"sticky-cards__content\">\n          <p class=\"sticky-cards__card-title\" data-inview>Certificazione di Parit\u00e0 di Genere<\/p>\n          <p class=\"sticky-cards__card-paragraph\" data-inview>La Certificazione di Parit\u00e0 di Genere (UNI\/PdR 125:2022) formalizza una cultura aziendale gi\u00e0 orientata a talento e diversit\u00e0. L\u2019azienda si impegna a garantire un ambiente di lavoro inclusivo, rispettoso delle differenze di genere, etnia e altre caratteristiche individuali. La Politica Parit\u00e0 di Genere stabilisce obiettivi chiari per l\u2019equit\u00e0 salariale, la gestione delle carriere e la genitorialit\u00e0, e prevede misure ad hoc per la conciliazione vita-lavoro.<\/p>\n        <\/div>\n      <\/div>\n          <div class=\"sticky-cards__card\">\n        \n\n\n  <picture\n    class=\"responsive-image\"\n    :class=\"{ '-visible' : isVisible, '-enter-animation': 1 }\"\n    x-data=\"responsiveImage\"\n    x-intersect.once=\"onEnter()\">\n          <source\n        media=\"(max-width: 768px)\"\n        srcset=\"https:\/\/staging.de-rigo.we-dev.it\/app\/uploads\/2026\/01\/03-sostenibilita-limpattosullepersone-card-conciliazione-mobile.webp\"\n        type=\"image\/webp\">\n      <source\n        media=\"(max-width: 768px)\"\n        srcset=\"https:\/\/staging.de-rigo.we-dev.it\/app\/uploads\/2026\/01\/03-sostenibilita-limpattosullepersone-card-conciliazione-mobile.jpg\">\n    \n    <source srcset=\"\" type=\"image\/webp\">\n\n    <img loading=\"lazy\"\n      loading=\"\"\n      decoding=\"async\"\n      src=\"https:\/\/staging.de-rigo.we-dev.it\/app\/uploads\/2026\/01\/03-sostenibilita-limpattosullepersone-card-conciliazione-desktop.jpg\"\n      alt=\"03-sostenibilita\u0300-limpattosullepersone-card-conciliazione-desktop\"\n      width=\"1350\"\n      height=\"819\"\n    >\n  <\/picture>\n        <div class=\"sticky-cards__content\">\n          <p class=\"sticky-cards__card-title\" data-inview>Conciliazione  vita-lavoro<\/p>\n          <p class=\"sticky-cards__card-paragraph\" data-inview>L\u2019azienda promuove la conciliazione vita-lavoro attraverso iniziative dedicate alla genitorialit\u00e0 e al benessere delle persone, affiancate da un sistema di welfare flessibile e integrato che comprende assicurazione sanitaria integrativa, credito welfare, servizi digitali e convenzioni. In questo contesto, la Fondazione De Rigo sostiene la crescita delle nuove generazioni attraverso l\u2019assegnazione di borse di studio ai figli dei dipendenti, valorizzando il merito e il percorso formativo.<\/p>\n        <\/div>\n      <\/div>\n      <\/div>\n<\/section>\n\n\n<section class=\"info-columns\">\n  <div class=\"info-columns__title\">\n    <h4 data-inview data-split>Filiera: una linea comune di responsabilit\u00e0<\/h4>\n  <\/div>\n  <div class=\"info-columns__content\">\n    <div class=\"info-columns__paragraphs\">\n      <div>\n        <p data-inview>La filiera integra clienti, partner e fornitori in un percorso di responsabilit\u00e0 condivisa, fondato su fiducia, trasparenza e affidabilit\u00e0. \r\nIl Codice Etico \u00e8 stato trasmesso a tutti i fornitori per garantire allineamento su qualit\u00e0, etica e sostenibilit\u00e0 lungo l&#8217;intera catena del valore.<\/p>\n      <\/div>\n      <div>\n        <p data-inview>De Rigo ha ottenuto la certificazione ISCC Plus, che consente di monitorare e dimostrare la sostenibilit\u00e0 dei prodotti, dalla materia prima al prodotto finito. Questa certificazione riguarda materie prime agricole, forestali, residui di colture, rifiuti, materiali riciclati e prodotti bio-based, ed \u00e8 allineata con gli obiettivi di sostenibilit\u00e0 dell&#8217;Agenda 2030. In parallelo alle azioni gi\u00e0 in corso in tema di Sostenibilit\u00e0, De Rigo Vision ha deciso di formalizzare il suo impegno attraverso l&#8217;implementazione di un Sistema di Gestione Ambientale, uniformandosi allo standard UNI ISO 14001:2015.<\/p>\n                  \n\n  <a\n    class=\"base-button -tertiary -dark\"\n    href=\"https:\/\/staging.de-rigo.we-dev.it\/app\/uploads\/2026\/01\/POLITICA-DEL-SGA_rev.0.pdf\"\n    target=\"_self\"\n    >\n        <span class=\"base-button__label\">Politica SGA<\/span>\n      <\/a>\n              <\/div>\n    <\/div>\n    <div class=\"info-columns__image\">\n      \n\n  <img\n    class=\"base-image\"\n    :class=\"{ '-visible': isVisible, '-enter-animation': true }\"\n    x-data=\"baseImage\"\n    x-intersect.once=\"onEnter()\"\n    srcset=\"https:\/\/staging.de-rigo.we-dev.it\/app\/uploads\/2026\/01\/ISCC.svg 480w, https:\/\/staging.de-rigo.we-dev.it\/app\/uploads\/2026\/01\/ISCC.svg 768w, https:\/\/staging.de-rigo.we-dev.it\/app\/uploads\/2026\/01\/ISCC.svg 1024w, https:\/\/staging.de-rigo.we-dev.it\/app\/uploads\/2026\/01\/ISCC.svg 1440w, https:\/\/staging.de-rigo.we-dev.it\/app\/uploads\/2026\/01\/ISCC.svg 1920w\"\n    src=\"https:\/\/staging.de-rigo.we-dev.it\/app\/uploads\/2026\/01\/ISCC.svg\"\n    alt=\"ISCC\"\n    width=\"393\"\n    height=\"205\"\n    loading=\"lazy\"\n    decoding=\"async\"\n    fetchpriority=\"auto\"\n  \/>\n\n    <\/div>\n  <\/div>\n<\/section>\n\n\n\n<section class=\"text-media -reverse\">\n  <div class=\"text-media__text\">\n          <h4 data-inview>Materiali innovativi e soluzioni consapevoli<\/h4>\n              <p data-inview>Con materiali innovativi e soluzioni consapevoli ripensiamo prodotti, processi produttivi per ridurre sprechi ed emissioni, trasformando ogni scelta in un passo concreto verso il cambiamento. Analizziamo ogni fase del ciclo produttivo per ottimizzare consumi, scarti e tempi, adottando tecnologie che ci permettono di essere pi\u00f9 efficienti.\r\nLa riduzione degli sprechi non \u00e8 solo un obiettivo, ma una pratica quotidiana che guida le decisioni dei nostri reparti tecnici.<\/p>\n      <\/div>\n  <div class=\"text-media__media\">\n    \n\n\n  <picture\n    class=\"responsive-image\"\n    :class=\"{ '-visible' : isVisible, '-enter-animation': 1 }\"\n    x-data=\"responsiveImage\"\n    x-intersect.once=\"onEnter()\">\n          <source\n        media=\"(max-width: 768px)\"\n        srcset=\"https:\/\/staging.de-rigo.we-dev.it\/app\/uploads\/2026\/01\/sostenibilita-sezionemateriali-mobile.webp\"\n        type=\"image\/webp\">\n      <source\n        media=\"(max-width: 768px)\"\n        srcset=\"https:\/\/staging.de-rigo.we-dev.it\/app\/uploads\/2026\/01\/sostenibilita-sezionemateriali-mobile.jpg\">\n    \n    <source srcset=\"\" type=\"image\/webp\">\n\n    <img loading=\"lazy\"\n      loading=\"\"\n      decoding=\"async\"\n      src=\"https:\/\/staging.de-rigo.we-dev.it\/app\/uploads\/2026\/01\/sostenibilita-sezionemateriali-desktop.jpg\"\n      alt=\"sostenibilita\u0300-sezionemateriali-desktop\"\n      width=\"833\"\n      height=\"1035\"\n    >\n  <\/picture>\n  <\/div>\n<\/section>\n\n\n\n\n<section class=\"text-media \">\n  <div class=\"text-media__text\">\n          <h4 data-inview>La logistica viene ripensata in chiave sostenibile<\/h4>\n              <p data-inview>Nuovi progetti basati sul risparmio energetico e soluzioni che ottimizzano gli spostamenti dei prodotti guidano il nostro impegno quotidiano, insieme all\u2019utilizzo di fonti di energia rinnovabili per migliorare l\u2019efficienza energetica. \r\nPuntiamo a ridurre gli imballaggi, realizzati con materiali riciclabili e compostabili provenienti da fornitori certificati FSC, favorendo al contempo l\u2019accorpamento delle spedizioni. Implementiamo sistemi di raccolta dati e monitoriamo costantemente le nostre performance ambientali per migliorare e definire nuove priorit\u00e0 d\u2019azione. \r\nCrediamo che innovazione e sostenibilit\u00e0 debbano procedere insieme, sostenendosi a vicenda. \u00c8 cos\u00ec che ogni nostra scelta diventa parte di un percorso pi\u00f9 ampio, orientato a un futuro davvero pi\u00f9 consapevole.<\/p>\n      <\/div>\n  <div class=\"text-media__media\">\n    \n\n\n  <picture\n    class=\"responsive-image\"\n    :class=\"{ '-visible' : isVisible, '-enter-animation': 1 }\"\n    x-data=\"responsiveImage\"\n    x-intersect.once=\"onEnter()\">\n          <source\n        media=\"(max-width: 768px)\"\n        srcset=\"https:\/\/staging.de-rigo.we-dev.it\/app\/uploads\/2026\/01\/sostenibilita-sezionelogistica-mobile.webp\"\n        type=\"image\/webp\">\n      <source\n        media=\"(max-width: 768px)\"\n        srcset=\"https:\/\/staging.de-rigo.we-dev.it\/app\/uploads\/2026\/01\/sostenibilita-sezionelogistica-mobile.jpg\">\n    \n    <source srcset=\"\" type=\"image\/webp\">\n\n    <img loading=\"lazy\"\n      loading=\"\"\n      decoding=\"async\"\n      src=\"https:\/\/staging.de-rigo.we-dev.it\/app\/uploads\/2026\/01\/sostenibilita-sezionelogistica-desktop.jpg\"\n      alt=\"sostenibilita\u0300-sezionelogistica-desktop\"\n      width=\"833\"\n      height=\"1035\"\n    >\n  <\/picture>\n  <\/div>\n<\/section>\n\n\n\n\n<section class=\"block-spacer -bg-light-grey -space-mega\">\n\n<\/section>\n\n\n\n<section class=\"downloads-grid -bg-light-grey -align-center\">\n  <ul class=\"downloads-grid__list\">\n          <li class=\"downloads-grid__item\">\n        <p data-inview>Manifesto di Sostenibilit\u00e0<\/p>\n        \n\n  <a\n    class=\"base-button -tertiary -dark\"\n    href=\"https:\/\/staging.de-rigo.we-dev.it\/app\/uploads\/2026\/01\/V3-ITA-ESGeo-DeRigo-Manifesto-Della-Sostenibilita.pdf\"\n    target=\"_blank\"\n    >\n        <span class=\"base-button__label\">Download<\/span>\n          <span class=\"base-button__icon\">\n          \n  <span class=\"base-icon\"><svg width=\"48\" height=\"48\" viewBox=\"0 0 48 48\" fill=\"none\" xmlns=\"http:\/\/www.w3.org\/2000\/svg\">\n<g clip-path=\"url(#clip0_2411_2263)\">\n<path d=\"M24 27V6\" stroke=\"black\" stroke-width=\"1.9\" stroke-linecap=\"round\" stroke-linejoin=\"round\"\/>\n<path d=\"M40.5 27V39H7.5V27\" stroke=\"black\" stroke-width=\"1.9\" stroke-linecap=\"round\" stroke-linejoin=\"round\"\/>\n<path d=\"M31.5 19.5L24 27L16.5 19.5\" stroke=\"black\" stroke-width=\"1.9\" stroke-linecap=\"round\" stroke-linejoin=\"round\"\/>\n<\/g>\n<defs>\n<clipPath id=\"clip0_2411_2263\">\n<rect width=\"48\" height=\"48\" fill=\"white\"\/>\n<\/clipPath>\n<\/defs>\n<\/svg>\n<\/span>\n      <\/span>\n      <\/a>\n      <\/li>\n      <\/ul>\n<\/section>\n\n\n\n<section class=\"block-spacer -bg-light-grey -space-mega\">\n\n<\/section>\n\n","protected":false},"excerpt":{"rendered":"","protected":false},"author":1,"featured_media":0,"parent":0,"menu_order":6,"comment_status":"closed","ping_status":"closed","template":"","meta":{"_acf_changed":false,"footnotes":""},"class_list":["post-17","page","type-page","status-publish","hentry"],"acf":[],"yoast_head":"<!-- This site is optimized with the Yoast SEO plugin v27.0 - https:\/\/yoast.com\/product\/yoast-seo-wordpress\/ -->\n<title>Sostenibilit\u00e0 | De Rigo<\/title>\n<meta name=\"description\" content=\"Innoviamo prodotti e processi con responsabilit\u00e0, migliorando passo dopo passo l&#039;impatto del nostro lavoro sul mondo che ci circonda.\" \/>\n<meta name=\"robots\" content=\"noindex, follow, max-snippet:-1, max-image-preview:large, max-video-preview:-1\" \/>\n<!-- \/ Yoast SEO plugin. -->","yoast_head_json":{"title":"Sostenibilit\u00e0 | De Rigo","description":"Innoviamo prodotti e processi con responsabilit\u00e0, migliorando passo dopo passo l'impatto del nostro lavoro sul mondo che ci circonda.","robots":{"index":"noindex","follow":"follow","max-snippet":"max-snippet:-1","max-image-preview":"max-image-preview:large","max-video-preview":"max-video-preview:-1"},"schema":{"@context":"https:\/\/schema.org","@graph":[{"@type":"WebPage","@id":"https:\/\/staging.de-rigo.we-dev.it\/it\/sostenibilita\/","url":"https:\/\/staging.de-rigo.we-dev.it\/it\/sostenibilita\/","name":"Sostenibilit\u00e0 | De Rigo","isPartOf":{"@id":"https:\/\/staging.de-rigo.we-dev.it\/it\/#website"},"datePublished":"2025-11-24T12:59:59+00:00","dateModified":"2026-01-27T11:53:01+00:00","description":"Innoviamo prodotti e processi con responsabilit\u00e0, migliorando passo dopo passo l'impatto del nostro lavoro sul mondo che ci circonda.","breadcrumb":{"@id":"https:\/\/staging.de-rigo.we-dev.it\/it\/sostenibilita\/#breadcrumb"},"inLanguage":"it-IT","potentialAction":[{"@type":"ReadAction","target":["https:\/\/staging.de-rigo.we-dev.it\/it\/sostenibilita\/"]}]},{"@type":"BreadcrumbList","@id":"https:\/\/staging.de-rigo.we-dev.it\/it\/sostenibilita\/#breadcrumb","itemListElement":[{"@type":"ListItem","position":1,"name":"Home","item":"https:\/\/staging.de-rigo.we-dev.it\/it\/"},{"@type":"ListItem","position":2,"name":"Sostenibilit\u00e0 per de Rigo"}]},{"@type":"WebSite","@id":"https:\/\/staging.de-rigo.we-dev.it\/it\/#website","url":"https:\/\/staging.de-rigo.we-dev.it\/it\/","name":"De Rigo","description":"","publisher":{"@id":"https:\/\/staging.de-rigo.we-dev.it\/it\/#organization"},"potentialAction":[{"@type":"SearchAction","target":{"@type":"EntryPoint","urlTemplate":"https:\/\/staging.de-rigo.we-dev.it\/it\/?s={search_term_string}"},"query-input":{"@type":"PropertyValueSpecification","valueRequired":true,"valueName":"search_term_string"}}],"inLanguage":"it-IT"},{"@type":"Organization","@id":"https:\/\/staging.de-rigo.we-dev.it\/it\/#organization","name":"De Rigo","url":"https:\/\/staging.de-rigo.we-dev.it\/it\/","logo":{"@type":"ImageObject","inLanguage":"it-IT","@id":"https:\/\/staging.de-rigo.we-dev.it\/it\/#\/schema\/logo\/image\/","url":"https:\/\/staging.de-rigo.we-dev.it\/app\/uploads\/2026\/01\/Timeline-38.jpg","contentUrl":"https:\/\/staging.de-rigo.we-dev.it\/app\/uploads\/2026\/01\/Timeline-38.jpg","width":"618","height":"788","caption":"De Rigo"},"image":{"@id":"https:\/\/staging.de-rigo.we-dev.it\/it\/#\/schema\/logo\/image\/"}}]}},"_links":{"self":[{"href":"https:\/\/staging.de-rigo.we-dev.it\/it\/wp-json\/wp\/v2\/pages\/17","targetHints":{"allow":["GET"]}}],"collection":[{"href":"https:\/\/staging.de-rigo.we-dev.it\/it\/wp-json\/wp\/v2\/pages"}],"about":[{"href":"https:\/\/staging.de-rigo.we-dev.it\/it\/wp-json\/wp\/v2\/types\/page"}],"author":[{"embeddable":true,"href":"https:\/\/staging.de-rigo.we-dev.it\/it\/wp-json\/wp\/v2\/users\/1"}],"replies":[{"embeddable":true,"href":"https:\/\/staging.de-rigo.we-dev.it\/it\/wp-json\/wp\/v2\/comments?post=17"}],"version-history":[{"count":12,"href":"https:\/\/staging.de-rigo.we-dev.it\/it\/wp-json\/wp\/v2\/pages\/17\/revisions"}],"predecessor-version":[{"id":2919,"href":"https:\/\/staging.de-rigo.we-dev.it\/it\/wp-json\/wp\/v2\/pages\/17\/revisions\/2919"}],"wp:attachment":[{"href":"https:\/\/staging.de-rigo.we-dev.it\/it\/wp-json\/wp\/v2\/media?parent=17"}],"curies":[{"name":"wp","href":"https:\/\/api.w.org\/{rel}","templated":true}]}}