{"id":32,"date":"2025-11-24T14:02:40","date_gmt":"2025-11-24T13:02:40","guid":{"rendered":"http:\/\/de-rigo.local\/?page_id=32"},"modified":"2026-01-27T12:55:38","modified_gmt":"2026-01-27T11:55:38","slug":"investitori-e-partner","status":"publish","type":"page","link":"https:\/\/staging.de-rigo.we-dev.it\/it\/investitori-e-partner\/","title":{"rendered":"Investitori e Partner"},"content":{"rendered":"<section class=\"hero-simple -content-type-downloads\">\n  <div class=\"hero-simple__intro\">\n    <div class=\"hero-simple__intro-head\">\n      <p class=\"hero-simple__pretitle\" data-inview>Business<\/p>\n      <h1 data-inview>Collabora con De Rigo<\/h1>\n    <\/div>\n    <p class=\"hero-simple__intro-text\" data-inview>Nel panorama internazionale dell&#8217;eyewear, De Rigo \u00e8 un punto di riferimento per affidabilit\u00e0, qualit\u00e0 industriale e visione. Accompagniamo i partner con un approccio solido, innovativo e aperto al futuro.\r\n<\/p>\n      <\/div>\n  <div class=\"hero-simple__divider\"><\/div>\n  <div class=\"hero-simple__content\">\n          <p class=\"hero-simple__title\">I nostri bilanci<\/p>\n      <div class=\"hero-simple__downloads\">\n                  <div class=\"hero-simple__download\">\n            <p data-inview>Anno 2024<\/p>\n            \n\n  <a\n    class=\"base-button -tertiary -dark\"\n    href=\"\/app\/uploads\/2026\/01\/DR-SPA_Relazione-sulla-gestione-bilancio-esercizio-e-consolidato_31-12-2024.pdf\"\n    target=\"_blank\"\n    >\n        <span class=\"base-button__label\">Scarica<\/span>\n          <span class=\"base-button__icon\">\n          \n  <span class=\"base-icon\"><svg width=\"48\" height=\"48\" viewBox=\"0 0 48 48\" fill=\"none\" xmlns=\"http:\/\/www.w3.org\/2000\/svg\">\n<g clip-path=\"url(#clip0_2411_2263)\">\n<path d=\"M24 27V6\" stroke=\"black\" stroke-width=\"1.9\" stroke-linecap=\"round\" stroke-linejoin=\"round\"\/>\n<path d=\"M40.5 27V39H7.5V27\" stroke=\"black\" stroke-width=\"1.9\" stroke-linecap=\"round\" stroke-linejoin=\"round\"\/>\n<path d=\"M31.5 19.5L24 27L16.5 19.5\" stroke=\"black\" stroke-width=\"1.9\" stroke-linecap=\"round\" stroke-linejoin=\"round\"\/>\n<\/g>\n<defs>\n<clipPath id=\"clip0_2411_2263\">\n<rect width=\"48\" height=\"48\" fill=\"white\"\/>\n<\/clipPath>\n<\/defs>\n<\/svg>\n<\/span>\n      <\/span>\n      <\/a>\n          <\/div>\n                  <div class=\"hero-simple__download\">\n            <p data-inview>Anno 2023<\/p>\n            \n\n  <a\n    class=\"base-button -tertiary -dark\"\n    href=\"\/app\/uploads\/2026\/01\/risultati_bilancio_2023_1781.pdf\"\n    target=\"_blank\"\n    >\n        <span class=\"base-button__label\">Scarica<\/span>\n          <span class=\"base-button__icon\">\n          \n  <span class=\"base-icon\"><svg width=\"48\" height=\"48\" viewBox=\"0 0 48 48\" fill=\"none\" xmlns=\"http:\/\/www.w3.org\/2000\/svg\">\n<g clip-path=\"url(#clip0_2411_2263)\">\n<path d=\"M24 27V6\" stroke=\"black\" stroke-width=\"1.9\" stroke-linecap=\"round\" stroke-linejoin=\"round\"\/>\n<path d=\"M40.5 27V39H7.5V27\" stroke=\"black\" stroke-width=\"1.9\" stroke-linecap=\"round\" stroke-linejoin=\"round\"\/>\n<path d=\"M31.5 19.5L24 27L16.5 19.5\" stroke=\"black\" stroke-width=\"1.9\" stroke-linecap=\"round\" stroke-linejoin=\"round\"\/>\n<\/g>\n<defs>\n<clipPath id=\"clip0_2411_2263\">\n<rect width=\"48\" height=\"48\" fill=\"white\"\/>\n<\/clipPath>\n<\/defs>\n<\/svg>\n<\/span>\n      <\/span>\n      <\/a>\n          <\/div>\n                  <div class=\"hero-simple__download\">\n            <p data-inview>Anno 2022<\/p>\n            \n\n  <a\n    class=\"base-button -tertiary -dark\"\n    href=\"\/app\/uploads\/2026\/01\/risultati_bilancio_anno_2022_1209.pdf\"\n    target=\"_blank\"\n    >\n        <span class=\"base-button__label\">Scarica <\/span>\n          <span class=\"base-button__icon\">\n          \n  <span class=\"base-icon\"><svg width=\"48\" height=\"48\" viewBox=\"0 0 48 48\" fill=\"none\" xmlns=\"http:\/\/www.w3.org\/2000\/svg\">\n<g clip-path=\"url(#clip0_2411_2263)\">\n<path d=\"M24 27V6\" stroke=\"black\" stroke-width=\"1.9\" stroke-linecap=\"round\" stroke-linejoin=\"round\"\/>\n<path d=\"M40.5 27V39H7.5V27\" stroke=\"black\" stroke-width=\"1.9\" stroke-linecap=\"round\" stroke-linejoin=\"round\"\/>\n<path d=\"M31.5 19.5L24 27L16.5 19.5\" stroke=\"black\" stroke-width=\"1.9\" stroke-linecap=\"round\" stroke-linejoin=\"round\"\/>\n<\/g>\n<defs>\n<clipPath id=\"clip0_2411_2263\">\n<rect width=\"48\" height=\"48\" fill=\"white\"\/>\n<\/clipPath>\n<\/defs>\n<\/svg>\n<\/span>\n      <\/span>\n      <\/a>\n          <\/div>\n                  <div class=\"hero-simple__download\">\n            <p data-inview>Anno 2021<\/p>\n            \n\n  <a\n    class=\"base-button -tertiary -dark\"\n    href=\"\/app\/uploads\/2026\/01\/de_rigo_spa_relazione_sulla_gesione_bilancio_esercizio_e_consolidato_31_12_2021_592.pdf\"\n    target=\"_blank\"\n    >\n        <span class=\"base-button__label\">Scarica<\/span>\n          <span class=\"base-button__icon\">\n          \n  <span class=\"base-icon\"><svg width=\"48\" height=\"48\" viewBox=\"0 0 48 48\" fill=\"none\" xmlns=\"http:\/\/www.w3.org\/2000\/svg\">\n<g clip-path=\"url(#clip0_2411_2263)\">\n<path d=\"M24 27V6\" stroke=\"black\" stroke-width=\"1.9\" stroke-linecap=\"round\" stroke-linejoin=\"round\"\/>\n<path d=\"M40.5 27V39H7.5V27\" stroke=\"black\" stroke-width=\"1.9\" stroke-linecap=\"round\" stroke-linejoin=\"round\"\/>\n<path d=\"M31.5 19.5L24 27L16.5 19.5\" stroke=\"black\" stroke-width=\"1.9\" stroke-linecap=\"round\" stroke-linejoin=\"round\"\/>\n<\/g>\n<defs>\n<clipPath id=\"clip0_2411_2263\">\n<rect width=\"48\" height=\"48\" fill=\"white\"\/>\n<\/clipPath>\n<\/defs>\n<\/svg>\n<\/span>\n      <\/span>\n      <\/a>\n          <\/div>\n                  <div class=\"hero-simple__download\">\n            <p data-inview>Anno 2020<\/p>\n            \n\n  <a\n    class=\"base-button -tertiary -dark\"\n    href=\"\/app\/uploads\/2026\/01\/dr-spa_relazione-sulla-gestione-bilancio-esercizio-e-consolidato_2020_418.pdf\"\n    target=\"_blank\"\n    >\n        <span class=\"base-button__label\">Scarica<\/span>\n          <span class=\"base-button__icon\">\n          \n  <span class=\"base-icon\"><svg width=\"48\" height=\"48\" viewBox=\"0 0 48 48\" fill=\"none\" xmlns=\"http:\/\/www.w3.org\/2000\/svg\">\n<g clip-path=\"url(#clip0_2411_2263)\">\n<path d=\"M24 27V6\" stroke=\"black\" stroke-width=\"1.9\" stroke-linecap=\"round\" stroke-linejoin=\"round\"\/>\n<path d=\"M40.5 27V39H7.5V27\" stroke=\"black\" stroke-width=\"1.9\" stroke-linecap=\"round\" stroke-linejoin=\"round\"\/>\n<path d=\"M31.5 19.5L24 27L16.5 19.5\" stroke=\"black\" stroke-width=\"1.9\" stroke-linecap=\"round\" stroke-linejoin=\"round\"\/>\n<\/g>\n<defs>\n<clipPath id=\"clip0_2411_2263\">\n<rect width=\"48\" height=\"48\" fill=\"white\"\/>\n<\/clipPath>\n<\/defs>\n<\/svg>\n<\/span>\n      <\/span>\n      <\/a>\n          <\/div>\n                  <div class=\"hero-simple__download\">\n            <p data-inview>Anno 2019<\/p>\n            \n\n  <a\n    class=\"base-button -tertiary -dark\"\n    href=\"\/app\/uploads\/2026\/01\/dr-spa_relazione-sulla-gestione-bilancio-esercizio-e-consolidato_2019_419.pdf\"\n    target=\"_blank\"\n    >\n        <span class=\"base-button__label\">Scarica<\/span>\n          <span class=\"base-button__icon\">\n          \n  <span class=\"base-icon\"><svg width=\"48\" height=\"48\" viewBox=\"0 0 48 48\" fill=\"none\" xmlns=\"http:\/\/www.w3.org\/2000\/svg\">\n<g clip-path=\"url(#clip0_2411_2263)\">\n<path d=\"M24 27V6\" stroke=\"black\" stroke-width=\"1.9\" stroke-linecap=\"round\" stroke-linejoin=\"round\"\/>\n<path d=\"M40.5 27V39H7.5V27\" stroke=\"black\" stroke-width=\"1.9\" stroke-linecap=\"round\" stroke-linejoin=\"round\"\/>\n<path d=\"M31.5 19.5L24 27L16.5 19.5\" stroke=\"black\" stroke-width=\"1.9\" stroke-linecap=\"round\" stroke-linejoin=\"round\"\/>\n<\/g>\n<defs>\n<clipPath id=\"clip0_2411_2263\">\n<rect width=\"48\" height=\"48\" fill=\"white\"\/>\n<\/clipPath>\n<\/defs>\n<\/svg>\n<\/span>\n      <\/span>\n      <\/a>\n          <\/div>\n              <\/div>\n      <\/div>\n<\/section>\n\n\n<div id=\"contact-form\" class=\"contact-form\" x-data=\"contactForm\">\n  <div class=\"contact-form__container\">\n    <h2>Entriamo in contatto<\/h6>\n          \n<div class=\"wpcf7 no-js\" id=\"wpcf7-f9-o1\" lang=\"it-IT\" dir=\"ltr\" data-wpcf7-id=\"9\">\n<div class=\"screen-reader-response\"><p role=\"status\" aria-live=\"polite\" aria-atomic=\"true\"><\/p> <ul><\/ul><\/div>\n<form action=\"\/it\/wp-json\/wp\/v2\/pages\/32#wpcf7-f9-o1\" method=\"post\" class=\"wpcf7-form init\" aria-label=\"Contact form\" novalidate=\"novalidate\" data-status=\"init\">\n<fieldset class=\"hidden-fields-container\"><input type=\"hidden\" name=\"_wpcf7\" value=\"9\" \/><input type=\"hidden\" name=\"_wpcf7_version\" value=\"6.1.5\" \/><input type=\"hidden\" name=\"_wpcf7_locale\" value=\"it_IT\" \/><input type=\"hidden\" name=\"_wpcf7_unit_tag\" value=\"wpcf7-f9-o1\" \/><input type=\"hidden\" name=\"_wpcf7_container_post\" value=\"0\" \/><input type=\"hidden\" name=\"_wpcf7_posted_data_hash\" value=\"\" \/><input type=\"hidden\" name=\"_wpcf7_recaptcha_response\" value=\"\" \/>\n<\/fieldset>\n<div class=\"cf-grid\">\n\t<div class=\"cf-field\">\n\t\t<p><label class=\"cf-field-label\"> Nome* <\/label><br \/>\n<span class=\"wpcf7-form-control-wrap\" data-name=\"your-name\"><input size=\"40\" maxlength=\"400\" class=\"wpcf7-form-control wpcf7-text wpcf7-validates-as-required\" aria-required=\"true\" aria-invalid=\"false\" placeholder=\"Il tuo nome\" value=\"\" type=\"text\" name=\"your-name\" \/><\/span>\n\t\t<\/p>\n\t<\/div>\n\t<div class=\"cf-field\">\n\t\t<p><label class=\"cf-field-label\"> Cognome* <\/label><br \/>\n<span class=\"wpcf7-form-control-wrap\" data-name=\"your-surname\"><input size=\"40\" maxlength=\"400\" class=\"wpcf7-form-control wpcf7-text wpcf7-validates-as-required\" aria-required=\"true\" aria-invalid=\"false\" placeholder=\"Il tuo cognome\" value=\"\" type=\"text\" name=\"your-surname\" \/><\/span>\n\t\t<\/p>\n\t<\/div>\n\t<div class=\"cf-field\">\n\t\t<p><label class=\"cf-field-label\"> Azienda* <\/label><br \/>\n<span class=\"wpcf7-form-control-wrap\" data-name=\"your-company\"><input size=\"40\" maxlength=\"400\" class=\"wpcf7-form-control wpcf7-text wpcf7-validates-as-required\" aria-required=\"true\" aria-invalid=\"false\" placeholder=\"La tua azienda\" value=\"\" type=\"text\" name=\"your-company\" \/><\/span>\n\t\t<\/p>\n\t<\/div>\n\t<div class=\"cf-field\">\n\t\t<p><label class=\"cf-field-label\"> Email* <\/label><br \/>\n<span class=\"wpcf7-form-control-wrap\" data-name=\"your-email\"><input size=\"40\" maxlength=\"400\" class=\"wpcf7-form-control wpcf7-email wpcf7-validates-as-required wpcf7-text wpcf7-validates-as-email\" aria-required=\"true\" aria-invalid=\"false\" placeholder=\"Il tuo indirizzo email\" value=\"\" type=\"email\" name=\"your-email\" \/><\/span>\n\t\t<\/p>\n\t<\/div>\n\t<div class=\"cf-field\">\n\t\t<p><label class=\"cf-field-label\"> Citt\u00e0* <\/label><br \/>\n<span class=\"wpcf7-form-control-wrap\" data-name=\"your-city\"><input size=\"40\" maxlength=\"400\" class=\"wpcf7-form-control wpcf7-text wpcf7-validates-as-required\" aria-required=\"true\" aria-invalid=\"false\" placeholder=\"La tua citt\u00e0\" value=\"\" type=\"text\" name=\"your-city\" \/><\/span>\n\t\t<\/p>\n\t<\/div>\n\t<div class=\"cf-field\">\n\t\t<p><label class=\"cf-field-label\"> Nazione* <\/label><br \/>\n<span class=\"wpcf7-form-control-wrap\" data-name=\"your-country\"><input size=\"40\" maxlength=\"400\" class=\"wpcf7-form-control wpcf7-text wpcf7-validates-as-required\" aria-required=\"true\" aria-invalid=\"false\" placeholder=\"La tua nazione\" value=\"\" type=\"text\" name=\"your-country\" \/><\/span>\n\t\t<\/p>\n\t<\/div>\n\t<div class=\"cf-field -colspan-2\">\n\t\t<p><label class=\"cf-field-label\"> Seleziona il tipo di contatto* <\/label><br \/>\n<span class=\"wpcf7-form-control-wrap\" data-name=\"your-type\"><span class=\"wpcf7-form-control wpcf7-radio derigo-type\"><span class=\"wpcf7-list-item first\"><label><input type=\"radio\" name=\"your-type\" value=\"Collaborazioni commerciali\" \/><span class=\"wpcf7-list-item-label\">Collaborazioni commerciali<\/span><\/label><\/span><span class=\"wpcf7-list-item\"><label><input type=\"radio\" name=\"your-type\" value=\"Marketing\" \/><span class=\"wpcf7-list-item-label\">Marketing<\/span><\/label><\/span><span class=\"wpcf7-list-item\"><label><input type=\"radio\" name=\"your-type\" value=\"Assistenza tecnica\" \/><span class=\"wpcf7-list-item-label\">Assistenza tecnica<\/span><\/label><\/span><span class=\"wpcf7-list-item\"><label><input type=\"radio\" name=\"your-type\" value=\"Informazioni sui prodotti\" \/><span class=\"wpcf7-list-item-label\">Informazioni sui prodotti<\/span><\/label><\/span><span class=\"wpcf7-list-item last\"><label><input type=\"radio\" name=\"your-type\" value=\"Lavora con noi\" \/><span class=\"wpcf7-list-item-label\">Lavora con noi<\/span><\/label><\/span><\/span><\/span>\n\t\t<\/p>\n\t<\/div>\n\t<div class=\"cf-field -colspan-2\">\n\t\t<p><label class=\"cf-field-label\"> Messaggio* <\/label><br \/>\n<span class=\"wpcf7-form-control-wrap\" data-name=\"your-message\"><textarea cols=\"40\" rows=\"10\" maxlength=\"2000\" class=\"wpcf7-form-control wpcf7-textarea wpcf7-validates-as-required\" aria-required=\"true\" aria-invalid=\"false\" placeholder=\"Il tuo messaggio...\" name=\"your-message\"><\/textarea><\/span>\n\t\t<\/p>\n\t<\/div>\n<\/div>\n<div class=\"cf-row-submit\">\n\t<div class=\"cf-acceptance\">\n\t\t<p><label><span class=\"wpcf7-form-control-wrap\" data-name=\"gdpr\"><span class=\"wpcf7-form-control wpcf7-acceptance\"><span class=\"wpcf7-list-item\"><label><input type=\"checkbox\" name=\"gdpr\" value=\"1\" aria-invalid=\"false\" \/><span class=\"wpcf7-list-item-label\">Autorizzo al trattamento dei miei dati personali &#8211; <a href=\"\/it\/privacy-policy\/\" target=\"_blank\">privacy policy<\/a><\/span><\/label><\/span><\/span><\/span><\/label>\n\t\t<\/p>\n\t\t<p> *campi obbligatori\n\t\t<\/p>\n\t<\/div>\n\t<div class=\"cf-submit\">\n\t\t<div class=\"\n    base-button\n    -dark\n    -icon\n    -primary\n    \n  \">\n\t\t\t<p><button type=\"submit\" class=\"base-button__wrapper\"><br \/>\n<span class=\"base-button__icon\"><br \/>\n<span class=\"base-icon\"><svg width=\"24\" height=\"24\" viewBox=\"0 0 24 24\" fill=\"none\" xmlns=\"http:\/\/www.w3.org\/2000\/svg\">\n<path d=\"M4.63379 12H19.6338M19.6338 12L13.6338 6M19.6338 12L13.6338 18\" stroke=\"currentColor\" stroke-linecap=\"round\" stroke-linejoin=\"round\"><\/path>\n<\/svg><\/span><\/span><br \/>\n<span class=\"base-button__label\">Invia<\/span><br \/>\n<span class=\"base-button__icon\"><br \/>\n<span class=\"base-icon\"><svg width=\"24\" height=\"24\" viewBox=\"0 0 24 24\" fill=\"none\" xmlns=\"http:\/\/www.w3.org\/2000\/svg\">\n<path d=\"M4.63379 12H19.6338M19.6338 12L13.6338 6M19.6338 12L13.6338 18\" stroke=\"currentColor\" stroke-linecap=\"round\" stroke-linejoin=\"round\"><\/path>\n<\/svg><\/span><\/span><br \/>\n<\/button>\n\t\t\t<\/p>\n\t\t<\/div>\n\t<\/div>\n<\/div>\n<div class=\"wpcf7-response-output\" aria-hidden=\"true\"><\/div>\n<\/form>\n<\/div>\n\n      <\/div>\n<\/div>\n","protected":false},"excerpt":{"rendered":"","protected":false},"author":1,"featured_media":0,"parent":0,"menu_order":9,"comment_status":"closed","ping_status":"closed","template":"","meta":{"_acf_changed":false,"footnotes":""},"class_list":["post-32","page","type-page","status-publish","hentry"],"acf":[],"yoast_head":"<!-- This site is optimized with the Yoast SEO plugin v27.0 - https:\/\/yoast.com\/product\/yoast-seo-wordpress\/ -->\n<title>Investitori e Partner | De Rigo<\/title>\n<meta name=\"description\" content=\"Accompagniamo i partner con un approccio solido, innovativo e aperto al futuro. De Rigo \u00e8 sinonimo di affidabilit\u00e0, qualit\u00e0 e visione.\" \/>\n<meta name=\"robots\" content=\"noindex, follow, max-snippet:-1, max-image-preview:large, max-video-preview:-1\" \/>\n<!-- \/ Yoast SEO plugin. -->","yoast_head_json":{"title":"Investitori e Partner | De Rigo","description":"Accompagniamo i partner con un approccio solido, innovativo e aperto al futuro. De Rigo \u00e8 sinonimo di affidabilit\u00e0, qualit\u00e0 e visione.","robots":{"index":"noindex","follow":"follow","max-snippet":"max-snippet:-1","max-image-preview":"max-image-preview:large","max-video-preview":"max-video-preview:-1"},"schema":{"@context":"https:\/\/schema.org","@graph":[{"@type":"WebPage","@id":"https:\/\/staging.de-rigo.we-dev.it\/it\/investitori-e-partner\/","url":"https:\/\/staging.de-rigo.we-dev.it\/it\/investitori-e-partner\/","name":"Investitori e Partner | De Rigo","isPartOf":{"@id":"https:\/\/staging.de-rigo.we-dev.it\/it\/#website"},"datePublished":"2025-11-24T13:02:40+00:00","dateModified":"2026-01-27T11:55:38+00:00","description":"Accompagniamo i partner con un approccio solido, innovativo e aperto al futuro. De Rigo \u00e8 sinonimo di affidabilit\u00e0, qualit\u00e0 e visione.","breadcrumb":{"@id":"https:\/\/staging.de-rigo.we-dev.it\/it\/investitori-e-partner\/#breadcrumb"},"inLanguage":"it-IT","potentialAction":[{"@type":"ReadAction","target":["https:\/\/staging.de-rigo.we-dev.it\/it\/investitori-e-partner\/"]}]},{"@type":"BreadcrumbList","@id":"https:\/\/staging.de-rigo.we-dev.it\/it\/investitori-e-partner\/#breadcrumb","itemListElement":[{"@type":"ListItem","position":1,"name":"Home","item":"https:\/\/staging.de-rigo.we-dev.it\/it\/"},{"@type":"ListItem","position":2,"name":"Investitori e Partner"}]},{"@type":"WebSite","@id":"https:\/\/staging.de-rigo.we-dev.it\/it\/#website","url":"https:\/\/staging.de-rigo.we-dev.it\/it\/","name":"De Rigo","description":"","publisher":{"@id":"https:\/\/staging.de-rigo.we-dev.it\/it\/#organization"},"potentialAction":[{"@type":"SearchAction","target":{"@type":"EntryPoint","urlTemplate":"https:\/\/staging.de-rigo.we-dev.it\/it\/?s={search_term_string}"},"query-input":{"@type":"PropertyValueSpecification","valueRequired":true,"valueName":"search_term_string"}}],"inLanguage":"it-IT"},{"@type":"Organization","@id":"https:\/\/staging.de-rigo.we-dev.it\/it\/#organization","name":"De Rigo","url":"https:\/\/staging.de-rigo.we-dev.it\/it\/","logo":{"@type":"ImageObject","inLanguage":"it-IT","@id":"https:\/\/staging.de-rigo.we-dev.it\/it\/#\/schema\/logo\/image\/","url":"https:\/\/staging.de-rigo.we-dev.it\/app\/uploads\/2026\/01\/Timeline-38.jpg","contentUrl":"https:\/\/staging.de-rigo.we-dev.it\/app\/uploads\/2026\/01\/Timeline-38.jpg","width":"618","height":"788","caption":"De Rigo"},"image":{"@id":"https:\/\/staging.de-rigo.we-dev.it\/it\/#\/schema\/logo\/image\/"}}]}},"_links":{"self":[{"href":"https:\/\/staging.de-rigo.we-dev.it\/it\/wp-json\/wp\/v2\/pages\/32","targetHints":{"allow":["GET"]}}],"collection":[{"href":"https:\/\/staging.de-rigo.we-dev.it\/it\/wp-json\/wp\/v2\/pages"}],"about":[{"href":"https:\/\/staging.de-rigo.we-dev.it\/it\/wp-json\/wp\/v2\/types\/page"}],"author":[{"embeddable":true,"href":"https:\/\/staging.de-rigo.we-dev.it\/it\/wp-json\/wp\/v2\/users\/1"}],"replies":[{"embeddable":true,"href":"https:\/\/staging.de-rigo.we-dev.it\/it\/wp-json\/wp\/v2\/comments?post=32"}],"version-history":[{"count":3,"href":"https:\/\/staging.de-rigo.we-dev.it\/it\/wp-json\/wp\/v2\/pages\/32\/revisions"}],"predecessor-version":[{"id":2264,"href":"https:\/\/staging.de-rigo.we-dev.it\/it\/wp-json\/wp\/v2\/pages\/32\/revisions\/2264"}],"wp:attachment":[{"href":"https:\/\/staging.de-rigo.we-dev.it\/it\/wp-json\/wp\/v2\/media?parent=32"}],"curies":[{"name":"wp","href":"https:\/\/api.w.org\/{rel}","templated":true}]}}