{"id":887,"date":"2026-01-14T17:17:12","date_gmt":"2026-01-14T16:17:12","guid":{"rendered":"https:\/\/staging.de-rigo.we-dev.it\/?page_id=887"},"modified":"2026-01-27T12:45:40","modified_gmt":"2026-01-27T11:45:40","slug":"privacy-policy","status":"publish","type":"page","link":"https:\/\/staging.de-rigo.we-dev.it\/it\/privacy-policy\/","title":{"rendered":"Privacy Policy"},"content":{"rendered":"<section class=\"privacy-policy\">\n  <h1>Privacy Policy<\/h1>\n  <h2>Informazioni sulla \u201cPrivacy Policy\u201d di questo sito<\/h2>\n  <p>In conformit\u00e0 con il Regolamento Europeo Generale sulla Protezione dei dati personali UE 679\/2016 (GDPR), mediante la presente informativa De Rigo Vision S.p.A. (di seguito anche \u201cDe Rigo\u201d) spiega ai visitatori del sito internet le finalit\u00e0 e le modalit\u00e0 di trattamento dei dati personalinonch\u00e9 le indicazioni su come esercitare i diritti privacy. Utilizzando i nostri servizi l\u2019utente accetta che De Rigo tratti i suoi dati personali come descritto in questa informativa.<\/p>\n  <h2>Chi Siamo<\/h2>\n  <p>Nata nel 1978 per iniziativa dei fratelli Ennio e Walter De Rigo come una piccola realt\u00e0 artigianale del Bellunese, oggi De Rigo \u00e8 tra i\nleader mondiali nel design, nella produzione e nella distribuzione di occhiali high-end di alta qualit\u00e0, e tra i pi\u00f9 importanti retailer nel campo dell\u2019ottica internazionale. I prodotti del Gruppo sono distribuiti in circa 80 nazioni del mondo, avvalendosi di 16 filiali commerciali, 4 divisioni retail e oltre 100 distributori indipendenti. La presente informativa privacy \u00e8 valida per tutti i visitatori del sito internet <a target='_blank' href='https:\/\/www.derigo.com'>www.derigo.com<\/a>, nell\u2019ambito dei dati personali che da questi ultimi sono forniti a De Rigo.\nNell\u2019ambito del trattamento dei dati personali, il Titolare del trattamento \u00e8 De Vision Rigo S.p.A. con sede legale in Z.I. Villanova, 12 32013 Longarone (BL) \u2013 P.IVA IT01001050259, nella persona del suo legale rappresentante. Nel caso in cui l\u2019interessato avesse richieste riguardanti la presente privacy policy o, pi\u00f9 in generale, le modalit\u00e0 di trattamento dei propri dati personali pu\u00f2 contattare il Titolare all\u2019indirizzo <a href='mailto:privacy@derigo.com'>privacy@derigo.com<\/a><\/p>\n  <h2>Quali dati trattiamo e perch\u00e9 lo facciamo<\/h2>\n  <p>Alla luce dei servizi offerti, le finalit\u00e0 per cui De Rigo tratter\u00e0 i dati personali degli utenti sono:<\/p>\n  <ol>\n    <li>gestire le attivit\u00e0 di back office per dare riscontro alle richieste che provengono dagli utenti (richieste, supporto, claim, ecc);<\/li>\n    <li>pubblicizzare i prodotti e il brand gestito dall\u2019azienda;<\/li>\n    <li>migliorare la qualit\u00e0 dei prodotti e dei servizi forniti da De Rigo.<\/li>\n  <\/ol>\n  <p>Per quanto relativo ai trattamenti con finalit\u00e0 di marketing verso i visitatori del Sito, sar\u00e0 richiesto agli interessati di fornire esplicito\nconsenso. Per quanto relativo alle restanti finalit\u00e0 del trattamento, De Rigo effettua il trattamento basandosi sugli interessi legittimi di gestire le richieste indirizzategli e eseguire analisi sugli strumenti web offerti. Considerate le finalit\u00e0 sopra descritte, De Rigo tratter\u00e0 le seguenti tipologie di dati personali:<\/p>\n  <ol>\n    <li>dati personali comuni, come ad esempio i dati anagrafici, l\u2019indirizzo di residenza, i contatti telefonici e l\u2019indirizzo e-mail;<\/li>\n    <li>dati di navigazione, conosciuti anche come cookies, quali ad esempio l\u2019indirizzo IP da cui l\u2019utente si connette ad internet, i suoi dati di login, la tipologia di browser che utilizza oppure i quesiti delle ricerche online sul nostro Sito internet.<\/li>\n  <\/ol>\n  <p>I dati personali vengono raccolti su base facoltativa o su base obbligatoria. Se \u00e8 obbligatorio fornire dati personali, questi sono\ncontrassegnati di conseguenza. Nel caso in cui un interessato neghi di fornire i dati personali che De Rigo ha segnalato come obbligatori, non saremo in grado di dare seguito alle sue richieste.<\/p>\n  <h2>Come utilizziamo i tuoi dati<\/h2>\n  <p>De Rigo raccoglie e archivia sia in formato digitale che in formato cartaceo i tuoi dati personali al fine di raggiungere le finalit\u00e0 per le quali necessita il loro trattamento. In ogni caso la Societ\u00e0 applicher\u00e0 le pi\u00f9 opportune misure di sicurezza tecniche e organizzative per proteggere tali dati. Tali dati sono maneggiati da operatori opportunamente formati per svolgere tali attivit\u00e0.<\/p>\n  <h2>Come condividiamo i tuoi dati<\/h2>\n  <p>Per il raggiungimento delle finalit\u00e0 sopra riportate i tuoi dati personali potranno essere trasmessi da De Rigo a terze parti, siano esse Titolari Autonome o Responsabili Esterne del trattamento. Le categorie di terze parti che potrebbero essere coinvolte nelle attivit\u00e0 di trattamento sono:<\/p>\n  <ol>\n    <li>fornitori di servizi IT a cui ci appoggiamo;<\/li>\n    <li>agenzie o fornitori di servizi che supportano De Rigo nelle attivit\u00e0 di marketing;<\/li>\n    <li>la nostra rete commerciale o altre societ\u00e0 del Gruppo, se funzionale per l\u2019evasione delle tue richieste.<\/li>\n  <\/ol>\n  <p>Nel caso in cui le terze parti agissero in qualit\u00e0 di Responsabili esterni del trattamento, sar\u00e0 cura di De Rigo, assicurarsi che questi soggetti trattino i tuoi dati in maniera adeguata e sicura, in funzione dello specifico trattamento. Per garantire che questo avvenga, De Rigo si assicurer\u00e0 che la terza parte presenti misure adeguate al trattamento e fornir\u00e0 a quest\u2019ultima precise istruzioni, vigilando infine sul suo operato.<\/p>\n  <br><br>\n  <p>Nell\u2019ambito delle finalit\u00e0 sopra descritte De Rigo pu\u00f2 trasmettere i dati personali raccolti a fornitori con sede in paesi non UE; in ogni caso la Societ\u00e0 si impegna ad assicurare un adeguato livello di protezione fissando garanzie appropriate nel rispetto del Regolamento Europeo della Privacy (GDPR \u2013 UE 679\/2016).<\/p>\n  <br><br>\n  <p>I nostri obblighi ed i tuoi diritti<\/p>\n  <br><br>\n  <p>I NOSTRI OBBIGHI \u2013 I dati da te forniti o raccolti presso fonti terze saranno conservati nei nostri archivi nella misura necessaria e solo con lo scopo di perseguire le finalit\u00e0 sopra descritte. Per essere sicuri di trattare i tuoi dati personali in modo conforme alle tue volont\u00e0, in ogni messaggio commerciale ti daremo la possibilit\u00e0 di esprimere agevolmente il desiderio di non ricevere ulteriori nostre comunicazioni.<\/p>\n  <br><br>\n  <p>I TUOI DIRITTI \u2013 Contattandoci all\u2019indirizzo <a href='mailto:privacy@derigo.com'>privacy@derigo.com<\/a> potrai:<\/p>\n    <ol>\n    <li>cancellare i dati personali che ti riguardano (ad es. se non hai pi\u00f9 bisogno dei nostri Servizi);<\/li>\n    <li>modificare o correggere i tuoi dati, soprattutto se non sono accurati;<\/li>\n    <li>limitare l\u2019uso dei tuoi dati personali;<\/li>\n    <li>far trasferire i tuoi dati personali in un formato leggibile, ovvero chiederci di smettere di usare la totalit\u00e0 o parte di essi;<\/li>\n  <\/ol>\n  <p>Se riterrai che i tuoi diritti non siano stati rispettati, potrai proporre reclamo all\u2019Autorit\u00e0 competente secondo le indicazioni pubblicate sul suo sito <a target='_blank' href='https:\/\/www.garanteprivacy.it'>www.garanteprivacy.it<\/a><\/p>\n<\/section>\n","protected":false},"excerpt":{"rendered":"","protected":false},"author":1,"featured_media":0,"parent":0,"menu_order":0,"comment_status":"closed","ping_status":"closed","template":"","meta":{"_acf_changed":false,"footnotes":""},"class_list":["post-887","page","type-page","status-publish","hentry"],"acf":[],"yoast_head":"<!-- This site is optimized with the Yoast SEO plugin v27.0 - https:\/\/yoast.com\/product\/yoast-seo-wordpress\/ -->\n<title>Privacy Policy | De Rigo<\/title>\n<meta name=\"description\" content=\"Spieghiamo le finalit\u00e0 e le modalit\u00e0 di trattamento dei dati personali nonch\u00e9 le indicazioni su come esercitare i diritti privacy.\" \/>\n<meta name=\"robots\" content=\"noindex, follow, max-snippet:-1, max-image-preview:large, max-video-preview:-1\" \/>\n<!-- \/ Yoast SEO plugin. -->","yoast_head_json":{"title":"Privacy Policy | De Rigo","description":"Spieghiamo le finalit\u00e0 e le modalit\u00e0 di trattamento dei dati personali nonch\u00e9 le indicazioni su come esercitare i diritti privacy.","robots":{"index":"noindex","follow":"follow","max-snippet":"max-snippet:-1","max-image-preview":"max-image-preview:large","max-video-preview":"max-video-preview:-1"},"schema":{"@context":"https:\/\/schema.org","@graph":[{"@type":"WebPage","@id":"https:\/\/staging.de-rigo.we-dev.it\/it\/privacy-policy\/","url":"https:\/\/staging.de-rigo.we-dev.it\/it\/privacy-policy\/","name":"Privacy Policy | De Rigo","isPartOf":{"@id":"https:\/\/staging.de-rigo.we-dev.it\/it\/#website"},"datePublished":"2026-01-14T16:17:12+00:00","dateModified":"2026-01-27T11:45:40+00:00","description":"Spieghiamo le finalit\u00e0 e le modalit\u00e0 di trattamento dei dati personali nonch\u00e9 le indicazioni su come esercitare i diritti privacy.","breadcrumb":{"@id":"https:\/\/staging.de-rigo.we-dev.it\/it\/privacy-policy\/#breadcrumb"},"inLanguage":"it-IT","potentialAction":[{"@type":"ReadAction","target":["https:\/\/staging.de-rigo.we-dev.it\/it\/privacy-policy\/"]}]},{"@type":"BreadcrumbList","@id":"https:\/\/staging.de-rigo.we-dev.it\/it\/privacy-policy\/#breadcrumb","itemListElement":[{"@type":"ListItem","position":1,"name":"Home","item":"https:\/\/staging.de-rigo.we-dev.it\/it\/"},{"@type":"ListItem","position":2,"name":"Privacy Policy"}]},{"@type":"WebSite","@id":"https:\/\/staging.de-rigo.we-dev.it\/it\/#website","url":"https:\/\/staging.de-rigo.we-dev.it\/it\/","name":"De Rigo","description":"","publisher":{"@id":"https:\/\/staging.de-rigo.we-dev.it\/it\/#organization"},"potentialAction":[{"@type":"SearchAction","target":{"@type":"EntryPoint","urlTemplate":"https:\/\/staging.de-rigo.we-dev.it\/it\/?s={search_term_string}"},"query-input":{"@type":"PropertyValueSpecification","valueRequired":true,"valueName":"search_term_string"}}],"inLanguage":"it-IT"},{"@type":"Organization","@id":"https:\/\/staging.de-rigo.we-dev.it\/it\/#organization","name":"De Rigo","url":"https:\/\/staging.de-rigo.we-dev.it\/it\/","logo":{"@type":"ImageObject","inLanguage":"it-IT","@id":"https:\/\/staging.de-rigo.we-dev.it\/it\/#\/schema\/logo\/image\/","url":"https:\/\/staging.de-rigo.we-dev.it\/app\/uploads\/2026\/01\/Timeline-38.jpg","contentUrl":"https:\/\/staging.de-rigo.we-dev.it\/app\/uploads\/2026\/01\/Timeline-38.jpg","width":"618","height":"788","caption":"De Rigo"},"image":{"@id":"https:\/\/staging.de-rigo.we-dev.it\/it\/#\/schema\/logo\/image\/"}}]}},"_links":{"self":[{"href":"https:\/\/staging.de-rigo.we-dev.it\/it\/wp-json\/wp\/v2\/pages\/887","targetHints":{"allow":["GET"]}}],"collection":[{"href":"https:\/\/staging.de-rigo.we-dev.it\/it\/wp-json\/wp\/v2\/pages"}],"about":[{"href":"https:\/\/staging.de-rigo.we-dev.it\/it\/wp-json\/wp\/v2\/types\/page"}],"author":[{"embeddable":true,"href":"https:\/\/staging.de-rigo.we-dev.it\/it\/wp-json\/wp\/v2\/users\/1"}],"replies":[{"embeddable":true,"href":"https:\/\/staging.de-rigo.we-dev.it\/it\/wp-json\/wp\/v2\/comments?post=887"}],"version-history":[{"count":1,"href":"https:\/\/staging.de-rigo.we-dev.it\/it\/wp-json\/wp\/v2\/pages\/887\/revisions"}],"predecessor-version":[{"id":888,"href":"https:\/\/staging.de-rigo.we-dev.it\/it\/wp-json\/wp\/v2\/pages\/887\/revisions\/888"}],"wp:attachment":[{"href":"https:\/\/staging.de-rigo.we-dev.it\/it\/wp-json\/wp\/v2\/media?parent=887"}],"curies":[{"name":"wp","href":"https:\/\/api.w.org\/{rel}","templated":true}]}}